{"id":118,"date":"2025-07-21T23:30:03","date_gmt":"2025-07-22T02:30:03","guid":{"rendered":"https:\/\/editoraplantasdobrasil.com.br\/fitossociologia-no-excel\/?page_id=118"},"modified":"2025-07-25T20:07:49","modified_gmt":"2025-07-25T23:07:49","slug":"introducao","status":"publish","type":"page","link":"https:\/\/editoraplantasdobrasil.com.br\/fitossociologia-no-excel\/introducao\/","title":{"rendered":"Introdu\u00e7\u00e3o"},"content":{"rendered":"<p><iframe loading=\"lazy\" src=\"https:\/\/www.youtube.com\/embed\/VJf10mWrXAQ?si=-3bSm1QQ4fTB6YUE?autoplay=1&amp;hd=1&amp;showsearch=0&amp;showinfo=0\" width=\"100%\" height=\"400px\" frameborder=\"0\" allowfullscreen=\"allowfullscreen\"><span style=\"display: inline-block; width: 0px; overflow: hidden; line-height: 0;\" data-mce-type=\"bookmark\" class=\"mce_SELRES_start\">\ufeff<\/span><span style=\"display: inline-block; width: 0px; overflow: hidden; line-height: 0;\" data-mce-type=\"bookmark\" class=\"mce_SELRES_start\">\ufeff<\/span><span style=\"display: inline-block; width: 0px; overflow: hidden; line-height: 0;\" data-mce-type=\"bookmark\" class=\"mce_SELRES_start\">\ufeff<\/span><span style=\"display: inline-block; width: 0px; overflow: hidden; line-height: 0;\" data-mce-type=\"bookmark\" class=\"mce_SELRES_start\">\ufeff<\/span><span style=\"display: inline-block; width: 0px; overflow: hidden; line-height: 0;\" data-mce-type=\"bookmark\" class=\"mce_SELRES_start\"><\/span><span style=\"display: inline-block; width: 0px; overflow: hidden; line-height: 0;\" data-mce-type=\"bookmark\" class=\"mce_SELRES_start\"><\/span><\/iframe><\/p>\n<p>&nbsp;<\/p>\n<h4>\ud83d\udc4b Seja bem-vindo(a) ao Curso Online de Fitossociologia no Excel<\/h4>\n<p>&nbsp;<\/p>\n<p><strong data-start=\"181\" data-end=\"287\">Ol\u00e1! Que bom ter voc\u00ea por aqui \u2014 e parab\u00e9ns por dar este passo importante na sua jornada acad\u00eamica ou profissional.<\/strong><\/p>\n<p data-start=\"283\" data-end=\"427\">Voc\u00ea acaba de entrar em um curso feito sob medida para quem deseja dominar os c\u00e1lculos fitossociol\u00f3gicos de forma pr\u00e1tica e com total autonomia.<\/p>\n<p data-start=\"429\" data-end=\"575\">Nada de softwares caros ou processos complicados: aqui, usaremos apenas o Excel \u2014 com f\u00f3rmulas claras, planilhas prontas e foco na aplica\u00e7\u00e3o real.<\/p>\n<p data-start=\"577\" data-end=\"761\">Sabemos que, \u00e0 primeira vista, a fitossociologia pode parecer um desafio. Mas voc\u00ea acaba de adquirir a chave para transformar esse universo t\u00e9cnico em algo acess\u00edvel \u2014 e at\u00e9 lucrativo.<\/p>\n<p data-start=\"763\" data-end=\"914\">Este curso foi cuidadosamente estruturado para te conduzir do dado bruto ao resultado final, pronto para relat\u00f3rios, projetos, artigos ou consultorias.<\/p>\n<p data-start=\"916\" data-end=\"968\">\ud83d\udcca Ao longo das aulas, voc\u00ea vai aprender a calcular:<\/p>\n<ul>\n<li><strong>\u00c1rea Basal<\/strong><\/li>\n<\/ul>\n<ul data-start=\"970\" data-end=\"1079\">\n<li data-start=\"970\" data-end=\"1030\">\n<p data-start=\"972\" data-end=\"1030\"><strong>Densidade, Domin\u00e2ncia e Frequ\u00eancia (absoluta e relativa)<\/strong><\/p>\n<\/li>\n<li data-start=\"1031\" data-end=\"1079\">\n<p data-start=\"1033\" data-end=\"1079\"><strong>\u00cdndice de Valor de Cobertura (IVC) e \u00cdndice de Valor de Import\u00eancia (IVI)<\/strong><\/p>\n<\/li>\n<li><strong>\u00cdndice de Shannon e Equabilidade<\/strong><\/li>\n<\/ul>\n<p data-start=\"1081\" data-end=\"1145\">Tudo isso com explica\u00e7\u00f5es simples, exemplos e material de apoio.<\/p>\n<p data-start=\"1147\" data-end=\"1280\">Voc\u00ea acabou de assistir (ou est\u00e1 prestes a assistir) ao v\u00eddeo de introdu\u00e7\u00e3o, que apresenta a ideia do curso e d\u00e1 instru\u00e7\u00f5es iniciais.<\/p>\n<p data-start=\"1282\" data-end=\"1427\">Prepare-se para uma jornada transformadora, onde seu conhecimento vai se traduzir em crescimento profissional, novos projetos e gera\u00e7\u00e3o de renda.<\/p>\n<p data-start=\"1429\" data-end=\"1691\">E o melhor: voc\u00ea n\u00e3o est\u00e1 sozinho(a).<br data-start=\"1466\" data-end=\"1469\" \/>Logo abaixo de cada v\u00eddeo aula, voc\u00ea encontrar\u00e1 um campo exclusivo para enviar perguntas diretamente para mim. \u00c9 o seu espa\u00e7o para tirar d\u00favidas e contar com meu suporte durante a sua aprendizagem.<\/p>\n<p data-start=\"1693\" data-end=\"1713\">Vamos come\u00e7ar? \ud83c\udf3f\ud83d\udcc8<\/p>\n<p data-start=\"1715\" data-end=\"1789\"><strong data-start=\"1715\" data-end=\"1736\">Daniel Saueressig<\/strong><br data-start=\"1736\" data-end=\"1739\" \/><em data-start=\"1739\" data-end=\"1789\">Engenheiro Florestal \u2014 Projeto Plantas do Brasil<\/em><\/p>\n","protected":false},"excerpt":{"rendered":"<p>\ufeff\ufeff\ufeff\ufeff &nbsp; \ud83d\udc4b Seja bem-vindo(a) ao Curso Online de Fitossociologia no Excel &nbsp; Ol\u00e1! Que bom ter voc\u00ea por aqui \u2014 e parab\u00e9ns por dar este passo importante na sua jornada acad\u00eamica ou profissional. Voc\u00ea acaba de entrar em um curso feito sob medida para quem deseja dominar os c\u00e1lculos fitossociol\u00f3gicos de forma pr\u00e1tica e [&hellip;]<\/p>\n","protected":false},"author":1,"featured_media":0,"parent":0,"menu_order":0,"comment_status":"open","ping_status":"closed","template":"","meta":{"footnotes":""},"class_list":["post-118","page","type-page","status-publish","hentry"],"_links":{"self":[{"href":"https:\/\/editoraplantasdobrasil.com.br\/fitossociologia-no-excel\/wp-json\/wp\/v2\/pages\/118","targetHints":{"allow":["GET"]}}],"collection":[{"href":"https:\/\/editoraplantasdobrasil.com.br\/fitossociologia-no-excel\/wp-json\/wp\/v2\/pages"}],"about":[{"href":"https:\/\/editoraplantasdobrasil.com.br\/fitossociologia-no-excel\/wp-json\/wp\/v2\/types\/page"}],"author":[{"embeddable":true,"href":"https:\/\/editoraplantasdobrasil.com.br\/fitossociologia-no-excel\/wp-json\/wp\/v2\/users\/1"}],"replies":[{"embeddable":true,"href":"https:\/\/editoraplantasdobrasil.com.br\/fitossociologia-no-excel\/wp-json\/wp\/v2\/comments?post=118"}],"version-history":[{"count":18,"href":"https:\/\/editoraplantasdobrasil.com.br\/fitossociologia-no-excel\/wp-json\/wp\/v2\/pages\/118\/revisions"}],"predecessor-version":[{"id":405,"href":"https:\/\/editoraplantasdobrasil.com.br\/fitossociologia-no-excel\/wp-json\/wp\/v2\/pages\/118\/revisions\/405"}],"wp:attachment":[{"href":"https:\/\/editoraplantasdobrasil.com.br\/fitossociologia-no-excel\/wp-json\/wp\/v2\/media?parent=118"}],"curies":[{"name":"wp","href":"https:\/\/api.w.org\/{rel}","templated":true}]}}