{"id":120,"date":"2025-07-21T23:30:14","date_gmt":"2025-07-22T02:30:14","guid":{"rendered":"https:\/\/editoraplantasdobrasil.com.br\/fitossociologia-no-excel\/?page_id=120"},"modified":"2025-07-25T17:47:06","modified_gmt":"2025-07-25T20:47:06","slug":"area-basal","status":"publish","type":"page","link":"https:\/\/editoraplantasdobrasil.com.br\/fitossociologia-no-excel\/area-basal\/","title":{"rendered":"\u00c1rea Basal"},"content":{"rendered":"<p><iframe loading=\"lazy\" src=\"https:\/\/www.youtube.com\/embed\/46lzmMTSShk?si=Lt5RjxFBaexeesUv?autoplay=1&amp;hd=1&amp;showsearch=0&amp;showinfo=0\" width=\"100%\" height=\"400px\" frameborder=\"0\" allowfullscreen=\"allowfullscreen\"><span style=\"display: inline-block; width: 0px; overflow: hidden; line-height: 0;\" data-mce-type=\"bookmark\" class=\"mce_SELRES_start\">\ufeff<\/span><span style=\"display: inline-block; width: 0px; overflow: hidden; line-height: 0;\" data-mce-type=\"bookmark\" class=\"mce_SELRES_start\">\ufeff<\/span><span style=\"display: inline-block; width: 0px; overflow: hidden; line-height: 0;\" data-mce-type=\"bookmark\" class=\"mce_SELRES_start\"><\/span><span style=\"display: inline-block; width: 0px; overflow: hidden; line-height: 0;\" data-mce-type=\"bookmark\" class=\"mce_SELRES_start\"><\/span><\/iframe><\/p>\n<p>&nbsp;<\/p>\n<p>Refere-se \u00e0 \u00e1rea da se\u00e7\u00e3o transversal do tronco de uma \u00e1rvore (geralmente a 1,30 m de altura).<\/p>\n<h3><strong>CAP (Circunfer\u00eancia \u00e0 altura do peito):<\/strong><\/h3>\n<p>Se voc\u00ea tem o <strong>CAP em cent\u00edmetros<\/strong>, pode calcular a \u00e1rea basal individual com esta f\u00f3rmula no Excel:<\/p>\n<pre id=\"formula1\">=(((D2\/100)^2)\/(4*PI()))<\/pre>\n<p><button onclick=\"copiar('formula1')\">Copiar F\u00f3rmula 1<\/button><\/p>\n<p><script>\n  function copiar(id) {\n    var texto = document.getElementById(id).innerText;\n    navigator.clipboard.writeText(texto)\n      .then(function() {\n        alert(\"F\u00f3rmula copiada!\");\n      })\n      .catch(function(err) {\n        alert(\"Erro ao copiar: \" + err);\n      });\n  }\n<\/script><\/p>\n<p>&nbsp;<\/p>\n<p><strong>\u2705<\/strong><strong> Por que ela funciona:<\/strong><\/p>\n<ul>\n<li>D2 = CAP em cent\u00edmetros que est\u00e1 na c\u00e9lula D2<\/li>\n<li>D2\/100 = converte o CAP de cm para metros<\/li>\n<li>Eleva ao quadrado \u2192 isso d\u00e1 a \u00e1rea da circunfer\u00eancia (em m\u00b2)<\/li>\n<li>Divide por 4\u03c0 \u2192 aplica\u00e7\u00e3o direta da f\u00f3rmula da \u00e1rea basal<\/li>\n<\/ul>\n<p>&nbsp;<\/p>\n<p><strong>Formula geral da \u00c1rea Basal (CAP):<\/strong><\/p>\n<p><center><br \/>\n<img decoding=\"async\" class=\"size-medium wp-image-288 aligncenter\" src=\"http:\/\/editoraplantasdobrasil.com.br\/fitossociologia-no-excel\/wp-content\/uploads\/2025\/07\/area_basal-300x94.jpg\" alt=\"\" width=\"300\" srcset=\"https:\/\/editoraplantasdobrasil.com.br\/fitossociologia-no-excel\/wp-content\/uploads\/2025\/07\/area_basal-300x94.jpg 300w, https:\/\/editoraplantasdobrasil.com.br\/fitossociologia-no-excel\/wp-content\/uploads\/2025\/07\/area_basal.jpg 451w\" sizes=\"(max-width: 300px) 100vw, 300px\" \/><\/center><\/p>\n<h3><strong>DAP (Di\u00e2metro \u00e0 altura do peito):<\/strong><\/h3>\n<p>Se voc\u00ea tem o <strong>DAP em cent\u00edmetros<\/strong>, pode calcular a \u00e1rea basal individual com esta f\u00f3rmula no Excel:<\/p>\n<pre id=\"formula2\">=(((D2\/100)^2)*PI()\/4)<\/pre>\n<p><button onclick=\"copiar('formula2')\">Copiar F\u00f3rmula 2<\/button><\/p>\n<p>  <\/script><\/p>\n<p>&nbsp;<\/p>\n<p>\u2705 <strong>Por que ela funciona:<\/strong><\/p>\n<ul>\n<li>D2 = DAP em cent\u00edmetros que est\u00e1 na c\u00e9lula D2<\/li>\n<li>D2\/100 = converte o DAP de cm para metros<\/li>\n<li>Eleva ao quadrado \u2192 isso d\u00e1 a \u00e1rea da circunfer\u00eancia (em m\u00b2)<\/li>\n<li>Multiplica por \u03c0 e divide por 4 \u2192 aplica\u00e7\u00e3o direta da f\u00f3rmula da \u00e1rea basal<\/li>\n<\/ul>\n<p>&nbsp;<\/p>\n<p><strong>Formula geral da \u00c1rea Basal (CAP):<\/strong><\/p>\n<p><center><br \/>\n<img decoding=\"async\" class=\"size-medium wp-image-288 aligncenter\" src=\"http:\/\/editoraplantasdobrasil.com.br\/fitossociologia-no-excel\/wp-content\/uploads\/2025\/07\/area_basal_2.jpg\" alt=\"\" width=\"320\" \/><\/center>\u200b<\/p>\n","protected":false},"excerpt":{"rendered":"<p>\ufeff\ufeff &nbsp; Refere-se \u00e0 \u00e1rea da se\u00e7\u00e3o transversal do tronco de uma \u00e1rvore (geralmente a 1,30 m de altura). CAP (Circunfer\u00eancia \u00e0 altura do peito): Se voc\u00ea tem o CAP em cent\u00edmetros, pode calcular a \u00e1rea basal individual com esta f\u00f3rmula no Excel: =(((D2\/100)^2)\/(4*PI())) Copiar F\u00f3rmula 1 &nbsp; \u2705 Por que ela funciona: D2 = [&hellip;]<\/p>\n","protected":false},"author":1,"featured_media":0,"parent":0,"menu_order":0,"comment_status":"open","ping_status":"closed","template":"","meta":{"footnotes":""},"class_list":["post-120","page","type-page","status-publish","hentry"],"_links":{"self":[{"href":"https:\/\/editoraplantasdobrasil.com.br\/fitossociologia-no-excel\/wp-json\/wp\/v2\/pages\/120","targetHints":{"allow":["GET"]}}],"collection":[{"href":"https:\/\/editoraplantasdobrasil.com.br\/fitossociologia-no-excel\/wp-json\/wp\/v2\/pages"}],"about":[{"href":"https:\/\/editoraplantasdobrasil.com.br\/fitossociologia-no-excel\/wp-json\/wp\/v2\/types\/page"}],"author":[{"embeddable":true,"href":"https:\/\/editoraplantasdobrasil.com.br\/fitossociologia-no-excel\/wp-json\/wp\/v2\/users\/1"}],"replies":[{"embeddable":true,"href":"https:\/\/editoraplantasdobrasil.com.br\/fitossociologia-no-excel\/wp-json\/wp\/v2\/comments?post=120"}],"version-history":[{"count":20,"href":"https:\/\/editoraplantasdobrasil.com.br\/fitossociologia-no-excel\/wp-json\/wp\/v2\/pages\/120\/revisions"}],"predecessor-version":[{"id":330,"href":"https:\/\/editoraplantasdobrasil.com.br\/fitossociologia-no-excel\/wp-json\/wp\/v2\/pages\/120\/revisions\/330"}],"wp:attachment":[{"href":"https:\/\/editoraplantasdobrasil.com.br\/fitossociologia-no-excel\/wp-json\/wp\/v2\/media?parent=120"}],"curies":[{"name":"wp","href":"https:\/\/api.w.org\/{rel}","templated":true}]}}