{"id":122,"date":"2025-07-21T23:30:23","date_gmt":"2025-07-22T02:30:23","guid":{"rendered":"https:\/\/editoraplantasdobrasil.com.br\/fitossociologia-no-excel\/?page_id=122"},"modified":"2025-07-25T17:45:38","modified_gmt":"2025-07-25T20:45:38","slug":"densidade","status":"publish","type":"page","link":"https:\/\/editoraplantasdobrasil.com.br\/fitossociologia-no-excel\/densidade\/","title":{"rendered":"Densidade"},"content":{"rendered":"<p><iframe loading=\"lazy\" src=\"https:\/\/www.youtube.com\/embed\/wWRNM5KNLno?si=LS_PN5DvVRfsFHHK?autoplay=1&amp;hd=1&amp;showsearch=0&amp;showinfo=0\" width=\"100%\" height=\"400px\" frameborder=\"0\" allowfullscreen=\"allowfullscreen\"><span style=\"display: inline-block; width: 0px; overflow: hidden; line-height: 0;\" data-mce-type=\"bookmark\" class=\"mce_SELRES_start\">\ufeff<\/span><span style=\"display: inline-block; width: 0px; overflow: hidden; line-height: 0;\" data-mce-type=\"bookmark\" class=\"mce_SELRES_start\">\ufeff<\/span><span style=\"display: inline-block; width: 0px; overflow: hidden; line-height: 0;\" data-mce-type=\"bookmark\" class=\"mce_SELRES_start\"><\/span><span style=\"display: inline-block; width: 0px; overflow: hidden; line-height: 0;\" data-mce-type=\"bookmark\" class=\"mce_SELRES_start\"><\/span><\/iframe><\/p>\n<p>&nbsp;<\/p>\n<h3><strong>Densidade Absoluta<\/strong><\/h3>\n<p>Calcula o n\u00famero de indiv\u00edduos por hectare (indiv\u00edduos\/ha) com base na quantidade observada na \u00e1rea amostral. F\u00f3rmula no Excel:<\/p>\n<pre id=\"formula1\">=B2*10000\/600<\/pre>\n<p><button onclick=\"copiar('formula1')\">Copiar F\u00f3rmula 1<\/button><\/p>\n<p><script>\n  function copiar(id) {\n    var texto = document.getElementById(id).innerText;\n    navigator.clipboard.writeText(texto)\n      .then(function() {\n        alert(\"F\u00f3rmula copiada!\");\n      })\n      .catch(function(err) {\n        alert(\"Erro ao copiar: \" + err);\n      });\n  }\n<\/script><\/p>\n<p>&nbsp;<\/p>\n<p>\u2705 <strong>Por que ela funciona:<\/strong><\/p>\n<ul>\n<li>B2 = n\u00famero de indiv\u00edduos da amostra que est\u00e1 na c\u00e9lula B2 (600 m\u00b2, por exemplo).<\/li>\n<li>10000 = fator de convers\u00e3o para extrapolar a densidade para um hectare (1 ha = 10.000 m\u00b2).<\/li>\n<li>600 = \u00e1rea da amostra em m\u00b2.<\/li>\n<\/ul>\n<p>&nbsp;<\/p>\n<p><strong>F\u00f3rmula geral da Densidade Absoluta:<\/strong><\/p>\n<p><center><br \/>\n<img decoding=\"async\" src=\"http:\/\/editoraplantasdobrasil.com.br\/fitossociologia-no-excel\/wp-content\/uploads\/2025\/07\/densidade_absoluta.jpg\" alt=\"Densidade Absoluta\" \/><br \/>\n<\/center><br \/>\n&nbsp;<\/p>\n<h3><strong>Densidade Relativa<\/strong><\/h3>\n<p>Calcula a propor\u00e7\u00e3o (%) que cada esp\u00e9cie representa do total de indiv\u00edduos da comunidade. F\u00f3rmula no Excel:<\/p>\n<pre id=\"formula2\">=(C2\/$C$17)*100<\/pre>\n<p><button onclick=\"copiar('formula2')\">Copiar F\u00f3rmula 2<\/button><\/p>\n<p>&nbsp;<\/p>\n<p>\u2705 <strong>Por que ela funciona:<\/strong><\/p>\n<ul>\n<li>C2 = densidade absoluta da esp\u00e9cie espec\u00edfica que est\u00e1 na c\u00e9lula C2 (ou outro valor da amostra).<\/li>\n<li>$C$17 = c\u00e9lula fixa que cont\u00e9m a soma total das densidades absolutas de todas as esp\u00e9cies que est\u00e1 na c\u00e9lula C17 (ou o total geral).<\/li>\n<li>Multiplica por 100 para converter em porcentagem (%).<\/li>\n<\/ul>\n<p>&nbsp;<\/p>\n<p><strong>F\u00f3rmula geral da Densidade Relativa:<\/strong><br \/>\n<center><br \/>\n<img decoding=\"async\" src=\"http:\/\/editoraplantasdobrasil.com.br\/fitossociologia-no-excel\/wp-content\/uploads\/2025\/07\/densidade_relativa.jpg\" alt=\"Densidade Relativa\" \/><br \/>\n<\/center><\/p>\n","protected":false},"excerpt":{"rendered":"<p>\ufeff\ufeff &nbsp; Densidade Absoluta Calcula o n\u00famero de indiv\u00edduos por hectare (indiv\u00edduos\/ha) com base na quantidade observada na \u00e1rea amostral. F\u00f3rmula no Excel: =B2*10000\/600 Copiar F\u00f3rmula 1 &nbsp; \u2705 Por que ela funciona: B2 = n\u00famero de indiv\u00edduos da amostra que est\u00e1 na c\u00e9lula B2 (600 m\u00b2, por exemplo). 10000 = fator de convers\u00e3o para [&hellip;]<\/p>\n","protected":false},"author":1,"featured_media":0,"parent":0,"menu_order":0,"comment_status":"open","ping_status":"closed","template":"","meta":{"footnotes":""},"class_list":["post-122","page","type-page","status-publish","hentry"],"_links":{"self":[{"href":"https:\/\/editoraplantasdobrasil.com.br\/fitossociologia-no-excel\/wp-json\/wp\/v2\/pages\/122","targetHints":{"allow":["GET"]}}],"collection":[{"href":"https:\/\/editoraplantasdobrasil.com.br\/fitossociologia-no-excel\/wp-json\/wp\/v2\/pages"}],"about":[{"href":"https:\/\/editoraplantasdobrasil.com.br\/fitossociologia-no-excel\/wp-json\/wp\/v2\/types\/page"}],"author":[{"embeddable":true,"href":"https:\/\/editoraplantasdobrasil.com.br\/fitossociologia-no-excel\/wp-json\/wp\/v2\/users\/1"}],"replies":[{"embeddable":true,"href":"https:\/\/editoraplantasdobrasil.com.br\/fitossociologia-no-excel\/wp-json\/wp\/v2\/comments?post=122"}],"version-history":[{"count":16,"href":"https:\/\/editoraplantasdobrasil.com.br\/fitossociologia-no-excel\/wp-json\/wp\/v2\/pages\/122\/revisions"}],"predecessor-version":[{"id":329,"href":"https:\/\/editoraplantasdobrasil.com.br\/fitossociologia-no-excel\/wp-json\/wp\/v2\/pages\/122\/revisions\/329"}],"wp:attachment":[{"href":"https:\/\/editoraplantasdobrasil.com.br\/fitossociologia-no-excel\/wp-json\/wp\/v2\/media?parent=122"}],"curies":[{"name":"wp","href":"https:\/\/api.w.org\/{rel}","templated":true}]}}