{"id":124,"date":"2025-07-21T23:30:30","date_gmt":"2025-07-22T02:30:30","guid":{"rendered":"https:\/\/editoraplantasdobrasil.com.br\/fitossociologia-no-excel\/?page_id=124"},"modified":"2025-07-25T17:49:04","modified_gmt":"2025-07-25T20:49:04","slug":"dominancia","status":"publish","type":"page","link":"https:\/\/editoraplantasdobrasil.com.br\/fitossociologia-no-excel\/dominancia\/","title":{"rendered":"Domin\u00e2ncia"},"content":{"rendered":"<p><iframe loading=\"lazy\" src=\"https:\/\/www.youtube.com\/embed\/Hr6NSlMktlQ?si=seKmyDuNqHdzgUbp?autoplay=1&amp;hd=1&amp;showsearch=0&amp;showinfo=0\" width=\"100%\" height=\"400px\" frameborder=\"0\" allowfullscreen=\"allowfullscreen\"><span style=\"display: inline-block; width: 0px; overflow: hidden; line-height: 0;\" data-mce-type=\"bookmark\" class=\"mce_SELRES_start\">\ufeff<\/span><span style=\"display: inline-block; width: 0px; overflow: hidden; line-height: 0;\" data-mce-type=\"bookmark\" class=\"mce_SELRES_start\">\ufeff<\/span><span style=\"display: inline-block; width: 0px; overflow: hidden; line-height: 0;\" data-mce-type=\"bookmark\" class=\"mce_SELRES_start\"><\/span><span style=\"display: inline-block; width: 0px; overflow: hidden; line-height: 0;\" data-mce-type=\"bookmark\" class=\"mce_SELRES_start\"><\/span><\/iframe><\/p>\n<p>&nbsp;<\/p>\n<p>\u00c9 uma medida da <strong>import\u00e2ncia estrutural<\/strong> da esp\u00e9cie na floresta, em termos de espa\u00e7o ocupado pelos troncos, ou seja, sua ocupa\u00e7\u00e3o espacial.<\/p>\n<h3><strong>Domin\u00e2ncia Absoluta<\/strong><\/h3>\n<p>Essa f\u00f3rmula d\u00e1 o valor da \u00e1rea ocupada pela se\u00e7\u00e3o transversal dos troncos da esp\u00e9cie por hectare \u2014 ou seja, o quanto ela &#8220;domina&#8221; em termos de espa\u00e7o. F\u00f3rmula no Excel:<\/p>\n<pre id=\"formula1\">=B2*10000\/600<\/pre>\n<p><button onclick=\"copiar('formula1')\">Copiar F\u00f3rmula 1<\/button><\/p>\n<p><script>\n  function copiar(id) {\n    var texto = document.getElementById(id).innerText;\n    navigator.clipboard.writeText(texto)\n      .then(function() {\n        alert(\"F\u00f3rmula copiada!\");\n      })\n      .catch(function(err) {\n        alert(\"Erro ao copiar: \" + err);\n      });\n  }\n<\/script><\/p>\n<p>&nbsp;<\/p>\n<p>\u2705 <strong>Por que ela funciona:<\/strong><\/p>\n<ul>\n<li>B2 = <strong>soma da \u00e1rea basal<\/strong> dos indiv\u00edduos da esp\u00e9cie na amostra que est\u00e1 na c\u00e9lula B2 (em m\u00b2).<\/li>\n<li>10000 = fator de convers\u00e3o para extrapolar a densidade para um hectare (1 ha = 10.000 m\u00b2).<\/li>\n<li>600 = \u00e1rea da amostra em m\u00b2.<\/li>\n<\/ul>\n<p>&nbsp;<br \/>\n<strong>Formula geral da Domin\u00e2ncia Absoluta:<\/strong><\/p>\n<p><center><br \/>\n<img decoding=\"async\" src=\"http:\/\/editoraplantasdobrasil.com.br\/fitossociologia-no-excel\/wp-content\/uploads\/2025\/07\/dominancia_absoluta.jpg\" alt=\"Domin\u00e2ncia Absoluta\" \/><br \/>\n<\/center><br \/>\n&nbsp;<\/p>\n<p><strong>\u00a0<\/strong><\/p>\n<h3><strong>Domin\u00e2ncia Relativa<\/strong><\/h3>\n<p>A Domin\u00e2ncia Relativa indica em porcentagem quanto da \u00e1rea basal total da comunidade \u00e9 representada por uma esp\u00e9cie espec\u00edfica. F\u00f3rmula no Excel:<\/p>\n<pre id=\"formula2\">=C2\/$C$17*100<\/pre>\n<p><button onclick=\"copiar('formula2')\">Copiar F\u00f3rmula 2<\/button><\/p>\n<p>&nbsp;<\/p>\n<p>\u2705 <strong>Por que ela funciona:<\/strong><\/p>\n<ul>\n<li>C2 = d<strong>omin\u00e2ncia absoluta<\/strong> da esp\u00e9cie que est\u00e1 na c\u00e9lula C2 (em m\u00b2\/ha).<\/li>\n<\/ul>\n<ul>\n<li>$C$17 = c\u00e9lula fixa com a <strong>soma das domin\u00e2ncias absolutas<\/strong> de todas as esp\u00e9cies<\/li>\n<li>* 100 = converte o valor em <strong>porcentagem (%)<\/strong>.<\/li>\n<\/ul>\n<p>&nbsp;<\/p>\n<p><strong>Formula geral da Domin\u00e2ncia Relativa:<\/strong><\/p>\n<p><center><br \/>\n<img decoding=\"async\" src=\"http:\/\/editoraplantasdobrasil.com.br\/fitossociologia-no-excel\/wp-content\/uploads\/2025\/07\/dominancia_relativa.jpg\" alt=\"Domin\u00e2ncia Relativa\" \/><br \/>\n<\/center><br \/>\n&nbsp;<\/p>\n","protected":false},"excerpt":{"rendered":"<p>\ufeff\ufeff &nbsp; \u00c9 uma medida da import\u00e2ncia estrutural da esp\u00e9cie na floresta, em termos de espa\u00e7o ocupado pelos troncos, ou seja, sua ocupa\u00e7\u00e3o espacial. Domin\u00e2ncia Absoluta Essa f\u00f3rmula d\u00e1 o valor da \u00e1rea ocupada pela se\u00e7\u00e3o transversal dos troncos da esp\u00e9cie por hectare \u2014 ou seja, o quanto ela &#8220;domina&#8221; em termos de espa\u00e7o. F\u00f3rmula [&hellip;]<\/p>\n","protected":false},"author":1,"featured_media":0,"parent":0,"menu_order":0,"comment_status":"open","ping_status":"closed","template":"","meta":{"footnotes":""},"class_list":["post-124","page","type-page","status-publish","hentry"],"_links":{"self":[{"href":"https:\/\/editoraplantasdobrasil.com.br\/fitossociologia-no-excel\/wp-json\/wp\/v2\/pages\/124","targetHints":{"allow":["GET"]}}],"collection":[{"href":"https:\/\/editoraplantasdobrasil.com.br\/fitossociologia-no-excel\/wp-json\/wp\/v2\/pages"}],"about":[{"href":"https:\/\/editoraplantasdobrasil.com.br\/fitossociologia-no-excel\/wp-json\/wp\/v2\/types\/page"}],"author":[{"embeddable":true,"href":"https:\/\/editoraplantasdobrasil.com.br\/fitossociologia-no-excel\/wp-json\/wp\/v2\/users\/1"}],"replies":[{"embeddable":true,"href":"https:\/\/editoraplantasdobrasil.com.br\/fitossociologia-no-excel\/wp-json\/wp\/v2\/comments?post=124"}],"version-history":[{"count":7,"href":"https:\/\/editoraplantasdobrasil.com.br\/fitossociologia-no-excel\/wp-json\/wp\/v2\/pages\/124\/revisions"}],"predecessor-version":[{"id":321,"href":"https:\/\/editoraplantasdobrasil.com.br\/fitossociologia-no-excel\/wp-json\/wp\/v2\/pages\/124\/revisions\/321"}],"wp:attachment":[{"href":"https:\/\/editoraplantasdobrasil.com.br\/fitossociologia-no-excel\/wp-json\/wp\/v2\/media?parent=124"}],"curies":[{"name":"wp","href":"https:\/\/api.w.org\/{rel}","templated":true}]}}