{"id":128,"date":"2025-07-21T23:30:44","date_gmt":"2025-07-22T02:30:44","guid":{"rendered":"https:\/\/editoraplantasdobrasil.com.br\/fitossociologia-no-excel\/?page_id=128"},"modified":"2025-07-25T17:49:29","modified_gmt":"2025-07-25T20:49:29","slug":"ivc","status":"publish","type":"page","link":"https:\/\/editoraplantasdobrasil.com.br\/fitossociologia-no-excel\/ivc\/","title":{"rendered":"IVC"},"content":{"rendered":"<p><iframe loading=\"lazy\" src=\"https:\/\/www.youtube.com\/embed\/DDlWln9fkTI?si=8LHN6MsiWhRxzM2U?autoplay=1&amp;hd=1&amp;showsearch=0&amp;showinfo=0\" width=\"100%\" height=\"400px\" frameborder=\"0\" allowfullscreen=\"allowfullscreen\"><span style=\"display: inline-block; width: 0px; overflow: hidden; line-height: 0;\" data-mce-type=\"bookmark\" class=\"mce_SELRES_start\">\ufeff<\/span><span style=\"display: inline-block; width: 0px; overflow: hidden; line-height: 0;\" data-mce-type=\"bookmark\" class=\"mce_SELRES_start\">\ufeff<\/span><span style=\"display: inline-block; width: 0px; overflow: hidden; line-height: 0;\" data-mce-type=\"bookmark\" class=\"mce_SELRES_start\"><\/span><span style=\"display: inline-block; width: 0px; overflow: hidden; line-height: 0;\" data-mce-type=\"bookmark\" class=\"mce_SELRES_start\"><\/span><\/iframe><\/p>\n<p>&nbsp;<\/p>\n<p>Ele mostra a import\u00e2ncia da esp\u00e9cie, levando em conta apenas quantidade de indiv\u00edduos (densidade) e ocupa\u00e7\u00e3o espacial (domin\u00e2ncia). Formula no Excel:<\/p>\n<pre id=\"formula\">=SOMA(B2:C2)\/2<\/pre>\n<p>  <button onclick=\"copiarFormula()\">Copiar F\u00f3rmula<\/button><\/p>\n<p>  <script>\n    function copiarFormula() {\n      var texto = document.getElementById(\"formula\").innerText;\n      navigator.clipboard.writeText(texto)\n        .then(function() {\n          alert(\"F\u00f3rmula copiada!\");\n        })\n        .catch(function(err) {\n          alert(\"Erro ao copiar: \" + err);\n        });\n    }\n  <\/script><\/p>\n<p>&nbsp;<\/p>\n<p>\u2705 <strong>Por que ela funciona:<\/strong><\/p>\n<ul>\n<li>SOMA(B2:C2) = soma da Densidade Relativa e Domin\u00e2ncia Relativa que est\u00e3o nas c\u00e9lulas B2 e C2 (%)<\/li>\n<li>2 = divide por 2 para obter a <strong>m\u00e9dia percentual<\/strong>.<\/li>\n<\/ul>\n<p>&nbsp;<\/p>\n<p><strong>F\u00f3rmula geral do<\/strong> <strong>IVC (\u00cdndice de Valor de Cobertura)<\/strong><\/p>\n<p><center><br \/>\n<img decoding=\"async\" src=\"http:\/\/editoraplantasdobrasil.com.br\/fitossociologia-no-excel\/wp-content\/uploads\/2025\/07\/IVC.jpg\" alt=\"IVC\" \/><br \/>\n<\/center><\/p>\n","protected":false},"excerpt":{"rendered":"<p>\ufeff\ufeff &nbsp; Ele mostra a import\u00e2ncia da esp\u00e9cie, levando em conta apenas quantidade de indiv\u00edduos (densidade) e ocupa\u00e7\u00e3o espacial (domin\u00e2ncia). Formula no Excel: =SOMA(B2:C2)\/2 Copiar F\u00f3rmula &nbsp; \u2705 Por que ela funciona: SOMA(B2:C2) = soma da Densidade Relativa e Domin\u00e2ncia Relativa que est\u00e3o nas c\u00e9lulas B2 e C2 (%) 2 = divide por 2 para [&hellip;]<\/p>\n","protected":false},"author":1,"featured_media":0,"parent":0,"menu_order":0,"comment_status":"open","ping_status":"closed","template":"","meta":{"footnotes":""},"class_list":["post-128","page","type-page","status-publish","hentry"],"_links":{"self":[{"href":"https:\/\/editoraplantasdobrasil.com.br\/fitossociologia-no-excel\/wp-json\/wp\/v2\/pages\/128","targetHints":{"allow":["GET"]}}],"collection":[{"href":"https:\/\/editoraplantasdobrasil.com.br\/fitossociologia-no-excel\/wp-json\/wp\/v2\/pages"}],"about":[{"href":"https:\/\/editoraplantasdobrasil.com.br\/fitossociologia-no-excel\/wp-json\/wp\/v2\/types\/page"}],"author":[{"embeddable":true,"href":"https:\/\/editoraplantasdobrasil.com.br\/fitossociologia-no-excel\/wp-json\/wp\/v2\/users\/1"}],"replies":[{"embeddable":true,"href":"https:\/\/editoraplantasdobrasil.com.br\/fitossociologia-no-excel\/wp-json\/wp\/v2\/comments?post=128"}],"version-history":[{"count":11,"href":"https:\/\/editoraplantasdobrasil.com.br\/fitossociologia-no-excel\/wp-json\/wp\/v2\/pages\/128\/revisions"}],"predecessor-version":[{"id":348,"href":"https:\/\/editoraplantasdobrasil.com.br\/fitossociologia-no-excel\/wp-json\/wp\/v2\/pages\/128\/revisions\/348"}],"wp:attachment":[{"href":"https:\/\/editoraplantasdobrasil.com.br\/fitossociologia-no-excel\/wp-json\/wp\/v2\/media?parent=128"}],"curies":[{"name":"wp","href":"https:\/\/api.w.org\/{rel}","templated":true}]}}