{"id":134,"date":"2025-07-21T23:32:10","date_gmt":"2025-07-22T02:32:10","guid":{"rendered":"https:\/\/editoraplantasdobrasil.com.br\/fitossociologia-no-excel\/?page_id=134"},"modified":"2025-07-25T17:50:16","modified_gmt":"2025-07-25T20:50:16","slug":"equabilidade","status":"publish","type":"page","link":"https:\/\/editoraplantasdobrasil.com.br\/fitossociologia-no-excel\/equabilidade\/","title":{"rendered":"Equabilidade"},"content":{"rendered":"<p><iframe loading=\"lazy\" src=\"https:\/\/www.youtube.com\/embed\/aOT_3qt7aUI?si=r5OGQMv5O703YT0r?autoplay=1&amp;hd=1&amp;showsearch=0&amp;showinfo=0\" width=\"100%\" height=\"400px\" frameborder=\"0\" allowfullscreen=\"allowfullscreen\"><span style=\"display: inline-block; width: 0px; overflow: hidden; line-height: 0;\" data-mce-type=\"bookmark\" class=\"mce_SELRES_start\">\ufeff<\/span><span style=\"display: inline-block; width: 0px; overflow: hidden; line-height: 0;\" data-mce-type=\"bookmark\" class=\"mce_SELRES_start\">\ufeff<\/span><span style=\"display: inline-block; width: 0px; overflow: hidden; line-height: 0;\" data-mce-type=\"bookmark\" class=\"mce_SELRES_start\"><\/span><span style=\"display: inline-block; width: 0px; overflow: hidden; line-height: 0;\" data-mce-type=\"bookmark\" class=\"mce_SELRES_start\"><\/span><\/iframe><\/p>\n<p>&nbsp;<\/p>\n<p>A equabilidade (tamb\u00e9m chamada de equitatividade) \u00e9 um \u00edndice que mede o qu\u00e3o uniformemente os indiv\u00edduos est\u00e3o distribu\u00eddos entre as esp\u00e9cies em uma comunidade ecol\u00f3gica.<\/p>\n<p>\ud83c\udf3f Em outras palavras:<\/p>\n<p><strong>Alta equabilidade <\/strong>(Pr\u00f3ximo de 1)<strong>: <\/strong>todas as esp\u00e9cies t\u00eam mais ou menos o mesmo n\u00famero de indiv\u00edduos.<\/p>\n<p><strong>Baixa equabilidade <\/strong>(Pr\u00f3ximo de 0)<strong>: <\/strong>algumas esp\u00e9cies dominam (t\u00eam muitos indiv\u00edduos), enquanto outras s\u00e3o raras.<\/p>\n<p>&nbsp;<br \/>\n<strong>F\u00f3rmula da Equabilidade:<\/strong><br \/>\n<center><br \/>\n<img decoding=\"async\" src=\"http:\/\/editoraplantasdobrasil.com.br\/fitossociologia-no-excel\/wp-content\/uploads\/2025\/07\/equabilidade.jpg\" alt=\"Equabilidade\" \/><br \/>\n<\/center><\/p>\n<p>&nbsp;<\/p>\n<p>\u2705 <strong>Onde:<\/strong><\/p>\n<ul>\n<li>J\u2032 = Equabilidade (varia de 0 a 1)<\/li>\n<li>H\u2032 = \u00cdndice de Shannon calculado (com log natural)<\/li>\n<li>ln <em>S<\/em> = logaritmo natural do N\u00famero de esp\u00e9cies (<em>S<\/em>)<\/li>\n<\/ul>\n","protected":false},"excerpt":{"rendered":"<p>\ufeff\ufeff &nbsp; A equabilidade (tamb\u00e9m chamada de equitatividade) \u00e9 um \u00edndice que mede o qu\u00e3o uniformemente os indiv\u00edduos est\u00e3o distribu\u00eddos entre as esp\u00e9cies em uma comunidade ecol\u00f3gica. \ud83c\udf3f Em outras palavras: Alta equabilidade (Pr\u00f3ximo de 1): todas as esp\u00e9cies t\u00eam mais ou menos o mesmo n\u00famero de indiv\u00edduos. Baixa equabilidade (Pr\u00f3ximo de 0): algumas esp\u00e9cies [&hellip;]<\/p>\n","protected":false},"author":1,"featured_media":0,"parent":0,"menu_order":0,"comment_status":"open","ping_status":"closed","template":"","meta":{"footnotes":""},"class_list":["post-134","page","type-page","status-publish","hentry"],"_links":{"self":[{"href":"https:\/\/editoraplantasdobrasil.com.br\/fitossociologia-no-excel\/wp-json\/wp\/v2\/pages\/134","targetHints":{"allow":["GET"]}}],"collection":[{"href":"https:\/\/editoraplantasdobrasil.com.br\/fitossociologia-no-excel\/wp-json\/wp\/v2\/pages"}],"about":[{"href":"https:\/\/editoraplantasdobrasil.com.br\/fitossociologia-no-excel\/wp-json\/wp\/v2\/types\/page"}],"author":[{"embeddable":true,"href":"https:\/\/editoraplantasdobrasil.com.br\/fitossociologia-no-excel\/wp-json\/wp\/v2\/users\/1"}],"replies":[{"embeddable":true,"href":"https:\/\/editoraplantasdobrasil.com.br\/fitossociologia-no-excel\/wp-json\/wp\/v2\/comments?post=134"}],"version-history":[{"count":9,"href":"https:\/\/editoraplantasdobrasil.com.br\/fitossociologia-no-excel\/wp-json\/wp\/v2\/pages\/134\/revisions"}],"predecessor-version":[{"id":365,"href":"https:\/\/editoraplantasdobrasil.com.br\/fitossociologia-no-excel\/wp-json\/wp\/v2\/pages\/134\/revisions\/365"}],"wp:attachment":[{"href":"https:\/\/editoraplantasdobrasil.com.br\/fitossociologia-no-excel\/wp-json\/wp\/v2\/media?parent=134"}],"curies":[{"name":"wp","href":"https:\/\/api.w.org\/{rel}","templated":true}]}}