{"id":381,"date":"2025-07-25T17:36:20","date_gmt":"2025-07-25T20:36:20","guid":{"rendered":"https:\/\/editoraplantasdobrasil.com.br\/fitossociologia-no-excel\/?page_id=381"},"modified":"2025-07-25T20:20:24","modified_gmt":"2025-07-25T23:20:24","slug":"downloads","status":"publish","type":"page","link":"https:\/\/editoraplantasdobrasil.com.br\/fitossociologia-no-excel\/downloads\/","title":{"rendered":"Downloads"},"content":{"rendered":"<div class=\"sdm_download_item \"><div class=\"sdm_download_item_top\"><div class=\"sdm_download_thumbnail\"><\/div><div class=\"sdm_download_title\">Arquivo da Aula<\/div><\/div><div style=\"clear:both;\"><\/div><div class=\"sdm_download_description\"><p data-start=\"69\" data-end=\"160\"><strong data-start=\"72\" data-end=\"138\">Neste link, voc\u00ea encontra o arquivo com as planilhas usada como exemplo nas aulas.<\/strong><\/p>\n<p data-start=\"162\" data-end=\"257\">Ela ser\u00e1 \u00fatil para acompanhar os c\u00e1lculos e praticar com os mesmos dados apresentados no v\u00eddeo.<\/p>\n<\/div><div class=\"sdm_download_link\"><span class=\"sdm_download_button\"><a href=\"https:\/\/editoraplantasdobrasil.com.br\/fitossociologia-no-excel\/?sdm_process_download=1&download_id=406\" class=\"sdm_download green\" title=\"Arquivo da Aula\" target=\"_blank\">Baixar agora!<\/a><\/span><\/div><\/div><div class=\"sdm_clear_float\"><\/div>\n","protected":false},"excerpt":{"rendered":"","protected":false},"author":1,"featured_media":0,"parent":0,"menu_order":0,"comment_status":"open","ping_status":"closed","template":"","meta":{"footnotes":""},"class_list":["post-381","page","type-page","status-publish","hentry"],"_links":{"self":[{"href":"https:\/\/editoraplantasdobrasil.com.br\/fitossociologia-no-excel\/wp-json\/wp\/v2\/pages\/381","targetHints":{"allow":["GET"]}}],"collection":[{"href":"https:\/\/editoraplantasdobrasil.com.br\/fitossociologia-no-excel\/wp-json\/wp\/v2\/pages"}],"about":[{"href":"https:\/\/editoraplantasdobrasil.com.br\/fitossociologia-no-excel\/wp-json\/wp\/v2\/types\/page"}],"author":[{"embeddable":true,"href":"https:\/\/editoraplantasdobrasil.com.br\/fitossociologia-no-excel\/wp-json\/wp\/v2\/users\/1"}],"replies":[{"embeddable":true,"href":"https:\/\/editoraplantasdobrasil.com.br\/fitossociologia-no-excel\/wp-json\/wp\/v2\/comments?post=381"}],"version-history":[{"count":5,"href":"https:\/\/editoraplantasdobrasil.com.br\/fitossociologia-no-excel\/wp-json\/wp\/v2\/pages\/381\/revisions"}],"predecessor-version":[{"id":410,"href":"https:\/\/editoraplantasdobrasil.com.br\/fitossociologia-no-excel\/wp-json\/wp\/v2\/pages\/381\/revisions\/410"}],"wp:attachment":[{"href":"https:\/\/editoraplantasdobrasil.com.br\/fitossociologia-no-excel\/wp-json\/wp\/v2\/media?parent=381"}],"curies":[{"name":"wp","href":"https:\/\/api.w.org\/{rel}","templated":true}]}}