{"id":12439,"date":"2025-12-17T12:38:25","date_gmt":"2025-12-17T15:38:25","guid":{"rendered":"https:\/\/www.editoraplantasdobrasil.com.br\/loja-virtual\/?page_id=12439"},"modified":"2025-12-17T14:42:51","modified_gmt":"2025-12-17T17:42:51","slug":"ebook-dendrologia-o-estudo-das-arvores","status":"publish","type":"page","link":"https:\/\/editoraplantasdobrasil.com.br\/loja-virtual\/ebook-dendrologia-o-estudo-das-arvores\/","title":{"rendered":"DENDROLOGIA:<center><span style=\"font-size: 0.8em; color: #555;\">O estudo das \u00e1rvores<\/span><\/center>"},"content":{"rendered":"<p><!--DENDROLOGIA:<center><span style=\"font-size: 0.8em; color: #555;\">O estudo das \u00e1rvores<\/span><\/center>--><\/p>\n<p><!--<center><small><font color=\"#555555\">O estudo das \u00e1rvores<\/font><\/small><\/center>--><\/p>\n<p><!--[Lan\u00e7amento] DENDROLOGIA: O estudo das \u00e1rvores--><\/p>\n<p><center><br \/>\n<img decoding=\"async\" src=\"https:\/\/www.editoraplantasdobrasil.com.br\/loja-virtual\/wp-content\/uploads\/2025\/12\/DENDROLOGIA-o-estudo-das-arvores-ebook.jpg\" width=\"500px\"\/><\/p>\n<h5>UM GUIA COMPLETO PARA O ESTUDO E IDENTIFICA\u00c7\u00c3O DE \u00c1RVORES BRASILEIRAS<\/h5>\n<p><\/center><\/p>\n<p>&nbsp;<\/p>\n<div style=\"text-align: center;\">\n<img decoding=\"async\" src=\"https:\/\/www.editoraplantasdobrasil.com.br\/loja-virtual\/wp-content\/uploads\/2019\/05\/seta_vermelha.png\" \/>\n<\/div>\n<div style=\"clear: both;\"><\/div>\n<h3 style=\"text-align: center;\"><strong><span style=\"color: #ff0000;\">Promo\u00e7\u00e3o!<\/span><\/strong><\/h3>\n<h3 style=\"text-align: center;\">de <s><strong><span style=\"color: #16A086; font-size: 26px;\">R$79,00<\/span><\/strong><\/s> por apenas <strong><span style=\"color: #359200; font-size: 40px;\">R$49,00<\/span><\/strong><\/h3>\n<p><center><\/p>\n<p><i>Pague em at\u00e9 <strong>12x<\/strong><\/i><br \/>\n<\/center><\/p>\n<div style=\"clear: both;\"><\/div>\n<p>&nbsp;<br \/>\n<center><\/p>\n<p align=\"center\"><a href=\"https:\/\/www.editoraplantasdobrasil.com.br\/loja-virtual\/vitrine\/?add-to-cart=12482\" title=\"Clique aqui para comprar o eBook: DENDROLOGIA: O estudo das \u00e1rvores\"><img decoding=\"async\" src=\"https:\/\/www.editoraplantasdobrasil.com.br\/loja-virtual\/wp-content\/uploads\/2019\/05\/comprar.gif\" \/><\/a><\/p>\n<p><img decoding=\"async\" src=\"https:\/\/www.editoraplantasdobrasil.com.br\/loja-virtual\/wp-content\/uploads\/2019\/05\/ambiente_seguro.jpg\"><\/p>\n<p><\/center><\/p>\n<p><!--\n\n&nbsp;\n\n\n<div style=\"text-align: left; padding: 5px; border-style: groove;  border-color: #B59C7F;  border-width: 3px;\">\nRessaltamos que se trata de uma <font color=\"red\">Pr\u00e9-Venda<\/font>. Os livros adquiridos agora ser\u00e3o enviados assim que chegarem da gr\u00e1fica (a partir de 05\/05\/2025), com dedicat\u00f3ria exclusiva do autor e processados conforme a ordem dos pedidos.<!-- <br \/><strong>Observa\u00e7\u00e3o:<\/strong> quem adquirir agora garante seu exemplar com dedicat\u00f3ria, al\u00e9m de aproveitar o desconto especial de lan\u00e7amento e frete gr\u00e1tis.\n<\/div>\n\n\n&nbsp;\n--><\/p>\n<div style=\"clear: both;\"><\/div>\n<p>&nbsp; &nbsp;&nbsp;<\/p>\n<div style=\"clear: both;\"><\/div>\n<p>&nbsp;&nbsp;<\/p>\n<h3>Apresenta\u00e7\u00e3o<\/h3>\n<p>&nbsp;<\/p>\n<p>Este livro \u2013 <strong>DENDROLOGIA: O Estudo das \u00c1rvores<\/strong> \u2013 \u00e9 um guia ilustrado que abrange a morfologia e a taxonomia das \u00e1rvores brasileiras, marcando o in\u00edcio da s\u00e9rie <i>Manuais de Engenharia Florestal<\/i>.<\/p>\n<p>A obra tem como objetivo principal proporcionar ao leitor um entendimento aprofundado dos caracteres taxon\u00f4micos e das sutis diferen\u00e7as entre as esp\u00e9cies arb\u00f3reas, visando uma identifica\u00e7\u00e3o mais precisa e eficiente em campo.\u200b<\/p>\n<p>Destinado n\u00e3o apenas a engenheiros e t\u00e9cnicos florestais, mas tamb\u00e9m a bi\u00f3logos, engenheiros agr\u00f4nomos, engenheiros ambientais, ec\u00f3logos, paisagistas e demais entusiastas da bot\u00e2nica, este manual oferece uma fonte confi\u00e1vel e ricamente ilustrada sobre a terminologia dendrol\u00f3gica. Inclui uma chave para o reconhecimento em campo das fam\u00edlias bot\u00e2nicas de maior interesse no Brasil e um cap\u00edtulo detalhado com as caracter\u00edsticas morfol\u00f3gicas para identifica\u00e7\u00e3o das principais fam\u00edlias bot\u00e2nicas brasileiras.\u200b<\/p>\n<p>Al\u00e9m disso, a obra abrange t\u00f3picos essenciais, como pron\u00fancia dos nomes cient\u00edficos, t\u00e9cnicas de coleta e herboriza\u00e7\u00e3o, \u00e1reas de estudo dendrol\u00f3gico, recursos digitais e anal\u00f3gicos, e no\u00e7\u00f5es sobre a vegeta\u00e7\u00e3o brasileira.\u200b<\/p>\n<p>Resultado de mais de 20 anos de estudos, pesquisas e in\u00fameras expedi\u00e7\u00f5es bot\u00e2nicas realizadas pelo autor em territ\u00f3rio nacional, este livro se estabelece como uma refer\u00eancia indispens\u00e1vel para profissionais e amantes das \u00e1rvores.<\/p>\n<p>&nbsp;&nbsp;<\/p>\n<h3>Exemplos de p\u00e1ginas<\/h3>\n<p><center><br \/>\n<div id='gallery-1' class='gallery galleryid-12439 gallery-columns-4 gallery-size-medium'><dl class='gallery-item'>\n\t\t\t<dt class='gallery-icon portrait'>\n\t\t\t\t<a href='https:\/\/editoraplantasdobrasil.com.br\/loja-virtual\/dendrologia-o-estudo-das-arvores\/pg2\/'><img loading=\"lazy\" decoding=\"async\" width=\"215\" height=\"300\" src=\"https:\/\/editoraplantasdobrasil.com.br\/loja-virtual\/wp-content\/uploads\/2025\/04\/pg2-215x300.jpg\" class=\"attachment-medium size-medium\" alt=\"\" srcset=\"https:\/\/editoraplantasdobrasil.com.br\/loja-virtual\/wp-content\/uploads\/2025\/04\/pg2-215x300.jpg 215w, https:\/\/editoraplantasdobrasil.com.br\/loja-virtual\/wp-content\/uploads\/2025\/04\/pg2.jpg 330w\" sizes=\"auto, (max-width: 215px) 100vw, 215px\" \/><\/a>\n\t\t\t<\/dt><\/dl><dl class='gallery-item'>\n\t\t\t<dt class='gallery-icon portrait'>\n\t\t\t\t<a href='https:\/\/editoraplantasdobrasil.com.br\/loja-virtual\/dendrologia-o-estudo-das-arvores\/pg3\/'><img loading=\"lazy\" decoding=\"async\" width=\"215\" height=\"300\" src=\"https:\/\/editoraplantasdobrasil.com.br\/loja-virtual\/wp-content\/uploads\/2025\/04\/pg3-215x300.jpg\" class=\"attachment-medium size-medium\" alt=\"\" srcset=\"https:\/\/editoraplantasdobrasil.com.br\/loja-virtual\/wp-content\/uploads\/2025\/04\/pg3-215x300.jpg 215w, https:\/\/editoraplantasdobrasil.com.br\/loja-virtual\/wp-content\/uploads\/2025\/04\/pg3.jpg 330w\" sizes=\"auto, (max-width: 215px) 100vw, 215px\" \/><\/a>\n\t\t\t<\/dt><\/dl><dl class='gallery-item'>\n\t\t\t<dt class='gallery-icon portrait'>\n\t\t\t\t<a href='https:\/\/editoraplantasdobrasil.com.br\/loja-virtual\/dendrologia-o-estudo-das-arvores\/pg4\/'><img loading=\"lazy\" decoding=\"async\" width=\"215\" height=\"300\" src=\"https:\/\/editoraplantasdobrasil.com.br\/loja-virtual\/wp-content\/uploads\/2025\/04\/pg4-215x300.jpg\" class=\"attachment-medium size-medium\" alt=\"\" srcset=\"https:\/\/editoraplantasdobrasil.com.br\/loja-virtual\/wp-content\/uploads\/2025\/04\/pg4-215x300.jpg 215w, https:\/\/editoraplantasdobrasil.com.br\/loja-virtual\/wp-content\/uploads\/2025\/04\/pg4.jpg 330w\" sizes=\"auto, (max-width: 215px) 100vw, 215px\" \/><\/a>\n\t\t\t<\/dt><\/dl><dl class='gallery-item'>\n\t\t\t<dt class='gallery-icon portrait'>\n\t\t\t\t<a href='https:\/\/editoraplantasdobrasil.com.br\/loja-virtual\/dendrologia-o-estudo-das-arvores\/pg1\/'><img loading=\"lazy\" decoding=\"async\" width=\"215\" height=\"300\" src=\"https:\/\/editoraplantasdobrasil.com.br\/loja-virtual\/wp-content\/uploads\/2025\/04\/pg1-215x300.jpg\" class=\"attachment-medium size-medium\" alt=\"\" srcset=\"https:\/\/editoraplantasdobrasil.com.br\/loja-virtual\/wp-content\/uploads\/2025\/04\/pg1-215x300.jpg 215w, https:\/\/editoraplantasdobrasil.com.br\/loja-virtual\/wp-content\/uploads\/2025\/04\/pg1.jpg 330w\" sizes=\"auto, (max-width: 215px) 100vw, 215px\" \/><\/a>\n\t\t\t<\/dt><\/dl><br style=\"clear: both\" \/><dl class='gallery-item'>\n\t\t\t<dt class='gallery-icon portrait'>\n\t\t\t\t<a href='https:\/\/editoraplantasdobrasil.com.br\/loja-virtual\/dendrologia-o-estudo-das-arvores\/pg5\/'><img loading=\"lazy\" decoding=\"async\" width=\"215\" height=\"300\" src=\"https:\/\/editoraplantasdobrasil.com.br\/loja-virtual\/wp-content\/uploads\/2025\/04\/pg5-215x300.jpg\" class=\"attachment-medium size-medium\" alt=\"\" srcset=\"https:\/\/editoraplantasdobrasil.com.br\/loja-virtual\/wp-content\/uploads\/2025\/04\/pg5-215x300.jpg 215w, https:\/\/editoraplantasdobrasil.com.br\/loja-virtual\/wp-content\/uploads\/2025\/04\/pg5.jpg 330w\" sizes=\"auto, (max-width: 215px) 100vw, 215px\" \/><\/a>\n\t\t\t<\/dt><\/dl><dl class='gallery-item'>\n\t\t\t<dt class='gallery-icon portrait'>\n\t\t\t\t<a href='https:\/\/editoraplantasdobrasil.com.br\/loja-virtual\/dendrologia-o-estudo-das-arvores\/pg6\/'><img loading=\"lazy\" decoding=\"async\" width=\"215\" height=\"300\" src=\"https:\/\/editoraplantasdobrasil.com.br\/loja-virtual\/wp-content\/uploads\/2025\/04\/pg6-215x300.jpg\" class=\"attachment-medium size-medium\" alt=\"\" srcset=\"https:\/\/editoraplantasdobrasil.com.br\/loja-virtual\/wp-content\/uploads\/2025\/04\/pg6-215x300.jpg 215w, https:\/\/editoraplantasdobrasil.com.br\/loja-virtual\/wp-content\/uploads\/2025\/04\/pg6.jpg 330w\" sizes=\"auto, (max-width: 215px) 100vw, 215px\" \/><\/a>\n\t\t\t<\/dt><\/dl><dl class='gallery-item'>\n\t\t\t<dt class='gallery-icon portrait'>\n\t\t\t\t<a href='https:\/\/editoraplantasdobrasil.com.br\/loja-virtual\/dendrologia-o-estudo-das-arvores\/pg7\/'><img loading=\"lazy\" decoding=\"async\" width=\"215\" height=\"300\" src=\"https:\/\/editoraplantasdobrasil.com.br\/loja-virtual\/wp-content\/uploads\/2025\/04\/pg7-215x300.jpg\" class=\"attachment-medium size-medium\" alt=\"\" srcset=\"https:\/\/editoraplantasdobrasil.com.br\/loja-virtual\/wp-content\/uploads\/2025\/04\/pg7-215x300.jpg 215w, https:\/\/editoraplantasdobrasil.com.br\/loja-virtual\/wp-content\/uploads\/2025\/04\/pg7.jpg 330w\" sizes=\"auto, (max-width: 215px) 100vw, 215px\" \/><\/a>\n\t\t\t<\/dt><\/dl><dl class='gallery-item'>\n\t\t\t<dt class='gallery-icon portrait'>\n\t\t\t\t<a href='https:\/\/editoraplantasdobrasil.com.br\/loja-virtual\/dendrologia-o-estudo-das-arvores\/pg8\/'><img loading=\"lazy\" decoding=\"async\" width=\"215\" height=\"300\" src=\"https:\/\/editoraplantasdobrasil.com.br\/loja-virtual\/wp-content\/uploads\/2025\/04\/pg8-215x300.jpg\" class=\"attachment-medium size-medium\" alt=\"\" srcset=\"https:\/\/editoraplantasdobrasil.com.br\/loja-virtual\/wp-content\/uploads\/2025\/04\/pg8-215x300.jpg 215w, https:\/\/editoraplantasdobrasil.com.br\/loja-virtual\/wp-content\/uploads\/2025\/04\/pg8.jpg 330w\" sizes=\"auto, (max-width: 215px) 100vw, 215px\" \/><\/a>\n\t\t\t<\/dt><\/dl><br style=\"clear: both\" \/><dl class='gallery-item'>\n\t\t\t<dt class='gallery-icon portrait'>\n\t\t\t\t<a href='https:\/\/editoraplantasdobrasil.com.br\/loja-virtual\/dendrologia-o-estudo-das-arvores\/pg9\/'><img loading=\"lazy\" decoding=\"async\" width=\"215\" height=\"300\" src=\"https:\/\/editoraplantasdobrasil.com.br\/loja-virtual\/wp-content\/uploads\/2025\/04\/pg9-215x300.jpg\" class=\"attachment-medium size-medium\" alt=\"\" srcset=\"https:\/\/editoraplantasdobrasil.com.br\/loja-virtual\/wp-content\/uploads\/2025\/04\/pg9-215x300.jpg 215w, https:\/\/editoraplantasdobrasil.com.br\/loja-virtual\/wp-content\/uploads\/2025\/04\/pg9.jpg 330w\" sizes=\"auto, (max-width: 215px) 100vw, 215px\" \/><\/a>\n\t\t\t<\/dt><\/dl><dl class='gallery-item'>\n\t\t\t<dt class='gallery-icon portrait'>\n\t\t\t\t<a href='https:\/\/editoraplantasdobrasil.com.br\/loja-virtual\/dendrologia-o-estudo-das-arvores\/pg10\/'><img loading=\"lazy\" decoding=\"async\" width=\"215\" height=\"300\" src=\"https:\/\/editoraplantasdobrasil.com.br\/loja-virtual\/wp-content\/uploads\/2025\/04\/pg10-215x300.jpg\" class=\"attachment-medium size-medium\" alt=\"\" srcset=\"https:\/\/editoraplantasdobrasil.com.br\/loja-virtual\/wp-content\/uploads\/2025\/04\/pg10-215x300.jpg 215w, https:\/\/editoraplantasdobrasil.com.br\/loja-virtual\/wp-content\/uploads\/2025\/04\/pg10.jpg 330w\" sizes=\"auto, (max-width: 215px) 100vw, 215px\" \/><\/a>\n\t\t\t<\/dt><\/dl><dl class='gallery-item'>\n\t\t\t<dt class='gallery-icon portrait'>\n\t\t\t\t<a href='https:\/\/editoraplantasdobrasil.com.br\/loja-virtual\/dendrologia-o-estudo-das-arvores\/pg11\/'><img loading=\"lazy\" decoding=\"async\" width=\"215\" height=\"300\" src=\"https:\/\/editoraplantasdobrasil.com.br\/loja-virtual\/wp-content\/uploads\/2025\/04\/pg11-215x300.jpg\" class=\"attachment-medium size-medium\" alt=\"\" srcset=\"https:\/\/editoraplantasdobrasil.com.br\/loja-virtual\/wp-content\/uploads\/2025\/04\/pg11-215x300.jpg 215w, https:\/\/editoraplantasdobrasil.com.br\/loja-virtual\/wp-content\/uploads\/2025\/04\/pg11.jpg 330w\" sizes=\"auto, (max-width: 215px) 100vw, 215px\" \/><\/a>\n\t\t\t<\/dt><\/dl><dl class='gallery-item'>\n\t\t\t<dt class='gallery-icon portrait'>\n\t\t\t\t<a href='https:\/\/editoraplantasdobrasil.com.br\/loja-virtual\/dendrologia-o-estudo-das-arvores\/pg12\/'><img loading=\"lazy\" decoding=\"async\" width=\"215\" height=\"300\" src=\"https:\/\/editoraplantasdobrasil.com.br\/loja-virtual\/wp-content\/uploads\/2025\/04\/pg12-215x300.jpg\" class=\"attachment-medium size-medium\" alt=\"\" srcset=\"https:\/\/editoraplantasdobrasil.com.br\/loja-virtual\/wp-content\/uploads\/2025\/04\/pg12-215x300.jpg 215w, https:\/\/editoraplantasdobrasil.com.br\/loja-virtual\/wp-content\/uploads\/2025\/04\/pg12.jpg 330w\" sizes=\"auto, (max-width: 215px) 100vw, 215px\" \/><\/a>\n\t\t\t<\/dt><\/dl><br style=\"clear: both\" \/><dl class='gallery-item'>\n\t\t\t<dt class='gallery-icon portrait'>\n\t\t\t\t<a href='https:\/\/editoraplantasdobrasil.com.br\/loja-virtual\/dendrologia-o-estudo-das-arvores\/pg13\/'><img loading=\"lazy\" decoding=\"async\" width=\"215\" height=\"300\" src=\"https:\/\/editoraplantasdobrasil.com.br\/loja-virtual\/wp-content\/uploads\/2025\/04\/pg13-215x300.jpg\" class=\"attachment-medium size-medium\" alt=\"\" srcset=\"https:\/\/editoraplantasdobrasil.com.br\/loja-virtual\/wp-content\/uploads\/2025\/04\/pg13-215x300.jpg 215w, https:\/\/editoraplantasdobrasil.com.br\/loja-virtual\/wp-content\/uploads\/2025\/04\/pg13.jpg 330w\" sizes=\"auto, (max-width: 215px) 100vw, 215px\" \/><\/a>\n\t\t\t<\/dt><\/dl><dl class='gallery-item'>\n\t\t\t<dt class='gallery-icon portrait'>\n\t\t\t\t<a href='https:\/\/editoraplantasdobrasil.com.br\/loja-virtual\/dendrologia-o-estudo-das-arvores\/pg14\/'><img loading=\"lazy\" decoding=\"async\" width=\"215\" height=\"300\" src=\"https:\/\/editoraplantasdobrasil.com.br\/loja-virtual\/wp-content\/uploads\/2025\/04\/pg14-215x300.jpg\" class=\"attachment-medium size-medium\" alt=\"\" srcset=\"https:\/\/editoraplantasdobrasil.com.br\/loja-virtual\/wp-content\/uploads\/2025\/04\/pg14-215x300.jpg 215w, https:\/\/editoraplantasdobrasil.com.br\/loja-virtual\/wp-content\/uploads\/2025\/04\/pg14.jpg 330w\" sizes=\"auto, (max-width: 215px) 100vw, 215px\" \/><\/a>\n\t\t\t<\/dt><\/dl><dl class='gallery-item'>\n\t\t\t<dt class='gallery-icon portrait'>\n\t\t\t\t<a href='https:\/\/editoraplantasdobrasil.com.br\/loja-virtual\/dendrologia-o-estudo-das-arvores\/pg15\/'><img loading=\"lazy\" decoding=\"async\" width=\"215\" height=\"300\" src=\"https:\/\/editoraplantasdobrasil.com.br\/loja-virtual\/wp-content\/uploads\/2025\/04\/pg15-215x300.jpg\" class=\"attachment-medium size-medium\" alt=\"\" srcset=\"https:\/\/editoraplantasdobrasil.com.br\/loja-virtual\/wp-content\/uploads\/2025\/04\/pg15-215x300.jpg 215w, https:\/\/editoraplantasdobrasil.com.br\/loja-virtual\/wp-content\/uploads\/2025\/04\/pg15.jpg 330w\" sizes=\"auto, (max-width: 215px) 100vw, 215px\" \/><\/a>\n\t\t\t<\/dt><\/dl><dl class='gallery-item'>\n\t\t\t<dt class='gallery-icon portrait'>\n\t\t\t\t<a href='https:\/\/editoraplantasdobrasil.com.br\/loja-virtual\/dendrologia-o-estudo-das-arvores\/pg16\/'><img loading=\"lazy\" decoding=\"async\" width=\"215\" height=\"300\" src=\"https:\/\/editoraplantasdobrasil.com.br\/loja-virtual\/wp-content\/uploads\/2025\/04\/pg16-215x300.jpg\" class=\"attachment-medium size-medium\" alt=\"\" srcset=\"https:\/\/editoraplantasdobrasil.com.br\/loja-virtual\/wp-content\/uploads\/2025\/04\/pg16-215x300.jpg 215w, https:\/\/editoraplantasdobrasil.com.br\/loja-virtual\/wp-content\/uploads\/2025\/04\/pg16.jpg 330w\" sizes=\"auto, (max-width: 215px) 100vw, 215px\" \/><\/a>\n\t\t\t<\/dt><\/dl><br style=\"clear: both\" \/>\n\t\t<\/div>\n<\/p>\n<p><\/center><\/p>\n<h3>Especifica\u00e7\u00f5es<\/h3>\n<p>&nbsp;<br \/>\nISBN: 978-65-992399-9-1<br \/>\nAutor: Daniel Saueressig (Eng. Florestal M.Sc.)<\/p>\n<ul>\n<li>Formato: PDF;<\/li>\n<li>N\u00famero total de p\u00e1ginas: 324;<\/li>\n<p><\/UL><\/p>\n<p>&nbsp;&nbsp;<\/p>\n<h3>Conte\u00fado<\/h3>\n<p>&nbsp;<\/p>\n<h4>I &#8211; INTRODU\u00c7\u00c3O \u00c0 DENDROLOGIA<\/h4>\n<p><strong>1 &#8211; Conceitos Taxon\u00f4micos<\/strong><\/p>\n<p><strong>2 &#8211; Nomes das \u00c1rvores<\/strong><br \/>\n2.1 &#8211; Nome Gen\u00e9rico<br \/>\n2.2 &#8211; Nome Espec\u00edfico<br \/>\n2.3 &#8211; Nome Popular<br \/>\n2.4 &#8211; Sinon\u00edmia<br \/>\n2.5 &#8211; Nome do Autor<\/p>\n<p><strong>3 \u2013 Pron\u00fancia dos Nomes Cient\u00edficos<\/strong><br \/>\n3.1 \u2013 Alfabeto Latino e Fonologia<br \/>\n3.2 \u2013 Alfabeto Fon\u00e9tico Internacional<br \/>\n3.3 \u2013 Vogais<br \/>\n3.4 \u2013 Consoantes<br \/>\n3.5 \u2013 Encontros Voc\u00e1licos<br \/>\n3.6 \u2013 Encontros Consonantais<br \/>\n3.7 \u2013 Radicais e Afixos<br \/>\n3.8 \u2013 S\u00edlaba T\u00f4nica<\/p>\n<p>&nbsp;<\/p>\n<h4>II &#8211; TERMINOLOGIA DENDROL\u00d3GICA<\/h4>\n<p><strong>1 &#8211; \u00c1rvore<\/strong><br \/>\n1.1 &#8211; Porte<br \/>\n1.2 &#8211; H\u00e1bito<\/p>\n<p><strong>2 &#8211; Folha<\/strong><br \/>\n2.1 &#8211; Tipo de Folha<br \/>\n2.2 &#8211; Filotaxia<br \/>\n2.3 &#8211; Forma<br \/>\n2.4 &#8211; Margem<br \/>\n2.5 &#8211; \u00c1pice<br \/>\n2.6 &#8211; Base<br \/>\n2.7 &#8211; Nerva\u00e7\u00e3o<br \/>\n2.8 &#8211; Consist\u00eancia<br \/>\n2.9 &#8211; Pilosidade<br \/>\n2.10 &#8211; Tamanho<br \/>\n2.11 &#8211; Est\u00edpulas<br \/>\n2.11 &#8211; Gl\u00e2ndulas<br \/>\n2.11 &#8211; Dom\u00e1cias<br \/>\n2.11 &#8211; Pec\u00edolo e R\u00e1quis<\/p>\n<p><strong>3 &#8211; Tronco<\/strong><br \/>\n3.1 &#8211; Forma<br \/>\n3.2 &#8211; Tipos<br \/>\n3.3 &#8211; Base<br \/>\n3.4 &#8211; Ramifica\u00e7\u00e3o<\/p>\n<p><strong>4 &#8211; Casca<\/strong><br \/>\n4.1 &#8211; Apar\u00eancia<br \/>\n4.2 &#8211; Deisc\u00eancia<br \/>\n4.3 &#8211; Cor<br \/>\n4.4 &#8211; Textura Interna<br \/>\n4.5 &#8211; Estrutura Interna<br \/>\n4.6 &#8211; Cor Interna<br \/>\n4.7 &#8211; Lenticelas<br \/>\n4.8 &#8211; Cicatrizes Peciolares<\/p>\n<p><strong>5 &#8211; Caracteres Eventuais na Folha, Tronco ou Casca<\/strong><br \/>\n5.1 &#8211; Odor e Gosto<br \/>\n5.2 &#8211; Espinhos e Ac\u00faleos<br \/>\n5.3 &#8211; Exsuda\u00e7\u00f5es<br \/>\n<strong><br \/>\n6 &#8211; Copa<\/strong><br \/>\n6.1 &#8211; Densidade<br \/>\n6.2 &#8211; Forma<\/p>\n<p><strong>7 &#8211; Flor<\/strong><br \/>\n7.1 &#8211; C\u00e1lice<br \/>\n7.2 &#8211; Corola<br \/>\n7.3 &#8211; Androceu<br \/>\n7.4 &#8211; Gineceu<br \/>\n7.5 &#8211; Infloresc\u00eancia<\/p>\n<p><strong>8 &#8211; Fruto<\/strong><br \/>\n8.1 &#8211; Frutos Simples<br \/>\n8.2 &#8211; Frutos Compostos<\/p>\n<p><strong>9 &#8211; Semente<\/strong><\/p>\n<p>&nbsp;<\/p>\n<h4>III &#8211; CHAVES DENDROL\u00d3GICAS DE CAMPO PARA G\u00caNEROS E FAM\u00cdLIAS BOT\u00c2NICAS DE MAIOR INTERESSE NO BRASIL<\/h4>\n<p><strong>1 &#8211; Forma de Crescimento e Tipo de Folha<\/strong><\/p>\n<p><strong>2 &#8211; Folha Simples<\/strong><br \/>\n2.1 &#8211; Filotaxia Alterna-d\u00edstica<br \/>\n2.2 &#8211; Filotaxia Alterna-espiralada<br \/>\n2.3 &#8211; Filotaxia Alterna-congesta<br \/>\n2.4 &#8211; Filotaxia Oposta<br \/>\n2.5 &#8211; Filotaxia Verticilada<\/p>\n<p><strong>3 &#8211; Folha Bifoliolada<\/strong><\/p>\n<p><strong>4 &#8211; Folha Trifoliolada<\/strong><\/p>\n<p><strong>5 &#8211; Folha Digitada<\/strong><\/p>\n<p><strong>6 &#8211; Folha Pinada<\/strong><\/p>\n<p><strong>7 &#8211; Folha Bipinada<\/strong><\/p>\n<p>&nbsp;<\/p>\n<h4>IV &#8211; CARACTER\u00cdSTICAS DENDROL\u00d3GICAS DAS PRINCIPAIS FAM\u00cdLIAS BOT\u00c2NICAS BRASILEIRAS<\/h4>\n<p>&nbsp;<\/p>\n<h4>V \u2013 T\u00c9CNICAS DE COLETA E HERBORIZA\u00c7\u00c3O<\/h4>\n<p><strong>1 \u2013 Coleta de Material Dendrol\u00f3gico<\/strong><br \/>\n1.1 \u2013 Materiais de Coleta<br \/>\n1.2 \u2013 Numera\u00e7\u00e3o<br \/>\n1.3 \u2013 Acomoda\u00e7\u00e3o Tempor\u00e1ria<br \/>\n1.4 \u2013 Boas Pr\u00e1ticas de Campo<\/p>\n<p><strong>2 \u2013 Prensagem<\/strong><\/p>\n<p><strong>3 \u2013 Secagem<\/strong><\/p>\n<p><strong>4 \u2013 Montagem das Exsicatas<\/strong><\/p>\n<p><strong>5 \u2013 Conserva\u00e7\u00e3o de Amostras Especiais<\/strong><\/p>\n<p><strong>6 \u2013 Identifica\u00e7\u00e3o<\/strong><\/p>\n<p><strong>7 \u2013  Incorpora\u00e7\u00e3o ao Herb\u00e1rio<\/strong><\/p>\n<p>&nbsp;<\/p>\n<h4>VI \u2013 \u00c1REAS DE ESTUDO DENDROL\u00d3GICO<\/h4>\n<p><strong>1 \u2013 Jardins Bot\u00e2nicos<\/strong><\/p>\n<p><strong>2 \u2013 Arboretos<\/strong><\/p>\n<p><strong>3 \u2013 Parques<\/strong><\/p>\n<p><strong>4 \u2013 Remanescentes Florestais<\/strong><\/p>\n<p>&nbsp;<\/p>\n<h4>VII \u2013 RECURSOS DIGITAIS E ANAL\u00d3GICOS PARA IDENTIFICA\u00c7\u00c3O<\/h4>\n<p><strong>1 \u2013 Guias de Identifica\u00e7\u00e3o<\/strong><\/p>\n<p><strong>2 \u2013 Chaves de Identifica\u00e7\u00e3o<\/strong><br \/>\n2.1 \u2013 Chaves Dicot\u00f4micas<br \/>\n2.2 \u2013 Chaves de M\u00faltiplas Entradas<\/p>\n<p><strong>3 \u2013 Consulta a Herb\u00e1rios e Especialistas<\/strong><\/p>\n<p><strong>4 \u2013 Bases de Dados Bot\u00e2nicos<\/strong><\/p>\n<p><strong>5 \u2013 Grupos de Identifica\u00e7\u00e3o por Imagem<\/strong><\/p>\n<p>&nbsp;<\/p>\n<h4>VIII \u2013 NO\u00c7\u00d5ES SOBRE A VEGETA\u00c7\u00c3O BRASILEIRA<\/h4>\n<p><strong>1 \u2013 Dom\u00ednios Fitogeogr\u00e1ficos<\/strong><br \/>\n1.1 \u2013 Amaz\u00f4nia<br \/>\n1.2 \u2013 Caatinga<br \/>\n1.3 \u2013 Cerrado<br \/>\n1.4 \u2013 Mata Atl\u00e2ntica<br \/>\n1.5 \u2013 Pampa<br \/>\n1.6 \u2013 Pantanal<\/p>\n<p><strong>2 \u2013 Tipos de Vegeta\u00e7\u00e3o<\/strong><br \/>\n2.1 \u2013 Floresta Ombr\u00f3fila Densa<br \/>\n2.2 \u2013 Floresta Ombr\u00f3fila Aberta<br \/>\n2.3 \u2013 Floresta Ombr\u00f3fila Mista<br \/>\n2.4 \u2013 Floresta Estacional Semidecidual<br \/>\n2.5 \u2013 Floresta Estacional Decidual<br \/>\n2.6 \u2013 Campinarana<br \/>\n2.7 \u2013 Savana<br \/>\n2.8 \u2013 Savana Est\u00e9pica<br \/>\n2.9 \u2013 Estepe<br \/>\n2.10 \u2013 \u00c1reas de Forma\u00e7\u00f5es Pioneiras<br \/>\n2.11 \u2013 \u00c1rea de Tens\u00e3o Ecol\u00f3gica<br \/>\n2.12 \u2013 Ref\u00fagio Ecol\u00f3gico<\/p>\n<p>&nbsp;<\/p>\n<h4>IX \u2013 REFER\u00caNCIAS<\/h4>\n<p>&nbsp;&nbsp;<\/p>\n<div style=\"text-align: center;\">\n<img decoding=\"async\" src=\"https:\/\/www.editoraplantasdobrasil.com.br\/loja-virtual\/wp-content\/uploads\/2019\/05\/seta_vermelha.png\" \/>\n<\/div>\n<div style=\"clear: both;\"><\/div>\n<h3 style=\"text-align: center;\"><strong><span style=\"color: #ff0000;\">Promo\u00e7\u00e3o!<\/span><\/strong><\/h3>\n<h3 style=\"text-align: center;\">de <s><strong><span style=\"color: #16A086; font-size: 26px;\">R$79,00<\/span><\/strong><\/s> por apenas <strong><span style=\"color: #359200; font-size: 40px;\">R$49,00<\/span><\/strong><\/h3>\n<p><center><\/p>\n<p><i>Pague em at\u00e9 <strong>12x<\/strong><\/i><br \/>\n<\/center><\/p>\n<div style=\"clear: both;\"><\/div>\n<p>&nbsp;<br \/>\n<center><\/p>\n<p align=\"center\"><a href=\"https:\/\/www.editoraplantasdobrasil.com.br\/loja-virtual\/vitrine\/?add-to-cart=12482\" title=\"Clique aqui para comprar o eBook: DENDROLOGIA: O estudo das \u00e1rvores\"><img decoding=\"async\" src=\"https:\/\/www.editoraplantasdobrasil.com.br\/loja-virtual\/wp-content\/uploads\/2019\/05\/comprar.gif\" \/><\/a><\/p>\n<p><img decoding=\"async\" src=\"https:\/\/www.editoraplantasdobrasil.com.br\/loja-virtual\/wp-content\/uploads\/2019\/05\/ambiente_seguro.jpg\"><\/p>\n<p><\/center><\/p>\n<p><!--\n\n&nbsp;\n\n\n<div style=\"text-align: left; padding: 5px; border-style: groove;  border-color: #B59C7F;  border-width: 3px;\">\nRessaltamos que se trata de uma <font color=\"red\">Pr\u00e9-Venda<\/font>. Os livros adquiridos agora ser\u00e3o enviados assim que chegarem da gr\u00e1fica (a partir de 05\/05\/2025), com dedicat\u00f3ria exclusiva do autor e processados conforme a ordem dos pedidos.<!-- <br \/><strong>Observa\u00e7\u00e3o:<\/strong> quem adquirir agora garante seu exemplar com dedicat\u00f3ria, al\u00e9m de aproveitar o desconto especial de lan\u00e7amento e frete gr\u00e1tis.\n<\/div>\n\n\n&nbsp;\n--><\/p>\n<div style=\"clear: both;\"><\/div>\n<p>&nbsp; &nbsp;<\/p>\n<div style=\"clear: both;\"><\/div>\n<p>&nbsp; &nbsp;<\/p>\n<div style=\"clear: both;\"><\/div>\n<p>&nbsp;&nbsp;<\/p>\n<p><center><\/p>\n<h3>D\u00favidas? Fale Conosco!<\/h3>\n<p><a href=\"https:\/\/api.whatsapp.com\/send?phone=5542999752772\" target=\"_blank\" rel=\"noopener noreferrer\">42 99975-2772<\/a> (Telefone e WhatsApp)<\/p>\n<p><a href=\"https:\/\/www.editoraplantasdobrasil.com.br\/loja-virtual\/fale-conosco\/\" title=\"Fale Conosco\" alt=\"Fale Conosco\"> Formul\u00e1rio de Contato<\/a><\/p>\n<p><\/center><\/p>\n","protected":false},"excerpt":{"rendered":"<p>UM GUIA COMPLETO PARA O ESTUDO E IDENTIFICA\u00c7\u00c3O DE \u00c1RVORES BRASILEIRAS &nbsp; Promo\u00e7\u00e3o! de R$79,00 por apenas R$49,00 Pague em at\u00e9 12x &nbsp; &nbsp; &nbsp;&nbsp; &nbsp;&nbsp; Apresenta\u00e7\u00e3o &nbsp; Este livro \u2013 DENDROLOGIA: O Estudo das \u00c1rvores \u2013 \u00e9 um guia ilustrado que abrange a morfologia e a taxonomia das \u00e1rvores brasileiras, marcando o in\u00edcio da [&hellip;]<\/p>\n","protected":false},"author":1,"featured_media":0,"parent":0,"menu_order":0,"comment_status":"closed","ping_status":"closed","template":"","meta":{"content-type":"","_exactmetrics_skip_tracking":false,"_exactmetrics_sitenote_active":false,"_exactmetrics_sitenote_note":"","_exactmetrics_sitenote_category":0,"footnotes":""},"class_list":["post-12439","page","type-page","status-publish","hentry"],"_links":{"self":[{"href":"https:\/\/editoraplantasdobrasil.com.br\/loja-virtual\/wp-json\/wp\/v2\/pages\/12439","targetHints":{"allow":["GET"]}}],"collection":[{"href":"https:\/\/editoraplantasdobrasil.com.br\/loja-virtual\/wp-json\/wp\/v2\/pages"}],"about":[{"href":"https:\/\/editoraplantasdobrasil.com.br\/loja-virtual\/wp-json\/wp\/v2\/types\/page"}],"author":[{"embeddable":true,"href":"https:\/\/editoraplantasdobrasil.com.br\/loja-virtual\/wp-json\/wp\/v2\/users\/1"}],"replies":[{"embeddable":true,"href":"https:\/\/editoraplantasdobrasil.com.br\/loja-virtual\/wp-json\/wp\/v2\/comments?post=12439"}],"version-history":[{"count":5,"href":"https:\/\/editoraplantasdobrasil.com.br\/loja-virtual\/wp-json\/wp\/v2\/pages\/12439\/revisions"}],"predecessor-version":[{"id":12511,"href":"https:\/\/editoraplantasdobrasil.com.br\/loja-virtual\/wp-json\/wp\/v2\/pages\/12439\/revisions\/12511"}],"wp:attachment":[{"href":"https:\/\/editoraplantasdobrasil.com.br\/loja-virtual\/wp-json\/wp\/v2\/media?parent=12439"}],"curies":[{"name":"wp","href":"https:\/\/api.w.org\/{rel}","templated":true}]}}