{"id":12473,"date":"2025-12-17T13:46:48","date_gmt":"2025-12-17T16:46:48","guid":{"rendered":"https:\/\/www.editoraplantasdobrasil.com.br\/loja-virtual\/?page_id=12473"},"modified":"2026-01-29T14:34:45","modified_gmt":"2026-01-29T17:34:45","slug":"3-ebooks-plantas-do-brasil","status":"publish","type":"page","link":"https:\/\/editoraplantasdobrasil.com.br\/loja-virtual\/3-ebooks-plantas-do-brasil\/","title":{"rendered":"\ud83d\udcda LAN\u00c7AMENTO"},"content":{"rendered":"<h2><center>Pacote com 3 novos eBooks<\/center><\/h2>\n<div style=\"clear: both;\"><\/div>\n<p>&nbsp; &nbsp;<\/p>\n<h2><center>\ud83d\udca5 HOJE com 50% de Desconto!<\/center><\/h2>\n<div style=\"clear: both;\"><\/div>\n<p>&nbsp; &nbsp;<\/p>\n<div style=\"float: left; width: 100%; border: solid black 1px; background: #ffffff; margin: 10px; padding: 10px;\">\n<div style=\"float: left;  background: #ffffff; margin: 5px; padding: 5px;\">\n<h4><img decoding=\"async\" src=\"https:\/\/www.editoraplantasdobrasil.com.br\/loja-virtual\/wp-content\/uploads\/2025\/12\/DENDROLOGIA-o-estudo-das-arvores-ebook.jpg\" width=\"200px\"><\/h4>\n<\/div>\n<div style=\"float: right;  background: #ffffff; margin: 5px; padding: 5px;\">\n<p><strong>DENDROLOGIA: O estudo das \u00e1rvores<\/strong><\/p>\n<p>Um Guia Completo para o Estudo e Identifica\u00e7\u00e3o de&nbsp;&nbsp;&nbsp;&nbsp;&nbsp;&nbsp;&nbsp;&nbsp;&nbsp;&nbsp;&nbsp;&nbsp;&nbsp;<br \/>\u00c1rvores Brasileiras. <\/p>\n<p><a href=\"https:\/\/www.editoraplantasdobrasil.com.br\/loja-virtual\/ebook-dendrologia-o-estudo-das-arvores\/\"><img decoding=\"async\" src=\"https:\/\/www.editoraplantasdobrasil.com.br\/loja-virtual\/wp-content\/uploads\/2019\/05\/saiba-mais.png\" width=\"100px\"><\/a><\/p>\n<\/div>\n<\/div>\n<p><center><\/p>\n<h1>+<\/h1>\n<p><\/center><\/p>\n<div style=\"float: left; width: 100%; border: solid black 1px; background: #ffffff; margin: 10px; padding: 10px;\">\n<div style=\"float: left;  background: #ffffff; margin: 5px; padding: 5px;\">\n<h4><img decoding=\"async\" src=\"https:\/\/www.editoraplantasdobrasil.com.br\/loja-virtual\/wp-content\/uploads\/2024\/12\/nomenclatura-botanica-ebook.jpg\" width=\"200px\"><\/h4>\n<\/div>\n<div style=\"float: right;  background: #ffffff; margin: 5px; padding: 5px;\">\n<p><strong>NOMENCLATURA BOT\u00c2NICA<\/strong><\/p>\n<p>Um Guia sobre as Origens, Significados e Pron\u00fancias&nbsp;&nbsp;&nbsp;&nbsp;&nbsp;&nbsp;&nbsp;&nbsp;&nbsp;&nbsp;&nbsp;<br \/>dos nomes das plantas brasileiras.&nbsp;&nbsp;&nbsp;<\/p>\n<p><a href=\"https:\/\/www.editoraplantasdobrasil.com.br\/loja-virtual\/ebook-nomenclatura-botanica\/\"><img decoding=\"async\" src=\"https:\/\/www.editoraplantasdobrasil.com.br\/loja-virtual\/wp-content\/uploads\/2019\/05\/saiba-mais.png\" width=\"100px\"><\/a><\/p>\n<\/div>\n<\/div>\n<p><center><\/p>\n<h1>+<\/h1>\n<p><\/center><\/p>\n<div style=\"float: left; width: 100%; border: solid black 1px; background: #ffffff; margin: 10px; padding: 10px;\">\n<div style=\"float: left;  background: #ffffff; margin: 5px; padding: 5px;\">\n<h4><img decoding=\"async\" src=\"https:\/\/www.editoraplantasdobrasil.com.br\/loja-virtual\/wp-content\/uploads\/2025\/12\/arvores-da-fom-ebook.jpg\" width=\"200px\"><\/h4>\n<\/div>\n<div style=\"float: right;  background: #ffffff; margin: 5px; padding: 5px;\">\n<p><strong>\u00c1RVORES DA FOM<\/strong><\/p>\n<p>Um Guia Fotogr\u00e1fico para a Identifica\u00e7\u00e3o de&nbsp;&nbsp;&nbsp;&nbsp;&nbsp;&nbsp;&nbsp;&nbsp;&nbsp;&nbsp;&nbsp;&nbsp;&nbsp;&nbsp;&nbsp;&nbsp;&nbsp;&nbsp;&nbsp;<br \/>Esp\u00e9cies Arb\u00f3reas da Floresta Ombr\u00f3fila Mista.&nbsp;&nbsp;&nbsp;&nbsp;&nbsp;&nbsp;&nbsp;&nbsp;&nbsp;&nbsp;&nbsp;&nbsp;&nbsp;&nbsp;&nbsp;&nbsp;&nbsp;&nbsp;&nbsp;<\/p>\n<p><a href=\"https:\/\/www.editoraplantasdobrasil.com.br\/loja-virtual\/ebook-arvores-da-fom\/\"><img decoding=\"async\" src=\"https:\/\/www.editoraplantasdobrasil.com.br\/loja-virtual\/wp-content\/uploads\/2019\/05\/saiba-mais.png\" width=\"100px\"><\/a><\/p>\n<\/div>\n<\/div>\n<p>&nbsp;<\/p>\n<div style=\"text-align: center;\">\n<img decoding=\"async\" src=\"https:\/\/www.editoraplantasdobrasil.com.br\/loja-virtual\/wp-content\/uploads\/2019\/05\/seta_vermelha.png\" \/>\n<\/div>\n<div style=\"clear: both;\"><\/div>\n<p><!--\n\n\n<h2 style=\"text-align: center;\"><strong><span style=\"color: #ff0000;\">Promo\u00e7\u00e3o!<\/span><\/strong><\/h2>\n\n\n--><\/p>\n<p><center><\/p>\n<h3><font color=\"red\"><strong>50% de desconto! <\/strong><\/font><\/p>\n<h3>\n<\/center><\/p>\n<p><center><\/p>\n<h3>HOJE os 3 eBooks<\/h3>\n<p><\/center><\/p>\n<h3 style=\"text-align: center;\">de <s><strong><span style=\"color: #359200; font-size: 26px;\">R$147,00<\/span><\/strong><\/s> por <center>apenas <strong><span style=\"color: #359200; font-size: 48px;\">R$73,50<\/span><\/strong><\/h3>\n<p><\/center><\/p>\n<p><center><\/p>\n<p><i>Pague em at\u00e9 <strong>11x<\/strong><\/i><\/p>\n<p><\/center><\/p>\n<div style=\"clear: both;\"><\/div>\n<p><center><br \/>\n<!--\n\n\n<p><font color=\"red\"><strong>FRETE GR\u00c1TIS<\/strong> *<\/font>\n\n<p>\n--><\/p>\n<p align=\"center\"><a href=\"https:\/\/www.editoraplantasdobrasil.com.br\/loja-virtual\/vitrine\/?add-to-cart=12485\" title=\"Clique aqui para comprar os 3 eBooks com 50% de desnconto!\"><img decoding=\"async\" src=\"https:\/\/www.editoraplantasdobrasil.com.br\/loja-virtual\/wp-content\/uploads\/2019\/05\/comprar.gif\" \/><\/a><\/p>\n<p><img decoding=\"async\" src=\"https:\/\/www.editoraplantasdobrasil.com.br\/loja-virtual\/wp-content\/uploads\/2019\/05\/ambiente_seguro.jpg\"><\/p>\n<p><!--\n\n<p>Para comprar via smartphone <a href=\"https:\/\/pag.ae\/bcs6nw9\" target=\"_blank\" title=\"Clique aqui para comprar o eBook: Plantas do Brasil - Esp\u00e9cies Ornamentais Vol.1\" rel=\"noopener noreferrer\">CLIQUE AQUI<\/a>.--><\/p>\n<p><!--\n\n\n<div style=\"color: navy; background-color: pink; border: 2px solid blue; padding: 5px;\">\n\n\n<h4><font color=\"red\"><strong>* HOJE com FRETE GR\u00c1TIS para todo o pa\u00eds!<\/strong><\/font><\/h4>\n\n\n<\/div>\n\n\n--><\/p>\n<p><\/center><\/p>\n<div style=\"clear: both;\"><\/div>\n<p>&nbsp; &nbsp;<\/p>\n<div style=\"clear: both;\"><\/div>\n<p>&nbsp; &nbsp;<\/p>\n<div style=\"clear: both;\"><\/div>\n<p>&nbsp;&nbsp;<\/p>\n<p><center><\/p>\n<h3>D\u00favidas? Fale Conosco!<\/h3>\n<p><a href=\"https:\/\/api.whatsapp.com\/send?phone=5542999752772\" target=\"_blank\" rel=\"noopener noreferrer\">42 99975-2772<\/a> (Telefone e WhatsApp)<\/p>\n<p><a href=\"https:\/\/www.editoraplantasdobrasil.com.br\/loja-virtual\/fale-conosco\/\" title=\"Fale Conosco\" alt=\"Fale Conosco\"> Formul\u00e1rio de Contato<\/a><\/p>\n<p><\/center><\/p>\n","protected":false},"excerpt":{"rendered":"<p>Pacote com 3 novos eBooks &nbsp; &nbsp; \ud83d\udca5 HOJE com 50% de Desconto! &nbsp; &nbsp; DENDROLOGIA: O estudo das \u00e1rvores Um Guia Completo para o Estudo e Identifica\u00e7\u00e3o de&nbsp;&nbsp;&nbsp;&nbsp;&nbsp;&nbsp;&nbsp;&nbsp;&nbsp;&nbsp;&nbsp;&nbsp;&nbsp;\u00c1rvores Brasileiras. + NOMENCLATURA BOT\u00c2NICA Um Guia sobre as Origens, Significados e Pron\u00fancias&nbsp;&nbsp;&nbsp;&nbsp;&nbsp;&nbsp;&nbsp;&nbsp;&nbsp;&nbsp;&nbsp;dos nomes das plantas brasileiras.&nbsp;&nbsp;&nbsp; + \u00c1RVORES DA FOM Um Guia Fotogr\u00e1fico para a Identifica\u00e7\u00e3o [&hellip;]<\/p>\n","protected":false},"author":1,"featured_media":0,"parent":0,"menu_order":0,"comment_status":"closed","ping_status":"closed","template":"","meta":{"content-type":"","_exactmetrics_skip_tracking":false,"_exactmetrics_sitenote_active":false,"_exactmetrics_sitenote_note":"","_exactmetrics_sitenote_category":0,"footnotes":""},"class_list":["post-12473","page","type-page","status-publish","hentry"],"_links":{"self":[{"href":"https:\/\/editoraplantasdobrasil.com.br\/loja-virtual\/wp-json\/wp\/v2\/pages\/12473","targetHints":{"allow":["GET"]}}],"collection":[{"href":"https:\/\/editoraplantasdobrasil.com.br\/loja-virtual\/wp-json\/wp\/v2\/pages"}],"about":[{"href":"https:\/\/editoraplantasdobrasil.com.br\/loja-virtual\/wp-json\/wp\/v2\/types\/page"}],"author":[{"embeddable":true,"href":"https:\/\/editoraplantasdobrasil.com.br\/loja-virtual\/wp-json\/wp\/v2\/users\/1"}],"replies":[{"embeddable":true,"href":"https:\/\/editoraplantasdobrasil.com.br\/loja-virtual\/wp-json\/wp\/v2\/comments?post=12473"}],"version-history":[{"count":36,"href":"https:\/\/editoraplantasdobrasil.com.br\/loja-virtual\/wp-json\/wp\/v2\/pages\/12473\/revisions"}],"predecessor-version":[{"id":12625,"href":"https:\/\/editoraplantasdobrasil.com.br\/loja-virtual\/wp-json\/wp\/v2\/pages\/12473\/revisions\/12625"}],"wp:attachment":[{"href":"https:\/\/editoraplantasdobrasil.com.br\/loja-virtual\/wp-json\/wp\/v2\/media?parent=12473"}],"curies":[{"name":"wp","href":"https:\/\/api.w.org\/{rel}","templated":true}]}}