{"id":13051,"date":"2026-03-17T14:53:34","date_gmt":"2026-03-17T17:53:34","guid":{"rendered":"https:\/\/www.editoraplantasdobrasil.com.br\/loja-virtual\/?page_id=13051"},"modified":"2026-03-17T18:10:48","modified_gmt":"2026-03-17T21:10:48","slug":"todos-os-ebooks","status":"publish","type":"page","link":"https:\/\/editoraplantasdobrasil.com.br\/loja-virtual\/todos-os-ebooks\/","title":{"rendered":"Os 8 eBooks <font color=\"red\">HOJE<\/font> com 60% OFF!"},"content":{"rendered":"<p><center><\/p>\n<h4>Tenha uma biblioteca completa de bot\u00e2nica e dendrologia na palma da sua m\u00e3o.<\/h4>\n<h4>Ideal para identifica\u00e7\u00e3o, estudo e consulta.<\/h4>\n<p><img loading=\"lazy\" decoding=\"async\" src=\"https:\/\/www.editoraplantasdobrasil.com.br\/loja-virtual\/wp-content\/uploads\/2026\/03\/8-ebooks-b.png\" alt=\"8 eBooks\" width=\"1200\" height=\"630\" class=\"alignnone size-full wp-image-13058\" srcset=\"https:\/\/editoraplantasdobrasil.com.br\/loja-virtual\/wp-content\/uploads\/2026\/03\/8-ebooks-b.png 1200w, https:\/\/editoraplantasdobrasil.com.br\/loja-virtual\/wp-content\/uploads\/2026\/03\/8-ebooks-b-300x158.png 300w, https:\/\/editoraplantasdobrasil.com.br\/loja-virtual\/wp-content\/uploads\/2026\/03\/8-ebooks-b-1024x538.png 1024w, https:\/\/editoraplantasdobrasil.com.br\/loja-virtual\/wp-content\/uploads\/2026\/03\/8-ebooks-b-768x403.png 768w, https:\/\/editoraplantasdobrasil.com.br\/loja-virtual\/wp-content\/uploads\/2026\/03\/8-ebooks-b-600x315.png 600w\" sizes=\"auto, (max-width: 1200px) 100vw, 1200px\" \/><\/p>\n<p><\/center><\/p>\n<h3>\ud83d\udc49 Voc\u00ea vai receber:<\/h3>\n<p><center><\/p>\n<p><strong><br \/>\n<a href=\"https:\/\/www.editoraplantasdobrasil.com.br\/loja-virtual\/ebook-plantas-do-brasil-arvores-nativas-vol-1\/\" target=\"_blank\" title=\"Saiba mais ...\">PLANTAS DO BRASIL \u2013 \u00c1RVORES NATIVAS VOL.1<\/a><br \/>\n+<br \/>\n<a href=\"https:\/\/www.editoraplantasdobrasil.com.br\/loja-virtual\/ebook-plantas-do-brasil-especies-ornamentais-vol-1\/\" target=\"_blank\" title=\"Saiba mais ...\">PLANTAS DO BRASIL \u2013 ESP\u00c9CIES ORNAMENTAIS VOL.1<\/a><br \/>\n+<br \/>\n<a href=\"https:\/\/www.editoraplantasdobrasil.com.br\/loja-virtual\/ebook-flora-do-brasil-em-imagens-vol-1\/\" target=\"_blank\" title=\"Saiba mais ...\">FLORA DO BRASIL EM IMAGENS VOL.1<\/a><br \/>\n+<br \/>\n<a href=\"https:\/\/www.editoraplantasdobrasil.com.br\/loja-virtual\/ebook-flora-do-brasil-em-imagens-vol-2\/\" target=\"_blank\" title=\"Saiba mais ...\">FLORA DO BRASIL EM IMAGENS VOL.2<\/a><br \/>\n+<br \/>\n<a href=\"https:\/\/www.editoraplantasdobrasil.com.br\/loja-virtual\/ebook-manual-de-dendrologia\/\" target=\"_blank\" title=\"Saiba mais ...\">MANUAL DE DENDROLOGIA<\/a><br \/>\n+<br \/>\n<a href=\"https:\/\/www.editoraplantasdobrasil.com.br\/loja-virtual\/ebook-nomenclatura-botanica\/\" target=\"_blank\" title=\"Saiba mais ...\">NOMENCLATURA BOT\u00c2NICA<\/a><br \/>\n+<br \/>\n<a href=\"https:\/\/www.editoraplantasdobrasil.com.br\/loja-virtual\/ebook-dendrologia-o-estudo-das-arvores\/\" target=\"_blank\" title=\"Saiba mais ...\">DENDROLOGIA: O ESTUDO DAS \u00c1RVORES<\/a><br \/>\n+<br \/>\n<a href=\"https:\/\/www.editoraplantasdobrasil.com.br\/loja-virtual\/ebook-arvores-da-fom\/\" target=\"_blank\" title=\"Saiba mais ...\">\u00c1RVORES DA FOM<\/a>\n<\/p>\n<p><\/strong><\/p>\n<p><\/center><\/p>\n<div style=\"text-align: center;\">\n<img decoding=\"async\" src=\"https:\/\/www.editoraplantasdobrasil.com.br\/loja-virtual\/wp-content\/uploads\/2019\/05\/seta_vermelha.png\" \/>\n<\/div>\n<div style=\"clear: both;\"><\/div>\n<p><center><\/p>\n<h3><font color=\"#FF0000\">\ud83d\udc49 Garanta agora os 8 eBooks com 60% OFF<\/font><\/h3>\n<p><!--\n\n<h2 style=\"text-align: center;\"><strong><span style=\"color: #4CD586; background: #000000;\">\ud83e\udd42Promo\u00e7\u00e3o de ANO NOVO\ud83e\udd42<\/span><\/strong><\/h2>\n\n--><br \/>\n<\/center><\/p>\n<div style=\"clear: both;\"><\/div>\n<h3 style=\"text-align: center;\">de <s><strong><span style=\"color: #16A086; font-size: 26px;\">R$392,00<\/span><\/strong><\/s><br \/> por apenas <strong><span style=\"color: #359200; font-size: 40px;\">R$147,00<\/span><\/strong><!--<font size=\"2\"><i>+ R$12,50 do frete<\/i><\/font>--><\/h3>\n<p><center><\/p>\n<p><i>Pague em at\u00e9 <strong>12x<\/strong><\/i><br \/>\n<\/center><\/p>\n<div style=\"clear: both;\"><\/div>\n<p>&nbsp;&nbsp;<\/p>\n<p><center><\/p>\n<p align=\"center\"><a href=\"https:\/\/www.editoraplantasdobrasil.com.br\/loja-virtual\/vitrine\/?add-to-cart=13105\" title=\"Clique aqui para comprar os 8 eBooks da Editora Plantas do Brasil\"><img decoding=\"async\" src=\"https:\/\/www.editoraplantasdobrasil.com.br\/loja-virtual\/wp-content\/uploads\/2019\/05\/comprar.gif\" \/><\/a><\/p>\n<p align=\"center\">Acesso imediato ap\u00f3s a compra<\/p>\n<p><img decoding=\"async\" src=\"https:\/\/www.editoraplantasdobrasil.com.br\/loja-virtual\/wp-content\/uploads\/2019\/05\/ambiente_seguro.jpg\"><\/p>\n<p><\/center><\/p>\n<div style=\"clear: both;\"><\/div>\n<p>&nbsp;&nbsp;<\/p>\n<div style=\"clear: both;\"><\/div>\n<p>&nbsp;&nbsp;<\/p>\n<p><center><\/p>\n<h3>D\u00favidas? Fale Conosco!<\/h3>\n<p><a href=\"https:\/\/api.whatsapp.com\/send?phone=5542999752772\" target=\"_blank\" rel=\"noopener noreferrer\">42 99975-2772<\/a> (Telefone e WhatsApp)<\/p>\n<p><a href=\"https:\/\/www.editoraplantasdobrasil.com.br\/loja-virtual\/fale-conosco\/\" title=\"Fale Conosco\" alt=\"Fale Conosco\"> Formul\u00e1rio de Contato<\/a><\/p>\n<p><\/center><\/p>\n","protected":false},"excerpt":{"rendered":"<p>Tenha uma biblioteca completa de bot\u00e2nica e dendrologia na palma da sua m\u00e3o. Ideal para identifica\u00e7\u00e3o, estudo e consulta. \ud83d\udc49 Voc\u00ea vai receber: PLANTAS DO BRASIL \u2013 \u00c1RVORES NATIVAS VOL.1 + PLANTAS DO BRASIL \u2013 ESP\u00c9CIES ORNAMENTAIS VOL.1 + FLORA DO BRASIL EM IMAGENS VOL.1 + FLORA DO BRASIL EM IMAGENS VOL.2 + MANUAL DE [&hellip;]<\/p>\n","protected":false},"author":1,"featured_media":0,"parent":0,"menu_order":0,"comment_status":"closed","ping_status":"closed","template":"","meta":{"content-type":"","_exactmetrics_skip_tracking":false,"_exactmetrics_sitenote_active":false,"_exactmetrics_sitenote_note":"","_exactmetrics_sitenote_category":0,"footnotes":""},"class_list":["post-13051","page","type-page","status-publish","hentry"],"_links":{"self":[{"href":"https:\/\/editoraplantasdobrasil.com.br\/loja-virtual\/wp-json\/wp\/v2\/pages\/13051","targetHints":{"allow":["GET"]}}],"collection":[{"href":"https:\/\/editoraplantasdobrasil.com.br\/loja-virtual\/wp-json\/wp\/v2\/pages"}],"about":[{"href":"https:\/\/editoraplantasdobrasil.com.br\/loja-virtual\/wp-json\/wp\/v2\/types\/page"}],"author":[{"embeddable":true,"href":"https:\/\/editoraplantasdobrasil.com.br\/loja-virtual\/wp-json\/wp\/v2\/users\/1"}],"replies":[{"embeddable":true,"href":"https:\/\/editoraplantasdobrasil.com.br\/loja-virtual\/wp-json\/wp\/v2\/comments?post=13051"}],"version-history":[{"count":50,"href":"https:\/\/editoraplantasdobrasil.com.br\/loja-virtual\/wp-json\/wp\/v2\/pages\/13051\/revisions"}],"predecessor-version":[{"id":13060,"href":"https:\/\/editoraplantasdobrasil.com.br\/loja-virtual\/wp-json\/wp\/v2\/pages\/13051\/revisions\/13060"}],"wp:attachment":[{"href":"https:\/\/editoraplantasdobrasil.com.br\/loja-virtual\/wp-json\/wp\/v2\/media?parent=13051"}],"curies":[{"name":"wp","href":"https:\/\/api.w.org\/{rel}","templated":true}]}}