{"id":15,"date":"2019-05-14T00:31:26","date_gmt":"2019-05-14T00:31:26","guid":{"rendered":"https:\/\/www.editoraplantasdobrasil.com.br\/?page_id=15"},"modified":"2023-05-11T22:14:00","modified_gmt":"2023-05-12T01:14:00","slug":"ebook-manual-de-dendrologia","status":"publish","type":"page","link":"https:\/\/editoraplantasdobrasil.com.br\/loja-virtual\/ebook-manual-de-dendrologia\/","title":{"rendered":"Manual de Dendrologia"},"content":{"rendered":"<p><center><br \/>\n<img decoding=\"async\" src=\"https:\/\/www.editoraplantasdobrasil.com.br\/loja-virtual\/wp-content\/uploads\/2019\/05\/ebook-manual-de-dendrologia.jpg\" width=\"500px\"\/><\/p>\n<h4>UM GUIA ILUSTRADO DE MORFOLOGIA E TAXONOMIA DE \u00c1RVORES BRASILEIRAS.<\/h4>\n<p><\/center><\/p>\n<p>&nbsp;<\/p>\n<div style=\"text-align: center;\">\n<img decoding=\"async\" src=\"https:\/\/www.editoraplantasdobrasil.com.br\/loja-virtual\/wp-content\/uploads\/2019\/05\/seta_vermelha.png\" \/>\n<\/div>\n<div style=\"clear: both;\"><\/div>\n<h2 style=\"text-align: center;\"><strong><span style=\"color: #ff0000;\">Promo\u00e7\u00e3o!<\/span><\/strong><\/h2>\n<p><!--\n<center>\n\n\n<h3><font color=\"red\"><strong>50% de desconto! <\/strong><\/font>\n\n<h3>\n<\/center>\n--><\/p>\n<h3 style=\"text-align: center;\">de <s><strong><span style=\"color: #359200; font-size: 26px;\">R$79,00<\/span><\/strong><\/s> por apenas <strong><span style=\"color: \n\n#359200; font-size: 40px;\">R$49,00<\/span><\/strong><\/h3>\n<p><center><\/p>\n<p><i>Pague em at\u00e9 <strong>11x<\/strong><\/i><\/p>\n<p><\/center><\/p>\n<div style=\"clear: both;\"><\/div>\n<p><center><br \/>\n<!--\n\n\n<p><font color=\"red\"><strong>ATEN\u00c7\u00c3O!<\/strong> HOJE \u00e9 o \u00daLTIMO DIA da promo\u00e7\u00e3o. Aproveite!<\/font>\n\n<p>\n--><\/p>\n<p align=\"center\"><a href=\"https:\/\/www.editoraplantasdobrasil.com.br\/loja-virtual\/vitrine\/?add-to-cart=66\" title=\"Clique aqui para comprar o eBook: Manual de Dendrologia\"><img decoding=\"async\" src=\"https:\/\/www.editoraplantasdobrasil.com.br\/loja-virtual\/wp-content\/uploads\/2019\/05\/comprar.gif\" \/><\/a><\/p>\n<p><img decoding=\"async\" src=\"https:\/\/www.editoraplantasdobrasil.com.br\/loja-virtual\/wp-content\/uploads\/2019\/05\/ambiente_seguro.jpg\"><\/p>\n<p><!--\n\n<p>Para comprar via smartphone <a href=\"http:\/\/pag.ae\/bks6nCl\" target=\"_blank\" title=\"Clique aqui para comprar o eBook: Manual de Dendrologia\" rel=\"noopener noreferrer\">CLIQUE AQUI<\/a><\/i>.--><\/p>\n<p><\/center><\/p>\n<div style=\"clear: both;\"><\/div>\n<p>&nbsp;&nbsp;<\/p>\n<div style=\"clear: both;\"><\/div>\n<p>&nbsp;&nbsp;<\/p>\n<h3>Apresenta\u00e7\u00e3o<\/h3>\n<p>\nEste livro &#8211; <strong>Manual de Dendrologia<\/strong> &#8211; \u00e9 um guia ilustrado de morfologia e taxonomia de \u00e1rvores brasileiras.\n<\/p>\n<p>\nA obra tem como objetivo principal proporcionar ao leitor um melhor entendimento dos caracteres taxon\u00f4micos e das diferen\u00e7as, muitas vezes sutis, que as \u00e1rvores apresentam, almejando resultados mais precisos e eficientes no processo de identifica\u00e7\u00e3o das \u00e1rvores em campo.\n<\/p>\n<p>\nNo manual, n\u00e3o s\u00f3 Engenheiros Florestais e Bi\u00f3logos, mas tamb\u00e9m Engenheiros Agr\u00f4nomos, Engenheiros Ambientais, Ec\u00f3logos, Paisagistas e demais interessados no tema, que admiram o mundo das plantas, poder\u00e3o encontrar uma fonte segura e ricamente ilustrada sobre a terminologia dendrol\u00f3gica, uma chave para o reconhecimento em campo das fam\u00edlias bot\u00e2nicas de maior interesse dendrol\u00f3gico no Brasil e um importante cap\u00edtulo com as caracter\u00edsticas morfol\u00f3gicas para identifica\u00e7\u00e3o das principais fam\u00edlias bot\u00e2nicas brasileiras.\n<\/p>\n<p>\n\u00c9 o resultado, que aqui continua sendo divulgado, de mais de 15 anos de estudos, pesquisas e in\u00fameras expedi\u00e7\u00f5es bot\u00e2nicas realizadas pelo autor em territ\u00f3rio nacional.\n<\/p>\n<\/p>\n<p>&nbsp;&nbsp;<\/p>\n<h3>Exemplos de p\u00e1ginas<\/h3>\n<p><center><br \/>\n<div id='gallery-1' class='gallery galleryid-15 gallery-columns-4 gallery-size-medium'><dl class='gallery-item'>\n\t\t\t<dt class='gallery-icon portrait'>\n\t\t\t\t<a href='https:\/\/editoraplantasdobrasil.com.br\/loja-virtual\/ebook-manual-de-dendrologia\/pag2-2\/'><img loading=\"lazy\" decoding=\"async\" width=\"208\" height=\"300\" src=\"https:\/\/editoraplantasdobrasil.com.br\/loja-virtual\/wp-content\/uploads\/2022\/08\/pag2-208x300.jpg\" class=\"attachment-medium size-medium\" alt=\"\" srcset=\"https:\/\/editoraplantasdobrasil.com.br\/loja-virtual\/wp-content\/uploads\/2022\/08\/pag2-208x300.jpg 208w, https:\/\/editoraplantasdobrasil.com.br\/loja-virtual\/wp-content\/uploads\/2022\/08\/pag2.jpg 277w\" sizes=\"auto, (max-width: 208px) 100vw, 208px\" \/><\/a>\n\t\t\t<\/dt><\/dl><dl class='gallery-item'>\n\t\t\t<dt class='gallery-icon portrait'>\n\t\t\t\t<a href='https:\/\/editoraplantasdobrasil.com.br\/loja-virtual\/ebook-manual-de-dendrologia\/pag3-2\/'><img loading=\"lazy\" decoding=\"async\" width=\"208\" height=\"300\" src=\"https:\/\/editoraplantasdobrasil.com.br\/loja-virtual\/wp-content\/uploads\/2022\/08\/pag3-208x300.jpg\" class=\"attachment-medium size-medium\" alt=\"\" srcset=\"https:\/\/editoraplantasdobrasil.com.br\/loja-virtual\/wp-content\/uploads\/2022\/08\/pag3-208x300.jpg 208w, https:\/\/editoraplantasdobrasil.com.br\/loja-virtual\/wp-content\/uploads\/2022\/08\/pag3.jpg 277w\" sizes=\"auto, (max-width: 208px) 100vw, 208px\" \/><\/a>\n\t\t\t<\/dt><\/dl><dl class='gallery-item'>\n\t\t\t<dt class='gallery-icon portrait'>\n\t\t\t\t<a href='https:\/\/editoraplantasdobrasil.com.br\/loja-virtual\/ebook-manual-de-dendrologia\/pag4-2\/'><img loading=\"lazy\" decoding=\"async\" width=\"208\" height=\"300\" src=\"https:\/\/editoraplantasdobrasil.com.br\/loja-virtual\/wp-content\/uploads\/2022\/08\/pag4-208x300.jpg\" class=\"attachment-medium size-medium\" alt=\"\" srcset=\"https:\/\/editoraplantasdobrasil.com.br\/loja-virtual\/wp-content\/uploads\/2022\/08\/pag4-208x300.jpg 208w, https:\/\/editoraplantasdobrasil.com.br\/loja-virtual\/wp-content\/uploads\/2022\/08\/pag4.jpg 277w\" sizes=\"auto, (max-width: 208px) 100vw, 208px\" \/><\/a>\n\t\t\t<\/dt><\/dl><dl class='gallery-item'>\n\t\t\t<dt class='gallery-icon portrait'>\n\t\t\t\t<a href='https:\/\/editoraplantasdobrasil.com.br\/loja-virtual\/ebook-manual-de-dendrologia\/pag5-2\/'><img loading=\"lazy\" decoding=\"async\" width=\"208\" height=\"300\" src=\"https:\/\/editoraplantasdobrasil.com.br\/loja-virtual\/wp-content\/uploads\/2022\/08\/pag5-208x300.jpg\" class=\"attachment-medium size-medium\" alt=\"\" srcset=\"https:\/\/editoraplantasdobrasil.com.br\/loja-virtual\/wp-content\/uploads\/2022\/08\/pag5-208x300.jpg 208w, https:\/\/editoraplantasdobrasil.com.br\/loja-virtual\/wp-content\/uploads\/2022\/08\/pag5.jpg 277w\" sizes=\"auto, (max-width: 208px) 100vw, 208px\" \/><\/a>\n\t\t\t<\/dt><\/dl><br style=\"clear: both\" \/><dl class='gallery-item'>\n\t\t\t<dt class='gallery-icon portrait'>\n\t\t\t\t<a href='https:\/\/editoraplantasdobrasil.com.br\/loja-virtual\/ebook-manual-de-dendrologia\/pag6-2\/'><img loading=\"lazy\" decoding=\"async\" width=\"208\" height=\"300\" src=\"https:\/\/editoraplantasdobrasil.com.br\/loja-virtual\/wp-content\/uploads\/2022\/08\/pag6-208x300.jpg\" class=\"attachment-medium size-medium\" alt=\"\" srcset=\"https:\/\/editoraplantasdobrasil.com.br\/loja-virtual\/wp-content\/uploads\/2022\/08\/pag6-208x300.jpg 208w, https:\/\/editoraplantasdobrasil.com.br\/loja-virtual\/wp-content\/uploads\/2022\/08\/pag6.jpg 277w\" sizes=\"auto, (max-width: 208px) 100vw, 208px\" \/><\/a>\n\t\t\t<\/dt><\/dl><dl class='gallery-item'>\n\t\t\t<dt class='gallery-icon portrait'>\n\t\t\t\t<a href='https:\/\/editoraplantasdobrasil.com.br\/loja-virtual\/ebook-manual-de-dendrologia\/pag7-2\/'><img loading=\"lazy\" decoding=\"async\" width=\"208\" height=\"300\" src=\"https:\/\/editoraplantasdobrasil.com.br\/loja-virtual\/wp-content\/uploads\/2022\/08\/pag7-208x300.jpg\" class=\"attachment-medium size-medium\" alt=\"\" srcset=\"https:\/\/editoraplantasdobrasil.com.br\/loja-virtual\/wp-content\/uploads\/2022\/08\/pag7-208x300.jpg 208w, https:\/\/editoraplantasdobrasil.com.br\/loja-virtual\/wp-content\/uploads\/2022\/08\/pag7.jpg 277w\" sizes=\"auto, (max-width: 208px) 100vw, 208px\" \/><\/a>\n\t\t\t<\/dt><\/dl><dl class='gallery-item'>\n\t\t\t<dt class='gallery-icon portrait'>\n\t\t\t\t<a href='https:\/\/editoraplantasdobrasil.com.br\/loja-virtual\/ebook-manual-de-dendrologia\/pag8-2\/'><img loading=\"lazy\" decoding=\"async\" width=\"208\" height=\"300\" src=\"https:\/\/editoraplantasdobrasil.com.br\/loja-virtual\/wp-content\/uploads\/2022\/08\/pag8-208x300.jpg\" class=\"attachment-medium size-medium\" alt=\"\" srcset=\"https:\/\/editoraplantasdobrasil.com.br\/loja-virtual\/wp-content\/uploads\/2022\/08\/pag8-208x300.jpg 208w, https:\/\/editoraplantasdobrasil.com.br\/loja-virtual\/wp-content\/uploads\/2022\/08\/pag8.jpg 277w\" sizes=\"auto, (max-width: 208px) 100vw, 208px\" \/><\/a>\n\t\t\t<\/dt><\/dl><dl class='gallery-item'>\n\t\t\t<dt class='gallery-icon portrait'>\n\t\t\t\t<a href='https:\/\/editoraplantasdobrasil.com.br\/loja-virtual\/ebook-manual-de-dendrologia\/pag9-2\/'><img loading=\"lazy\" decoding=\"async\" width=\"208\" height=\"300\" src=\"https:\/\/editoraplantasdobrasil.com.br\/loja-virtual\/wp-content\/uploads\/2022\/08\/pag9-208x300.jpg\" class=\"attachment-medium size-medium\" alt=\"\" srcset=\"https:\/\/editoraplantasdobrasil.com.br\/loja-virtual\/wp-content\/uploads\/2022\/08\/pag9-208x300.jpg 208w, https:\/\/editoraplantasdobrasil.com.br\/loja-virtual\/wp-content\/uploads\/2022\/08\/pag9.jpg 277w\" sizes=\"auto, (max-width: 208px) 100vw, 208px\" \/><\/a>\n\t\t\t<\/dt><\/dl><br style=\"clear: both\" \/><dl class='gallery-item'>\n\t\t\t<dt class='gallery-icon portrait'>\n\t\t\t\t<a href='https:\/\/editoraplantasdobrasil.com.br\/loja-virtual\/ebook-manual-de-dendrologia\/pag10-2\/'><img loading=\"lazy\" decoding=\"async\" width=\"208\" height=\"300\" src=\"https:\/\/editoraplantasdobrasil.com.br\/loja-virtual\/wp-content\/uploads\/2022\/08\/pag10-208x300.jpg\" class=\"attachment-medium size-medium\" alt=\"\" srcset=\"https:\/\/editoraplantasdobrasil.com.br\/loja-virtual\/wp-content\/uploads\/2022\/08\/pag10-208x300.jpg 208w, https:\/\/editoraplantasdobrasil.com.br\/loja-virtual\/wp-content\/uploads\/2022\/08\/pag10.jpg 277w\" sizes=\"auto, (max-width: 208px) 100vw, 208px\" \/><\/a>\n\t\t\t<\/dt><\/dl><dl class='gallery-item'>\n\t\t\t<dt class='gallery-icon portrait'>\n\t\t\t\t<a href='https:\/\/editoraplantasdobrasil.com.br\/loja-virtual\/ebook-manual-de-dendrologia\/pag11-2\/'><img loading=\"lazy\" decoding=\"async\" width=\"208\" height=\"300\" src=\"https:\/\/editoraplantasdobrasil.com.br\/loja-virtual\/wp-content\/uploads\/2022\/08\/pag11-208x300.jpg\" class=\"attachment-medium size-medium\" alt=\"\" srcset=\"https:\/\/editoraplantasdobrasil.com.br\/loja-virtual\/wp-content\/uploads\/2022\/08\/pag11-208x300.jpg 208w, https:\/\/editoraplantasdobrasil.com.br\/loja-virtual\/wp-content\/uploads\/2022\/08\/pag11.jpg 277w\" sizes=\"auto, (max-width: 208px) 100vw, 208px\" \/><\/a>\n\t\t\t<\/dt><\/dl><dl class='gallery-item'>\n\t\t\t<dt class='gallery-icon portrait'>\n\t\t\t\t<a href='https:\/\/editoraplantasdobrasil.com.br\/loja-virtual\/ebook-manual-de-dendrologia\/pag12-2\/'><img loading=\"lazy\" decoding=\"async\" width=\"208\" height=\"300\" src=\"https:\/\/editoraplantasdobrasil.com.br\/loja-virtual\/wp-content\/uploads\/2022\/08\/pag12-208x300.jpg\" class=\"attachment-medium size-medium\" alt=\"\" srcset=\"https:\/\/editoraplantasdobrasil.com.br\/loja-virtual\/wp-content\/uploads\/2022\/08\/pag12-208x300.jpg 208w, https:\/\/editoraplantasdobrasil.com.br\/loja-virtual\/wp-content\/uploads\/2022\/08\/pag12.jpg 277w\" sizes=\"auto, (max-width: 208px) 100vw, 208px\" \/><\/a>\n\t\t\t<\/dt><\/dl><dl class='gallery-item'>\n\t\t\t<dt class='gallery-icon portrait'>\n\t\t\t\t<a href='https:\/\/editoraplantasdobrasil.com.br\/loja-virtual\/ebook-manual-de-dendrologia\/pag13-2\/'><img loading=\"lazy\" decoding=\"async\" width=\"208\" height=\"300\" src=\"https:\/\/editoraplantasdobrasil.com.br\/loja-virtual\/wp-content\/uploads\/2022\/08\/pag13-208x300.jpg\" class=\"attachment-medium size-medium\" alt=\"\" srcset=\"https:\/\/editoraplantasdobrasil.com.br\/loja-virtual\/wp-content\/uploads\/2022\/08\/pag13-208x300.jpg 208w, https:\/\/editoraplantasdobrasil.com.br\/loja-virtual\/wp-content\/uploads\/2022\/08\/pag13.jpg 277w\" sizes=\"auto, (max-width: 208px) 100vw, 208px\" \/><\/a>\n\t\t\t<\/dt><\/dl><br style=\"clear: both\" \/><dl class='gallery-item'>\n\t\t\t<dt class='gallery-icon portrait'>\n\t\t\t\t<a href='https:\/\/editoraplantasdobrasil.com.br\/loja-virtual\/ebook-manual-de-dendrologia\/pag14-2\/'><img loading=\"lazy\" decoding=\"async\" width=\"208\" height=\"300\" src=\"https:\/\/editoraplantasdobrasil.com.br\/loja-virtual\/wp-content\/uploads\/2022\/08\/pag14-208x300.jpg\" class=\"attachment-medium size-medium\" alt=\"\" srcset=\"https:\/\/editoraplantasdobrasil.com.br\/loja-virtual\/wp-content\/uploads\/2022\/08\/pag14-208x300.jpg 208w, https:\/\/editoraplantasdobrasil.com.br\/loja-virtual\/wp-content\/uploads\/2022\/08\/pag14.jpg 277w\" sizes=\"auto, (max-width: 208px) 100vw, 208px\" \/><\/a>\n\t\t\t<\/dt><\/dl><dl class='gallery-item'>\n\t\t\t<dt class='gallery-icon portrait'>\n\t\t\t\t<a href='https:\/\/editoraplantasdobrasil.com.br\/loja-virtual\/ebook-manual-de-dendrologia\/pag15-2\/'><img loading=\"lazy\" decoding=\"async\" width=\"208\" height=\"300\" src=\"https:\/\/editoraplantasdobrasil.com.br\/loja-virtual\/wp-content\/uploads\/2022\/08\/pag15-208x300.jpg\" class=\"attachment-medium size-medium\" alt=\"\" srcset=\"https:\/\/editoraplantasdobrasil.com.br\/loja-virtual\/wp-content\/uploads\/2022\/08\/pag15-208x300.jpg 208w, https:\/\/editoraplantasdobrasil.com.br\/loja-virtual\/wp-content\/uploads\/2022\/08\/pag15.jpg 277w\" sizes=\"auto, (max-width: 208px) 100vw, 208px\" \/><\/a>\n\t\t\t<\/dt><\/dl><dl class='gallery-item'>\n\t\t\t<dt class='gallery-icon portrait'>\n\t\t\t\t<a href='https:\/\/editoraplantasdobrasil.com.br\/loja-virtual\/ebook-manual-de-dendrologia\/pag16-2\/'><img loading=\"lazy\" decoding=\"async\" width=\"208\" height=\"300\" src=\"https:\/\/editoraplantasdobrasil.com.br\/loja-virtual\/wp-content\/uploads\/2022\/08\/pag16-208x300.jpg\" class=\"attachment-medium size-medium\" alt=\"\" srcset=\"https:\/\/editoraplantasdobrasil.com.br\/loja-virtual\/wp-content\/uploads\/2022\/08\/pag16-208x300.jpg 208w, https:\/\/editoraplantasdobrasil.com.br\/loja-virtual\/wp-content\/uploads\/2022\/08\/pag16.jpg 277w\" sizes=\"auto, (max-width: 208px) 100vw, 208px\" \/><\/a>\n\t\t\t<\/dt><\/dl><dl class='gallery-item'>\n\t\t\t<dt class='gallery-icon portrait'>\n\t\t\t\t<a href='https:\/\/editoraplantasdobrasil.com.br\/loja-virtual\/ebook-manual-de-dendrologia\/pag1-2\/'><img loading=\"lazy\" decoding=\"async\" width=\"208\" height=\"300\" src=\"https:\/\/editoraplantasdobrasil.com.br\/loja-virtual\/wp-content\/uploads\/2022\/08\/pag1-208x300.jpg\" class=\"attachment-medium size-medium\" alt=\"\" srcset=\"https:\/\/editoraplantasdobrasil.com.br\/loja-virtual\/wp-content\/uploads\/2022\/08\/pag1-208x300.jpg 208w, https:\/\/editoraplantasdobrasil.com.br\/loja-virtual\/wp-content\/uploads\/2022\/08\/pag1.jpg 277w\" sizes=\"auto, (max-width: 208px) 100vw, 208px\" \/><\/a>\n\t\t\t<\/dt><\/dl><br style=\"clear: both\" \/>\n\t\t<\/div>\n<br \/>\n<\/center><\/p>\n<p><\/p>\n<h3>Especifica\u00e7\u00f5es<\/h3>\n<p>ISBN: 978-85-68381-04-5<br \/>\nAutor: Daniel Saueressig (Eng. Florestal M. Sc.)<\/p>\n<ul>\n<li>Tamanho 21 x 30 cm;<\/li>\n<li>N\u00famero total de p\u00e1ginas: 150;<\/li>\n<li>Formato: PDF;<\/li>\n<\/ul>\n<p>&nbsp;&nbsp;<\/p>\n<h3>Coment\u00e1rios<\/h3>\n<div class=\"BlockContent\"><a id=\"write_review\"><\/a><\/p>\n<ol class=\"ProductReviewList\">\n<li class=\"Alt\">\n<h4 class=\"ReviewTitle\">Parab\u00e9ns!<img loading=\"lazy\" decoding=\"async\" src=\"https:\/\/www.editoraplantasdobrasil.com.br\/loja-virtual\/wp-content\/uploads\/2019\/05\/stars.gif\" alt=\"\" width=\"64\" height=\"12\" \/><\/h4>\n<p class=\"Meta\">Postado por Juliana Freitas<\/p>\n<p>Adorei o Livro! Bem did\u00e1tico, destaca a morfologia das estruturas vegetativas, o que ajuda bastante, porque nem sempre temos acesso \u00e0s flores e frutos, especialmente das \u00e1rvores. Sou bot\u00e2nica, eu e meu esposo estamos trabalhando com identifica\u00e7\u00e3o de plantas e este livro veio na hora certa! Foi uma \u00f3tima aquisi\u00e7\u00e3o!<\/p>\n<hr \/>\n<\/li>\n<li class=\"Alt\">\n<h4 class=\"ReviewTitle\">Contribui\u00e7\u00e3o<img loading=\"lazy\" decoding=\"async\" src=\"https:\/\/www.editoraplantasdobrasil.com.br\/loja-virtual\/wp-content\/uploads\/2019\/05\/stars.gif\" alt=\"\" width=\"64\" height=\"12\" \/><\/h4>\n<p class=\"Meta\">Postado por Cristina Tonussi<\/p>\n<p>Daniel, estou aqui com estas singelas palavras, agradecendo muito sua publica\u00e7\u00e3o. Percebo o grande esfor\u00e7o que tu fizestes para conseguir as fotos. Pois quando estamos em campo, esperamos \u00e1s vezes meses, pela frutifica\u00e7\u00e3o ou flora\u00e7\u00e3o de uma \u00e1rvore, at\u00e9 conseguir registrar. Ent\u00e3o, s\u00f3 espero que continues produzindo e nos ensinando com todo seu amor pela mata atl\u00e2ntica. Forte abra\u00e7o!<\/p>\n<hr \/>\n<\/li>\n<li class=\"Alt\">\n<h4 class=\"ReviewTitle\">Material de alta qualidade<img loading=\"lazy\" decoding=\"async\" src=\"https:\/\/www.editoraplantasdobrasil.com.br\/loja-virtual\/wp-content\/uploads\/2019\/05\/stars.gif\" alt=\"\" width=\"64\" height=\"12\" \/><\/h4>\n<p class=\"Meta\">Enviado por Fernanda Faraco D&#8217;E\u00e7a Neves<\/p>\n<p>Muito especial o ebook de dendrologia. As imagens s\u00e3o n\u00edtidas, bastante ilustrativas. O texto em linguagem simples, pelo menos pra mim que sou bot\u00e2nica (&#8230;) Esse ebook vai me ajudar muito. Muito obrigada, Daniel, por tua dedica\u00e7\u00e3o e pesquisa.<\/p>\n<hr \/>\n<\/li>\n<li class=\"Alt\">\n<h4 class=\"ReviewTitle\">Parab\u00e9ns!<img loading=\"lazy\" decoding=\"async\" src=\"https:\/\/www.editoraplantasdobrasil.com.br\/loja-virtual\/wp-content\/uploads\/2019\/05\/stars.gif\" alt=\"\" width=\"64\" height=\"12\" \/><\/h4>\n<p class=\"Meta\">Postado por Joelmir Mazon<\/p>\n<p>Adquiri e achei o material excelente. Bem mais direto que as literaturas que temos sobre dendrologia.<\/p>\n<hr \/>\n<\/li>\n<\/ol>\n<p>&nbsp;<\/p>\n<h3>Conte\u00fado<\/h3>\n<p>&nbsp;<\/p>\n<h4>I &#8211; INTRODU\u00c7\u00c3O \u00c0 DENDROLOGIA<\/h4>\n<p><strong>1 &#8211; Conceitos Taxon\u00f4micos<\/strong><br \/>\n1.1 &#8211; Identifica\u00e7\u00e3o Dendrol\u00f3gica<\/p>\n<p><strong>2 &#8211; Nomes das \u00c1rvores<\/strong><br \/>\n2.1 &#8211; Nome Gen\u00e9rico<br \/>\n2.2 &#8211; Nome Espec\u00edfico<br \/>\n2.3 &#8211; Nome Popular<br \/>\n2.4 &#8211; Sinon\u00edmia<br \/>\n2.5 &#8211; Nome do Autor<\/p>\n<h4>II &#8211; TERMINOLOGIA DENDROL\u00d3GICA<\/h4>\n<p><strong>1 &#8211; \u00c1rvore<\/strong><br \/>\n1.1 &#8211; Porte<br \/>\n1.2 &#8211; H\u00e1bito<\/p>\n<p><strong>2 &#8211; Folha<\/strong><br \/>\n2.1 &#8211; Tipo de Folha<br \/>\n2.2 &#8211; Filotaxia<br \/>\n2.3 &#8211; Forma<br \/>\n2.4 &#8211; Margem<br \/>\n2.5 &#8211; \u00c1pice<br \/>\n2.6 &#8211; Base<br \/>\n2.7 &#8211; Nerva\u00e7\u00e3o<br \/>\n2.8 &#8211; Consist\u00eancia<br \/>\n2.9 &#8211; Pilosidade<br \/>\n2.10 &#8211; Tamanho<br \/>\n2.11 &#8211; Est\u00edpulas<br \/>\n2.11 &#8211; Gl\u00e2ndulas<br \/>\n2.11 &#8211; Dom\u00e1cias<br \/>\n2.11 &#8211; Pec\u00edolo e R\u00e1quis<\/p>\n<p><strong>3 &#8211; Tronco<\/strong><br \/>\n3.1 &#8211; Forma<br \/>\n3.2 &#8211; Tipos<br \/>\n3.3 &#8211; Base<br \/>\n3.4 &#8211; Ramifica\u00e7\u00e3o<\/p>\n<p><strong>4 &#8211; Casca<\/strong><br \/>\n4.1 &#8211; Apar\u00eancia<br \/>\n4.2 &#8211; Deisc\u00eancia<br \/>\n4.3 &#8211; Cor<br \/>\n4.4 &#8211; Textura Interna<br \/>\n4.5 &#8211; Estrutura Interna<br \/>\n4.6 &#8211; Cor Interna<br \/>\n4.7 &#8211; Lenticelas<br \/>\n4.8 &#8211; Cicatrizes Peciolares<\/p>\n<p><strong>5 &#8211; Caracteres Eventuais na Folha, Tronco ou Casca<\/strong><br \/>\n5.1 &#8211; Odor e Gosto<br \/>\n5.2 &#8211; Espinhos e Ac\u00faleos<br \/>\n5.3 &#8211; Exsuda\u00e7\u00f5es<br \/>\n<strong><br \/>\n6 &#8211; Copa<\/strong><br \/>\n6.1 &#8211; Densidade<br \/>\n6.2 &#8211; Forma<\/p>\n<p><strong>7 &#8211; Flor<\/strong><br \/>\n7.1 &#8211; C\u00e1lice<br \/>\n7.2 &#8211; Corola<br \/>\n7.3 &#8211; Androceu<br \/>\n7.4 &#8211; Gineceu<br \/>\n7.5 &#8211; Infloresc\u00eancia<\/p>\n<p><strong>8 &#8211; Fruto<\/strong><br \/>\n8.1 &#8211; Frutos Simples<br \/>\n8.2 &#8211; Frutos Compostos<\/p>\n<p><strong>9 &#8211; Semente<\/strong><\/p>\n<h4>III &#8211; CHAVE PARA O RECONHECIMENTO EM CAMPO DOS G\u00caNEROS E FAM\u00cdLIAS BOT\u00c2NICAS DE MAIOR INTERESSE DENDROL\u00d3GICO NO BRASIL<\/h4>\n<p><strong>1 &#8211; Forma de Crescimento e Tipo de Folha<\/strong><\/p>\n<p><strong>2 &#8211; Folha Simples<\/strong><br \/>\n2.1 &#8211; Filotaxia Alterna-d\u00edstica<br \/>\n2.2 &#8211; Filotaxia Alterna-espiralada<br \/>\n2.3 &#8211; Filotaxia Alterna-congesta<br \/>\n2.4 &#8211; Filotaxia Oposta<br \/>\n2.5 &#8211; Filotaxia Verticilada<\/p>\n<p><strong>3 &#8211; Folha Bifoliolada<\/strong><\/p>\n<p><strong>4 &#8211; Folha Trifoliolada<\/strong><\/p>\n<p><strong>5 &#8211; Folha Digitada<\/strong><\/p>\n<p><strong>6 &#8211; Folha Pinada<\/strong><\/p>\n<p><strong>7 &#8211; Folha Bipinada<\/strong><\/p>\n<h4>IV &#8211; CARACTER\u00cdSTICAS DENDROL\u00d3GICAS DAS PRINCIPAIS FAM\u00cdLIAS BOT\u00c2NICAS BRASILEIRAS<\/h4>\n<h4>V &#8211; BIBLIOGRAFIAS<\/h4>\n<p>&nbsp;&nbsp;<\/p>\n<div style=\"text-align: center;\">\n<img decoding=\"async\" src=\"https:\/\/www.editoraplantasdobrasil.com.br\/loja-virtual\/wp-content\/uploads\/2019\/05\/seta_vermelha.png\" \/>\n<\/div>\n<div style=\"clear: both;\"><\/div>\n<h2 style=\"text-align: center;\"><strong><span style=\"color: #ff0000;\">Promo\u00e7\u00e3o!<\/span><\/strong><\/h2>\n<p><!--\n<center>\n\n\n<h3><font color=\"red\"><strong>50% de desconto! <\/strong><\/font>\n\n<h3>\n<\/center>\n--><\/p>\n<h3 style=\"text-align: center;\">de <s><strong><span style=\"color: #359200; font-size: 26px;\">R$79,00<\/span><\/strong><\/s> por apenas <strong><span style=\"color: \n\n#359200; font-size: 40px;\">R$49,00<\/span><\/strong><\/h3>\n<p><center><\/p>\n<p><i>Pague em at\u00e9 <strong>11x<\/strong><\/i><\/p>\n<p><\/center><\/p>\n<div style=\"clear: both;\"><\/div>\n<p><center><br \/>\n<!--\n\n\n<p><font color=\"red\"><strong>ATEN\u00c7\u00c3O!<\/strong> HOJE \u00e9 o \u00daLTIMO DIA da promo\u00e7\u00e3o. Aproveite!<\/font>\n\n<p>\n--><\/p>\n<p align=\"center\"><a href=\"https:\/\/www.editoraplantasdobrasil.com.br\/loja-virtual\/vitrine\/?add-to-cart=66\" title=\"Clique aqui para comprar o eBook: Manual de Dendrologia\"><img decoding=\"async\" src=\"https:\/\/www.editoraplantasdobrasil.com.br\/loja-virtual\/wp-content\/uploads\/2019\/05\/comprar.gif\" \/><\/a><\/p>\n<p><img decoding=\"async\" src=\"https:\/\/www.editoraplantasdobrasil.com.br\/loja-virtual\/wp-content\/uploads\/2019\/05\/ambiente_seguro.jpg\"><\/p>\n<p><!--\n\n<p>Para comprar via smartphone <a href=\"http:\/\/pag.ae\/bks6nCl\" target=\"_blank\" title=\"Clique aqui para comprar o eBook: Manual de Dendrologia\" rel=\"noopener noreferrer\">CLIQUE AQUI<\/a><\/i>.--><\/p>\n<p><\/center><\/p>\n<div style=\"clear: both;\"><\/div>\n<p>&nbsp;&nbsp;<\/p>\n<div style=\"clear: both;\"><\/div>\n<p>&nbsp;&nbsp;<\/p>\n<p><center><\/p>\n<h3>D\u00favidas? Fale Conosco!<\/h3>\n<p><a href=\"https:\/\/api.whatsapp.com\/send?phone=5542999752772\" target=\"_blank\" rel=\"noopener noreferrer\">42 99975-2772<\/a> (Telefone e WhatsApp)<\/p>\n<p><a href=\"https:\/\/www.editoraplantasdobrasil.com.br\/loja-virtual\/fale-conosco\/\" title=\"Fale Conosco\" alt=\"Fale Conosco\"> Formul\u00e1rio de Contato<\/a><\/p>\n<p><\/center><\/p>\n","protected":false},"excerpt":{"rendered":"<p>UM GUIA ILUSTRADO DE MORFOLOGIA E TAXONOMIA DE \u00c1RVORES BRASILEIRAS. &nbsp; Promo\u00e7\u00e3o! de R$79,00 por apenas R$49,00 Pague em at\u00e9 11x &nbsp;&nbsp; &nbsp;&nbsp; Apresenta\u00e7\u00e3o Este livro &#8211; Manual de Dendrologia &#8211; \u00e9 um guia ilustrado de morfologia e taxonomia de \u00e1rvores brasileiras. A obra tem como objetivo principal proporcionar ao leitor um melhor entendimento dos [&hellip;]<\/p>\n","protected":false},"author":1,"featured_media":0,"parent":0,"menu_order":0,"comment_status":"closed","ping_status":"closed","template":"","meta":{"content-type":"","_exactmetrics_skip_tracking":false,"_exactmetrics_sitenote_active":false,"_exactmetrics_sitenote_note":"","_exactmetrics_sitenote_category":0,"footnotes":""},"class_list":["post-15","page","type-page","status-publish","hentry"],"_links":{"self":[{"href":"https:\/\/editoraplantasdobrasil.com.br\/loja-virtual\/wp-json\/wp\/v2\/pages\/15","targetHints":{"allow":["GET"]}}],"collection":[{"href":"https:\/\/editoraplantasdobrasil.com.br\/loja-virtual\/wp-json\/wp\/v2\/pages"}],"about":[{"href":"https:\/\/editoraplantasdobrasil.com.br\/loja-virtual\/wp-json\/wp\/v2\/types\/page"}],"author":[{"embeddable":true,"href":"https:\/\/editoraplantasdobrasil.com.br\/loja-virtual\/wp-json\/wp\/v2\/users\/1"}],"replies":[{"embeddable":true,"href":"https:\/\/editoraplantasdobrasil.com.br\/loja-virtual\/wp-json\/wp\/v2\/comments?post=15"}],"version-history":[{"count":31,"href":"https:\/\/editoraplantasdobrasil.com.br\/loja-virtual\/wp-json\/wp\/v2\/pages\/15\/revisions"}],"predecessor-version":[{"id":6791,"href":"https:\/\/editoraplantasdobrasil.com.br\/loja-virtual\/wp-json\/wp\/v2\/pages\/15\/revisions\/6791"}],"wp:attachment":[{"href":"https:\/\/editoraplantasdobrasil.com.br\/loja-virtual\/wp-json\/wp\/v2\/media?parent=15"}],"curies":[{"name":"wp","href":"https:\/\/api.w.org\/{rel}","templated":true}]}}