{"id":2413,"date":"2020-09-29T19:03:39","date_gmt":"2020-09-29T19:03:39","guid":{"rendered":"https:\/\/www.editoraplantasdobrasil.com.br\/loja-virtual\/?page_id=2413"},"modified":"2024-07-25T14:36:00","modified_gmt":"2024-07-25T17:36:00","slug":"flora-de-sao-bento-do-sul-vol-1","status":"publish","type":"page","link":"https:\/\/editoraplantasdobrasil.com.br\/loja-virtual\/flora-de-sao-bento-do-sul-vol-1\/","title":{"rendered":"Flora de S\u00e3o Bento do Sul Vol.1"},"content":{"rendered":"<p><center><br \/>\n<img decoding=\"async\" src=\"https:\/\/www.editoraplantasdobrasil.com.br\/loja-virtual\/wp-content\/uploads\/2020\/09\/flora-de-sao-bento-do-sul-vol-1.jpg\" width=\"500px\" \/><\/p>\n<h4>UM GUIA FOTOGR\u00c1FICO DE PLANTAS NATIVAS.<\/h4>\n<p><\/center><\/p>\n<p>&nbsp;<\/p>\n<div style=\"text-align: center;\">\n<img decoding=\"async\" src=\"https:\/\/www.editoraplantasdobrasil.com.br\/loja-virtual\/wp-content\/uploads\/2019\/05\/seta_vermelha.png\" \/>\n<\/div>\n<div style=\"clear: both;\"><\/div>\n<div style=\"clear: both;\"><\/div>\n<p>&nbsp;<\/p>\n<h3 style=\"text-align: center;\"><!--de <s><strong><span style=\"color: #16A086; font-size: 26px;\">R$239,00<\/span><\/strong><\/s> por -->apenas <strong><span style=\"color: #359200; font-size: 40px;\">R$249,00<\/span><\/strong><\/h3>\n<p><center><br \/>\n<i>Pague em at\u00e9 <strong>12x<\/strong><\/i><br \/>\n<\/center><\/p>\n<div style=\"clear: both;\"><\/div>\n<p>&nbsp;&nbsp;<\/p>\n<p><center><\/p>\n<h3><font color=\"#FF0000\">Hoje com <strong>FRETE GR\u00c1TIS<\/strong> para todo o pa\u00eds!<\/font><\/h3>\n<p>&nbsp;<\/p>\n<p align=\"center\"><a href=\"https:\/\/www.editoraplantasdobrasil.com.br\/loja-virtual\/vitrine\/?add-to-cart=2458\" title=\"Clique aqui para comprar o livro: Flora de S\u00e3o Bento do Sul Vol.1\"><img decoding=\"async\" src=\"https:\/\/www.editoraplantasdobrasil.com.br\/loja-virtual\/wp-content\/uploads\/2019\/05\/comprar.gif\"\/><\/a><\/p>\n<p><img decoding=\"async\" src=\"https:\/\/www.editoraplantasdobrasil.com.br\/loja-virtual\/wp-content\/uploads\/2019\/05\/ambiente_seguro.jpg\"><\/p>\n<p><\/center><\/p>\n<div style=\"clear: both;\"><\/div>\n<p>&nbsp; &nbsp;&nbsp;<\/p>\n<div style=\"clear: both;\"><\/div>\n<p>&nbsp;&nbsp;<\/p>\n<h3>Apresenta\u00e7\u00e3o<\/h3>\n<p>A abordagem fotogr\u00e1fica para divulga\u00e7\u00e3o popular da flora do Brasil \u00e9 algo que vem ganhando cada vez mais espa\u00e7o nas publica\u00e7\u00f5es, pois com a populariza\u00e7\u00e3o e melhoria dos equipamentos fotogr\u00e1ficos, muitas pessoas come\u00e7aram a se interessar pelo registro da natureza, o que leva, em sequ\u00eancia, na busca de informa\u00e7\u00f5es sobre as esp\u00e9cies registradas.<\/p>\n<p>Este livro \u00e9 um guia fotogr\u00e1fico contendo 300 esp\u00e9cies de plantas (<a href=\"https:\/\/www.editoraplantasdobrasil.com.br\/loja-virtual\/wp-content\/uploads\/2022\/02\/sumario_Flora_de_Sao_Bento_do_Sul_Vol.1.pdf\" alt=\"Clique aqui para ver a lista de esp\u00e9cies\" target=\"_blank\" rel=\"noopener\">ver Lista de Esp\u00e9cies<\/a>) que ocorrem de forma nativa no munic\u00edpio de S\u00e3o Bento do Sul, SC. Est\u00e3o presentes \u00e1rvores, arbustos, ervas, ep\u00edfitas, lianas (cip\u00f3s) e plantas aqu\u00e1ticas, o que permite a visualiza\u00e7\u00e3o de esp\u00e9cies existentes nos mais variados ambientes.<\/p>\n<p>O munic\u00edpio de S\u00e3o Bento do Sul tem seu territ\u00f3rio inserido no Bioma Mata Atl\u00e2ntica. Este bioma estende-se ao longo da costa do Brasil do Rio Grande do Sul ao Rio Grande do Norte, chegando at\u00e9 o Paraguai e Argentina. Desta forma, este guia possibilita pesquisadores e leigos a observarem e descobrirem a beleza e utilidade da flora nativa deste rico bioma, auxiliando tamb\u00e9m na populariza\u00e7\u00e3o e difus\u00e3o da ci\u00eancia bot\u00e2nica.<\/p>\n<p>Para cada esp\u00e9cie apresentada s\u00e3o fornecidas quatro imagens, sendo, geralmente, uma da planta inteira, uma dos ramos ou folhas, outra de algum detalhe importante para identifica\u00e7\u00e3o, e uma da flor ou infloresc\u00eancia. Esta forma de apresenta\u00e7\u00e3o busca auxiliar a identificar corretamente a esp\u00e9cie em campo, afinal, \u00e9 comum que muitas esp\u00e9cies possuam flores similares, mas porte, folhagem e outras caracter\u00edsticas diferentes entre si.<\/p>\n<p>As informa\u00e7\u00f5es apresentadas resumem-se \u00e0 fam\u00edlia bot\u00e2nica \u00e0 qual a esp\u00e9cie pertence, seu nome cient\u00edfico atual e alguns nomes populares pelo qual \u00e9 conhecida. Muitos dos nomes populares apresentados podem, eventualmente, divergir daquele pelo qual algum leitor conhe\u00e7a a esp\u00e9cie, por\u00e9m, \u00e9 importante destacar que algumas esp\u00e9cies, principalmente as de ampla distribui\u00e7\u00e3o, podem possuir dezenas de nomes populares, os quais variam de regi\u00e3o para regi\u00e3o, e at\u00e9 de munic\u00edpio para munic\u00edpio.<\/p>\n<p>As fotografias s\u00e3o autorais, foram obtidas diretamente em campo e em praticamente todos os bairros e localidades do munic\u00edpio ao longo dos \u00faltimos 10 anos. Algumas das esp\u00e9cies s\u00e3o perenes, outras anuais ou bianuais, portanto, nem todas as esp\u00e9cies presentes neste guia podem ser encontradas em todas as esta\u00e7\u00f5es do ano, sendo algumas observ\u00e1veis apenas nos meses mais quentes da primavera e ver\u00e3o.<\/p>\n<p>Todas as esp\u00e9cies presentes neste guia tiveram exsicatas (amostras) coletadas, sendo em seguida desidratadas e enviadas \u00e0 herb\u00e1rios para registro cient\u00edfico, principalmente ao Museu Bot\u00e2nico Municipal (MBM) de Curitiba, PR, e ao Herb\u00e1rio Dr. Roberto Miguel Klein (FURB) de Blumenau, SC. Estas exsicatas, a partir de ent\u00e3o s\u00e3o chamadas de vouchers, e servem como registro oficial da ocorr\u00eancia da esp\u00e9cie em determinado local, sendo mantidas em herb\u00e1rio para consulta por especialistas e pesquisadores, e, se mantidas em condi\u00e7\u00f5es ideais, podem durar v\u00e1rios s\u00e9culos, o que demonstra a import\u00e2ncia deste trabalho para registro hist\u00f3rico da flora local.<\/p>\n<p>&nbsp;&nbsp;<\/p>\n<h3>Imagens<\/h3>\n<p><center><br \/>\n<div id='gallery-1' class='gallery galleryid-2413 gallery-columns-3 gallery-size-large'><dl class='gallery-item'>\n\t\t\t<dt class='gallery-icon landscape'>\n\t\t\t\t<a href='https:\/\/editoraplantasdobrasil.com.br\/loja-virtual\/flora-de-sao-bento-do-sul-vol-1\/flora-de-sao-bento-do-sul-vol-1-3\/'><img loading=\"lazy\" decoding=\"async\" width=\"620\" height=\"462\" src=\"https:\/\/editoraplantasdobrasil.com.br\/loja-virtual\/wp-content\/uploads\/2020\/09\/flora-de-sao-bento-do-sul-vol-1-1.jpg\" class=\"attachment-large size-large\" alt=\"Flora de S\u00e3o Bento do Sul Vol.1\" aria-describedby=\"gallery-1-2442\" srcset=\"https:\/\/editoraplantasdobrasil.com.br\/loja-virtual\/wp-content\/uploads\/2020\/09\/flora-de-sao-bento-do-sul-vol-1-1.jpg 620w, https:\/\/editoraplantasdobrasil.com.br\/loja-virtual\/wp-content\/uploads\/2020\/09\/flora-de-sao-bento-do-sul-vol-1-1-300x224.jpg 300w, https:\/\/editoraplantasdobrasil.com.br\/loja-virtual\/wp-content\/uploads\/2020\/09\/flora-de-sao-bento-do-sul-vol-1-1-600x447.jpg 600w\" sizes=\"auto, (max-width: 620px) 100vw, 620px\" \/><\/a>\n\t\t\t<\/dt>\n\t\t\t\t<dd class='wp-caption-text gallery-caption' id='gallery-1-2442'>\n\t\t\t\tFlora de S\u00e3o Bento do Sul Vol.1\n\t\t\t\t<\/dd><\/dl><dl class='gallery-item'>\n\t\t\t<dt class='gallery-icon landscape'>\n\t\t\t\t<a href='https:\/\/editoraplantasdobrasil.com.br\/loja-virtual\/flora-de-sao-bento-do-sul-vol-1\/miolo1_flora_sbs\/'><img loading=\"lazy\" decoding=\"async\" width=\"700\" height=\"530\" src=\"https:\/\/editoraplantasdobrasil.com.br\/loja-virtual\/wp-content\/uploads\/2020\/09\/miolo1_flora_sbs.jpg\" class=\"attachment-large size-large\" alt=\"Imagem do livro aberto\" aria-describedby=\"gallery-1-2443\" srcset=\"https:\/\/editoraplantasdobrasil.com.br\/loja-virtual\/wp-content\/uploads\/2020\/09\/miolo1_flora_sbs.jpg 700w, https:\/\/editoraplantasdobrasil.com.br\/loja-virtual\/wp-content\/uploads\/2020\/09\/miolo1_flora_sbs-300x227.jpg 300w, https:\/\/editoraplantasdobrasil.com.br\/loja-virtual\/wp-content\/uploads\/2020\/09\/miolo1_flora_sbs-600x454.jpg 600w\" sizes=\"auto, (max-width: 700px) 100vw, 700px\" \/><\/a>\n\t\t\t<\/dt>\n\t\t\t\t<dd class='wp-caption-text gallery-caption' id='gallery-1-2443'>\n\t\t\t\tImagem do livro aberto\n\t\t\t\t<\/dd><\/dl><dl class='gallery-item'>\n\t\t\t<dt class='gallery-icon landscape'>\n\t\t\t\t<a href='https:\/\/editoraplantasdobrasil.com.br\/loja-virtual\/flora-de-sao-bento-do-sul-vol-1\/miolo2_flora_sbs\/'><img loading=\"lazy\" decoding=\"async\" width=\"700\" height=\"530\" src=\"https:\/\/editoraplantasdobrasil.com.br\/loja-virtual\/wp-content\/uploads\/2020\/09\/miolo2_flora_sbs.jpg\" class=\"attachment-large size-large\" alt=\"Imagem do livro aberto\" aria-describedby=\"gallery-1-2441\" srcset=\"https:\/\/editoraplantasdobrasil.com.br\/loja-virtual\/wp-content\/uploads\/2020\/09\/miolo2_flora_sbs.jpg 700w, https:\/\/editoraplantasdobrasil.com.br\/loja-virtual\/wp-content\/uploads\/2020\/09\/miolo2_flora_sbs-300x227.jpg 300w, https:\/\/editoraplantasdobrasil.com.br\/loja-virtual\/wp-content\/uploads\/2020\/09\/miolo2_flora_sbs-600x454.jpg 600w\" sizes=\"auto, (max-width: 700px) 100vw, 700px\" \/><\/a>\n\t\t\t<\/dt>\n\t\t\t\t<dd class='wp-caption-text gallery-caption' id='gallery-1-2441'>\n\t\t\t\tImagem do livro aberto\n\t\t\t\t<\/dd><\/dl><br style=\"clear: both\" \/>\n\t\t<\/div>\n<br \/>\n<div id='gallery-2' class='gallery galleryid-2413 gallery-columns-6 gallery-size-large'><dl class='gallery-item'>\n\t\t\t<dt class='gallery-icon portrait'>\n\t\t\t\t<a href='https:\/\/editoraplantasdobrasil.com.br\/loja-virtual\/flora-de-sao-bento-do-sul-vol-1\/miolo6_flora_sbs\/'><img loading=\"lazy\" decoding=\"async\" width=\"421\" height=\"589\" src=\"https:\/\/editoraplantasdobrasil.com.br\/loja-virtual\/wp-content\/uploads\/2020\/09\/miolo6_flora_sbs.png\" class=\"attachment-large size-large\" alt=\"P\u00e1gina de exemplo\" aria-describedby=\"gallery-2-2446\" srcset=\"https:\/\/editoraplantasdobrasil.com.br\/loja-virtual\/wp-content\/uploads\/2020\/09\/miolo6_flora_sbs.png 421w, https:\/\/editoraplantasdobrasil.com.br\/loja-virtual\/wp-content\/uploads\/2020\/09\/miolo6_flora_sbs-214x300.png 214w\" sizes=\"auto, (max-width: 421px) 100vw, 421px\" \/><\/a>\n\t\t\t<\/dt>\n\t\t\t\t<dd class='wp-caption-text gallery-caption' id='gallery-2-2446'>\n\t\t\t\tP\u00e1gina de exemplo\n\t\t\t\t<\/dd><\/dl><dl class='gallery-item'>\n\t\t\t<dt class='gallery-icon portrait'>\n\t\t\t\t<a href='https:\/\/editoraplantasdobrasil.com.br\/loja-virtual\/flora-de-sao-bento-do-sul-vol-1\/miolo1_flora_sbs-2\/'><img loading=\"lazy\" decoding=\"async\" width=\"421\" height=\"589\" src=\"https:\/\/editoraplantasdobrasil.com.br\/loja-virtual\/wp-content\/uploads\/2020\/09\/miolo1_flora_sbs.png\" class=\"attachment-large size-large\" alt=\"P\u00e1gina de exemplo\" aria-describedby=\"gallery-2-2447\" srcset=\"https:\/\/editoraplantasdobrasil.com.br\/loja-virtual\/wp-content\/uploads\/2020\/09\/miolo1_flora_sbs.png 421w, https:\/\/editoraplantasdobrasil.com.br\/loja-virtual\/wp-content\/uploads\/2020\/09\/miolo1_flora_sbs-214x300.png 214w\" sizes=\"auto, (max-width: 421px) 100vw, 421px\" \/><\/a>\n\t\t\t<\/dt>\n\t\t\t\t<dd class='wp-caption-text gallery-caption' id='gallery-2-2447'>\n\t\t\t\tP\u00e1gina de exemplo\n\t\t\t\t<\/dd><\/dl><dl class='gallery-item'>\n\t\t\t<dt class='gallery-icon portrait'>\n\t\t\t\t<a href='https:\/\/editoraplantasdobrasil.com.br\/loja-virtual\/flora-de-sao-bento-do-sul-vol-1\/miolo2_flora_sbs-2\/'><img loading=\"lazy\" decoding=\"async\" width=\"421\" height=\"589\" src=\"https:\/\/editoraplantasdobrasil.com.br\/loja-virtual\/wp-content\/uploads\/2020\/09\/miolo2_flora_sbs.png\" class=\"attachment-large size-large\" alt=\"P\u00e1gina de exemplo\" aria-describedby=\"gallery-2-2448\" srcset=\"https:\/\/editoraplantasdobrasil.com.br\/loja-virtual\/wp-content\/uploads\/2020\/09\/miolo2_flora_sbs.png 421w, https:\/\/editoraplantasdobrasil.com.br\/loja-virtual\/wp-content\/uploads\/2020\/09\/miolo2_flora_sbs-214x300.png 214w\" sizes=\"auto, (max-width: 421px) 100vw, 421px\" \/><\/a>\n\t\t\t<\/dt>\n\t\t\t\t<dd class='wp-caption-text gallery-caption' id='gallery-2-2448'>\n\t\t\t\tP\u00e1gina de exemplo\n\t\t\t\t<\/dd><\/dl><dl class='gallery-item'>\n\t\t\t<dt class='gallery-icon portrait'>\n\t\t\t\t<a href='https:\/\/editoraplantasdobrasil.com.br\/loja-virtual\/flora-de-sao-bento-do-sul-vol-1\/miolo3_flora_sbs\/'><img loading=\"lazy\" decoding=\"async\" width=\"421\" height=\"589\" src=\"https:\/\/editoraplantasdobrasil.com.br\/loja-virtual\/wp-content\/uploads\/2020\/09\/miolo3_flora_sbs.png\" class=\"attachment-large size-large\" alt=\"P\u00e1gina de exemplo\" aria-describedby=\"gallery-2-2449\" srcset=\"https:\/\/editoraplantasdobrasil.com.br\/loja-virtual\/wp-content\/uploads\/2020\/09\/miolo3_flora_sbs.png 421w, https:\/\/editoraplantasdobrasil.com.br\/loja-virtual\/wp-content\/uploads\/2020\/09\/miolo3_flora_sbs-214x300.png 214w\" sizes=\"auto, (max-width: 421px) 100vw, 421px\" \/><\/a>\n\t\t\t<\/dt>\n\t\t\t\t<dd class='wp-caption-text gallery-caption' id='gallery-2-2449'>\n\t\t\t\tP\u00e1gina de exemplo\n\t\t\t\t<\/dd><\/dl><dl class='gallery-item'>\n\t\t\t<dt class='gallery-icon portrait'>\n\t\t\t\t<a href='https:\/\/editoraplantasdobrasil.com.br\/loja-virtual\/flora-de-sao-bento-do-sul-vol-1\/miolo4_flora_sbs\/'><img loading=\"lazy\" decoding=\"async\" width=\"421\" height=\"589\" src=\"https:\/\/editoraplantasdobrasil.com.br\/loja-virtual\/wp-content\/uploads\/2020\/09\/miolo4_flora_sbs.png\" class=\"attachment-large size-large\" alt=\"P\u00e1gina de exemplo\" aria-describedby=\"gallery-2-2450\" srcset=\"https:\/\/editoraplantasdobrasil.com.br\/loja-virtual\/wp-content\/uploads\/2020\/09\/miolo4_flora_sbs.png 421w, https:\/\/editoraplantasdobrasil.com.br\/loja-virtual\/wp-content\/uploads\/2020\/09\/miolo4_flora_sbs-214x300.png 214w\" sizes=\"auto, (max-width: 421px) 100vw, 421px\" \/><\/a>\n\t\t\t<\/dt>\n\t\t\t\t<dd class='wp-caption-text gallery-caption' id='gallery-2-2450'>\n\t\t\t\tP\u00e1gina de exemplo\n\t\t\t\t<\/dd><\/dl><dl class='gallery-item'>\n\t\t\t<dt class='gallery-icon portrait'>\n\t\t\t\t<a href='https:\/\/editoraplantasdobrasil.com.br\/loja-virtual\/flora-de-sao-bento-do-sul-vol-1\/miolo5_flora_sbs\/'><img loading=\"lazy\" decoding=\"async\" width=\"421\" height=\"589\" src=\"https:\/\/editoraplantasdobrasil.com.br\/loja-virtual\/wp-content\/uploads\/2020\/09\/miolo5_flora_sbs.png\" class=\"attachment-large size-large\" alt=\"P\u00e1gina de exemplo\" aria-describedby=\"gallery-2-2451\" srcset=\"https:\/\/editoraplantasdobrasil.com.br\/loja-virtual\/wp-content\/uploads\/2020\/09\/miolo5_flora_sbs.png 421w, https:\/\/editoraplantasdobrasil.com.br\/loja-virtual\/wp-content\/uploads\/2020\/09\/miolo5_flora_sbs-214x300.png 214w\" sizes=\"auto, (max-width: 421px) 100vw, 421px\" \/><\/a>\n\t\t\t<\/dt>\n\t\t\t\t<dd class='wp-caption-text gallery-caption' id='gallery-2-2451'>\n\t\t\t\tP\u00e1gina de exemplo\n\t\t\t\t<\/dd><\/dl><br style=\"clear: both\" \/>\n\t\t<\/div>\n<br \/>\n<\/center><\/p>\n<h3>Especifica\u00e7\u00f5es<\/h3>\n<p>ISBN 978-85-68381-07-6<br \/>\nAutor: Paulo Schwirkowski (Bi\u00f3logo, p\u00f3s-graduando em Ecologia Urbana)<\/p>\n<ul>\n<li>Tamanho 21 x 30 cm;<\/li>\n<li>N\u00famero total de p\u00e1ginas: 322;<\/li>\n<li>Material luxuoso, totalmente impresso em papel couch\u00ea brilhante 115 g;<\/li>\n<li>Encaderna\u00e7\u00e3o em capa dura e impress\u00e3o policrom\u00e1tica;<\/li>\n<li>N\u00famero total de fotos: 1200;<\/li>\n<li>300 esp\u00e9cies &#8211; sendo uma p\u00e1gina por esp\u00e9cie, contendo 4 imagens cada.<\/li>\n<\/ul>\n<div style=\"clear: both;\"><\/div>\n<p>&nbsp; &nbsp;<\/p>\n<div style=\"clear: both;\"><\/div>\n<p>&nbsp; &nbsp;<\/p>\n<div style=\"text-align: center;\">\n<img decoding=\"async\" src=\"https:\/\/www.editoraplantasdobrasil.com.br\/loja-virtual\/wp-content\/uploads\/2019\/05\/seta_vermelha.png\" \/>\n<\/div>\n<div style=\"clear: both;\"><\/div>\n<div style=\"clear: both;\"><\/div>\n<p>&nbsp;<\/p>\n<h3 style=\"text-align: center;\"><!--de <s><strong><span style=\"color: #16A086; font-size: 26px;\">R$239,00<\/span><\/strong><\/s> por -->apenas <strong><span style=\"color: #359200; font-size: 40px;\">R$249,00<\/span><\/strong><\/h3>\n<p><center><br \/>\n<i>Pague em at\u00e9 <strong>12x<\/strong><\/i><br \/>\n<\/center><\/p>\n<div style=\"clear: both;\"><\/div>\n<p>&nbsp;&nbsp;<\/p>\n<p><center><\/p>\n<h3><font color=\"#FF0000\">Hoje com <strong>FRETE GR\u00c1TIS<\/strong> para todo o pa\u00eds!<\/font><\/h3>\n<p>&nbsp;<\/p>\n<p align=\"center\"><a href=\"https:\/\/www.editoraplantasdobrasil.com.br\/loja-virtual\/vitrine\/?add-to-cart=2458\" title=\"Clique aqui para comprar o livro: Flora de S\u00e3o Bento do Sul Vol.1\"><img decoding=\"async\" src=\"https:\/\/www.editoraplantasdobrasil.com.br\/loja-virtual\/wp-content\/uploads\/2019\/05\/comprar.gif\"\/><\/a><\/p>\n<p><img decoding=\"async\" src=\"https:\/\/www.editoraplantasdobrasil.com.br\/loja-virtual\/wp-content\/uploads\/2019\/05\/ambiente_seguro.jpg\"><\/p>\n<p><\/center><\/p>\n<div style=\"clear: both;\"><\/div>\n<p>&nbsp; &nbsp;<\/p>\n<div style=\"clear: both;\"><\/div>\n<p>&nbsp; &nbsp;<\/p>\n<div style=\"clear: both;\"><\/div>\n<p>&nbsp;&nbsp;<\/p>\n<p><center><\/p>\n<h3>D\u00favidas? Fale Conosco!<\/h3>\n<p><a href=\"https:\/\/api.whatsapp.com\/send?phone=5542999752772\" target=\"_blank\" rel=\"noopener noreferrer\">42 99975-2772<\/a> (Telefone e WhatsApp)<\/p>\n<p><a href=\"https:\/\/www.editoraplantasdobrasil.com.br\/loja-virtual\/fale-conosco\/\" title=\"Fale Conosco\" alt=\"Fale Conosco\"> Formul\u00e1rio de Contato<\/a><\/p>\n<p><\/center><\/p>\n","protected":false},"excerpt":{"rendered":"<p>UM GUIA FOTOGR\u00c1FICO DE PLANTAS NATIVAS. &nbsp; &nbsp; apenas R$249,00 Pague em at\u00e9 12x &nbsp;&nbsp; Hoje com FRETE GR\u00c1TIS para todo o pa\u00eds! &nbsp; &nbsp; &nbsp;&nbsp; &nbsp;&nbsp; Apresenta\u00e7\u00e3o A abordagem fotogr\u00e1fica para divulga\u00e7\u00e3o popular da flora do Brasil \u00e9 algo que vem ganhando cada vez mais espa\u00e7o nas publica\u00e7\u00f5es, pois com a populariza\u00e7\u00e3o e melhoria [&hellip;]<\/p>\n","protected":false},"author":1,"featured_media":0,"parent":0,"menu_order":0,"comment_status":"closed","ping_status":"closed","template":"","meta":{"content-type":"","_exactmetrics_skip_tracking":false,"_exactmetrics_sitenote_active":false,"_exactmetrics_sitenote_note":"","_exactmetrics_sitenote_category":0,"footnotes":""},"class_list":["post-2413","page","type-page","status-publish","hentry"],"_links":{"self":[{"href":"https:\/\/editoraplantasdobrasil.com.br\/loja-virtual\/wp-json\/wp\/v2\/pages\/2413","targetHints":{"allow":["GET"]}}],"collection":[{"href":"https:\/\/editoraplantasdobrasil.com.br\/loja-virtual\/wp-json\/wp\/v2\/pages"}],"about":[{"href":"https:\/\/editoraplantasdobrasil.com.br\/loja-virtual\/wp-json\/wp\/v2\/types\/page"}],"author":[{"embeddable":true,"href":"https:\/\/editoraplantasdobrasil.com.br\/loja-virtual\/wp-json\/wp\/v2\/users\/1"}],"replies":[{"embeddable":true,"href":"https:\/\/editoraplantasdobrasil.com.br\/loja-virtual\/wp-json\/wp\/v2\/comments?post=2413"}],"version-history":[{"count":63,"href":"https:\/\/editoraplantasdobrasil.com.br\/loja-virtual\/wp-json\/wp\/v2\/pages\/2413\/revisions"}],"predecessor-version":[{"id":9768,"href":"https:\/\/editoraplantasdobrasil.com.br\/loja-virtual\/wp-json\/wp\/v2\/pages\/2413\/revisions\/9768"}],"wp:attachment":[{"href":"https:\/\/editoraplantasdobrasil.com.br\/loja-virtual\/wp-json\/wp\/v2\/media?parent=2413"}],"curies":[{"name":"wp","href":"https:\/\/api.w.org\/{rel}","templated":true}]}}