{"id":3186,"date":"2021-02-22T18:21:26","date_gmt":"2021-02-22T18:21:26","guid":{"rendered":"https:\/\/www.editoraplantasdobrasil.com.br\/loja-virtual\/?page_id=3186"},"modified":"2024-07-25T14:34:53","modified_gmt":"2024-07-25T17:34:53","slug":"flora-do-centro-mineiro-vol-1","status":"publish","type":"page","link":"https:\/\/editoraplantasdobrasil.com.br\/loja-virtual\/flora-do-centro-mineiro-vol-1\/","title":{"rendered":"Flora do Centro Mineiro Vol.1"},"content":{"rendered":"<p><center><br \/>\n<img decoding=\"async\" src=\"https:\/\/www.editoraplantasdobrasil.com.br\/loja-virtual\/wp-content\/uploads\/2023\/03\/Flora_do_Centro_Mineiro_Vol.1_sem_fundo.png\" width=\"500px\" \/><\/p>\n<h4>GUIA FOTOGR\u00c1FICO PARA IDENTIFICA\u00c7\u00c3O DE PLANTAS NATIVAS<\/h4>\n<p><\/center><\/p>\n<p>&nbsp;<\/p>\n<div style=\"text-align: center;\">\n<img decoding=\"async\" src=\"https:\/\/www.editoraplantasdobrasil.com.br\/loja-virtual\/wp-content\/uploads\/2019\/05\/seta_vermelha.png\" \/>\n<\/div>\n<div style=\"clear: both;\"><\/div>\n<div style=\"clear: both;\"><\/div>\n<p>&nbsp;<\/p>\n<h3 style=\"text-align: center;\"><!--de <s><strong><span style=\"color: #16A086; font-size: 26px;\">R$239,00<\/span><\/strong><\/s> por -->apenas <strong><span style=\"color: #359200; font-size: 40px;\">R$249,00<\/span><\/strong><\/h3>\n<p><center><br \/>\n<i>Pague em at\u00e9 <strong>12x<\/strong><\/i><br \/>\n<\/center><\/p>\n<div style=\"clear: both;\"><\/div>\n<p>&nbsp;&nbsp;<\/p>\n<p><center><\/p>\n<h3><font color=\"#FF0000\">Hoje com <strong>FRETE GR\u00c1TIS<\/strong> para todo o pa\u00eds!<\/font><\/h3>\n<p>&nbsp;<\/p>\n<p align=\"center\"><a href=\"https:\/\/www.editoraplantasdobrasil.com.br\/loja-virtual\/vitrine\/?add-to-cart=3225\" title=\"Clique aqui para comprar o livro: Flora do Centro Mineiro Vol.1\"><img decoding=\"async\" src=\"https:\/\/www.editoraplantasdobrasil.com.br\/loja-virtual\/wp-content\/uploads\/2019\/05\/comprar.gif\" \/><\/a><\/p>\n<p><img decoding=\"async\" src=\"https:\/\/www.editoraplantasdobrasil.com.br\/loja-virtual\/wp-content\/uploads\/2019\/05\/ambiente_seguro.jpg\"><\/p>\n<p><\/center><\/p>\n<div style=\"clear: both;\"><\/div>\n<p>&nbsp; &nbsp;&nbsp;<\/p>\n<div style=\"clear: both;\"><\/div>\n<p>&nbsp;&nbsp;<\/p>\n<h3>Apresenta\u00e7\u00e3o<\/h3>\n<p>&nbsp;<\/p>\n<p>Este livro \u00e9 tamb\u00e9m um convite \u00e0 observa\u00e7\u00e3o. Al\u00e9m de ser uma fonte de informa\u00e7\u00f5es sobre as esp\u00e9cies e o ambiente da regi\u00e3o central de Minas Gerais, seu objetivo est\u00e1 em levar o leitor a refletir sobre o ambiente \u00e0 sua volta, se reconhecer assim como as demais esp\u00e9cies, tamb\u00e9m um ser natural do meio que o permeia.<\/p>\n<p>S\u00e3o apresentadas neste primeiro volume 300 esp\u00e9cies nativas (<a href=\"https:\/\/www.editoraplantasdobrasil.com.br\/loja-virtual\/wp-content\/uploads\/2022\/02\/sumario_Flora_do_Centro_Mineiro_Vol.1.pdf\" alt=\"Clique aqui para ver a lista de esp\u00e9cies\" target=\"_blank\" rel=\"noopener\">ver Lista de Esp\u00e9cies<\/a>) da regi\u00e3o central de Minas Gerais, muitas delas economicamente vi\u00e1veis e utilizadas pelas popula\u00e7\u00f5es locais na alimenta\u00e7\u00e3o e fazendo mesmo parte da cultura como o pequi &#8211; <em>Caryocar brasiliense<\/em> Cambess., a mangaba &#8211; <em>Hancornia speciosa<\/em> Gomes e o jenipapo &#8211; <em>Genipa americana<\/em> L., na ornamenta\u00e7\u00e3o como o amar\u00edlis ou a\u00e7ucena-laranja &#8211; <em>Hippeastrum puniceum<\/em> (Lam.) Voss e tantas outras na medicina popular. Esp\u00e9cies raras como <em>Homalolepis warmingiana<\/em> (Engl.) Devecchi &#038; Pirani. ou recentemente descobertas como <em>Buchnera tacianae<\/em> V.C.Souza descrita apenas em 2016 para o estado de Goi\u00e1s e encontrada nos campos naturais de Curvelo confirmam que \u00e9 necess\u00e1rio sim um esfor\u00e7o de preserva\u00e7\u00e3o e conhecimento sobre as nossas riquezas. Conhecer para preservar, nunca antes esta m\u00e1xima se fez t\u00e3o urgente como nos dias atuais.<\/p>\n<p>Cada esp\u00e9cie \u00e9 apresentada em uma p\u00e1gina, contendo fotografias detalhadas de suas partes e informa\u00e7\u00f5es textuais. As fotografias s\u00e3o autorias e foram obtidas diretamente em campo, em condi\u00e7\u00f5es naturais de luminosidade. O texto contempla a fam\u00edlia bot\u00e2nica, nome cient\u00edfico atualmente v\u00e1lido e um ou mais nomes pulares pelo qual \u00e9 conhecida, al\u00e9m de abordar de forma ligeira as caracter\u00edsticas morfol\u00f3gicas mais marcantes, \u00e1rea de ocorr\u00eancia e eventuais curiosidades, como usos na culin\u00e1ria, na medicina e na cultura popular.<\/p>\n<p>&nbsp;&nbsp;<\/p>\n<h3>Imagens<\/h3>\n<p><center><\/p>\n<div id='gallery-1' class='gallery galleryid-3186 gallery-columns-3 gallery-size-large'><dl class='gallery-item'>\n\t\t\t<dt class='gallery-icon landscape'>\n\t\t\t\t<a href='https:\/\/editoraplantasdobrasil.com.br\/loja-virtual\/flora-do-centro-mineiro-vol-1\/flora-do-centro-mineiro-vol-1-2\/'><img loading=\"lazy\" decoding=\"async\" width=\"620\" height=\"462\" src=\"https:\/\/editoraplantasdobrasil.com.br\/loja-virtual\/wp-content\/uploads\/2021\/02\/flora-do-centro-mineiro-vol-1.jpg\" class=\"attachment-large size-large\" alt=\"\" srcset=\"https:\/\/editoraplantasdobrasil.com.br\/loja-virtual\/wp-content\/uploads\/2021\/02\/flora-do-centro-mineiro-vol-1.jpg 620w, https:\/\/editoraplantasdobrasil.com.br\/loja-virtual\/wp-content\/uploads\/2021\/02\/flora-do-centro-mineiro-vol-1-300x224.jpg 300w, https:\/\/editoraplantasdobrasil.com.br\/loja-virtual\/wp-content\/uploads\/2021\/02\/flora-do-centro-mineiro-vol-1-600x447.jpg 600w\" sizes=\"auto, (max-width: 620px) 100vw, 620px\" \/><\/a>\n\t\t\t<\/dt><\/dl>\n\t\t\t<br style='clear: both' \/>\n\t\t<\/div>\n\n<div id='gallery-2' class='gallery galleryid-3186 gallery-columns-6 gallery-size-large'><dl class='gallery-item'>\n\t\t\t<dt class='gallery-icon portrait'>\n\t\t\t\t<a href='https:\/\/editoraplantasdobrasil.com.br\/loja-virtual\/flora-do-centro-mineiro-vol-1\/miolo1-flora-de-sao-bento-do-sul-vol-1\/'><img loading=\"lazy\" decoding=\"async\" width=\"413\" height=\"575\" src=\"https:\/\/editoraplantasdobrasil.com.br\/loja-virtual\/wp-content\/uploads\/2021\/02\/miolo1-flora-de-sao-bento-do-sul-vol-1.jpg\" class=\"attachment-large size-large\" alt=\"\" aria-describedby=\"gallery-2-3200\" srcset=\"https:\/\/editoraplantasdobrasil.com.br\/loja-virtual\/wp-content\/uploads\/2021\/02\/miolo1-flora-de-sao-bento-do-sul-vol-1.jpg 413w, https:\/\/editoraplantasdobrasil.com.br\/loja-virtual\/wp-content\/uploads\/2021\/02\/miolo1-flora-de-sao-bento-do-sul-vol-1-215x300.jpg 215w\" sizes=\"auto, (max-width: 413px) 100vw, 413px\" \/><\/a>\n\t\t\t<\/dt>\n\t\t\t\t<dd class='wp-caption-text gallery-caption' id='gallery-2-3200'>\n\t\t\t\tP\u00e1gina de exemplo\n\t\t\t\t<\/dd><\/dl><dl class='gallery-item'>\n\t\t\t<dt class='gallery-icon portrait'>\n\t\t\t\t<a href='https:\/\/editoraplantasdobrasil.com.br\/loja-virtual\/flora-do-centro-mineiro-vol-1\/miolo2-flora-de-sao-bento-do-sul-vol-1\/'><img loading=\"lazy\" decoding=\"async\" width=\"413\" height=\"575\" src=\"https:\/\/editoraplantasdobrasil.com.br\/loja-virtual\/wp-content\/uploads\/2021\/02\/miolo2-flora-de-sao-bento-do-sul-vol-1.jpg\" class=\"attachment-large size-large\" alt=\"\" aria-describedby=\"gallery-2-3201\" srcset=\"https:\/\/editoraplantasdobrasil.com.br\/loja-virtual\/wp-content\/uploads\/2021\/02\/miolo2-flora-de-sao-bento-do-sul-vol-1.jpg 413w, https:\/\/editoraplantasdobrasil.com.br\/loja-virtual\/wp-content\/uploads\/2021\/02\/miolo2-flora-de-sao-bento-do-sul-vol-1-215x300.jpg 215w\" sizes=\"auto, (max-width: 413px) 100vw, 413px\" \/><\/a>\n\t\t\t<\/dt>\n\t\t\t\t<dd class='wp-caption-text gallery-caption' id='gallery-2-3201'>\n\t\t\t\tP\u00e1gina de exemplo\n\t\t\t\t<\/dd><\/dl><dl class='gallery-item'>\n\t\t\t<dt class='gallery-icon portrait'>\n\t\t\t\t<a href='https:\/\/editoraplantasdobrasil.com.br\/loja-virtual\/flora-do-centro-mineiro-vol-1\/miolo3-flora-de-sao-bento-do-sul-vol-1\/'><img loading=\"lazy\" decoding=\"async\" width=\"413\" height=\"575\" src=\"https:\/\/editoraplantasdobrasil.com.br\/loja-virtual\/wp-content\/uploads\/2021\/02\/miolo3-flora-de-sao-bento-do-sul-vol-1.jpg\" class=\"attachment-large size-large\" alt=\"\" aria-describedby=\"gallery-2-3202\" srcset=\"https:\/\/editoraplantasdobrasil.com.br\/loja-virtual\/wp-content\/uploads\/2021\/02\/miolo3-flora-de-sao-bento-do-sul-vol-1.jpg 413w, https:\/\/editoraplantasdobrasil.com.br\/loja-virtual\/wp-content\/uploads\/2021\/02\/miolo3-flora-de-sao-bento-do-sul-vol-1-215x300.jpg 215w\" sizes=\"auto, (max-width: 413px) 100vw, 413px\" \/><\/a>\n\t\t\t<\/dt>\n\t\t\t\t<dd class='wp-caption-text gallery-caption' id='gallery-2-3202'>\n\t\t\t\tP\u00e1gina de exemplo\n\t\t\t\t<\/dd><\/dl><dl class='gallery-item'>\n\t\t\t<dt class='gallery-icon portrait'>\n\t\t\t\t<a href='https:\/\/editoraplantasdobrasil.com.br\/loja-virtual\/flora-do-centro-mineiro-vol-1\/miolo4-flora-de-sao-bento-do-sul-vol-1\/'><img loading=\"lazy\" decoding=\"async\" width=\"413\" height=\"575\" src=\"https:\/\/editoraplantasdobrasil.com.br\/loja-virtual\/wp-content\/uploads\/2021\/02\/miolo4-flora-de-sao-bento-do-sul-vol-1.jpg\" class=\"attachment-large size-large\" alt=\"\" aria-describedby=\"gallery-2-3203\" srcset=\"https:\/\/editoraplantasdobrasil.com.br\/loja-virtual\/wp-content\/uploads\/2021\/02\/miolo4-flora-de-sao-bento-do-sul-vol-1.jpg 413w, https:\/\/editoraplantasdobrasil.com.br\/loja-virtual\/wp-content\/uploads\/2021\/02\/miolo4-flora-de-sao-bento-do-sul-vol-1-215x300.jpg 215w\" sizes=\"auto, (max-width: 413px) 100vw, 413px\" \/><\/a>\n\t\t\t<\/dt>\n\t\t\t\t<dd class='wp-caption-text gallery-caption' id='gallery-2-3203'>\n\t\t\t\tP\u00e1gina de exemplo\n\t\t\t\t<\/dd><\/dl><dl class='gallery-item'>\n\t\t\t<dt class='gallery-icon portrait'>\n\t\t\t\t<a href='https:\/\/editoraplantasdobrasil.com.br\/loja-virtual\/flora-do-centro-mineiro-vol-1\/miolo5-flora-de-sao-bento-do-sul-vol-1\/'><img loading=\"lazy\" decoding=\"async\" width=\"413\" height=\"575\" src=\"https:\/\/editoraplantasdobrasil.com.br\/loja-virtual\/wp-content\/uploads\/2021\/02\/miolo5-flora-de-sao-bento-do-sul-vol-1.jpg\" class=\"attachment-large size-large\" alt=\"\" aria-describedby=\"gallery-2-3204\" srcset=\"https:\/\/editoraplantasdobrasil.com.br\/loja-virtual\/wp-content\/uploads\/2021\/02\/miolo5-flora-de-sao-bento-do-sul-vol-1.jpg 413w, https:\/\/editoraplantasdobrasil.com.br\/loja-virtual\/wp-content\/uploads\/2021\/02\/miolo5-flora-de-sao-bento-do-sul-vol-1-215x300.jpg 215w\" sizes=\"auto, (max-width: 413px) 100vw, 413px\" \/><\/a>\n\t\t\t<\/dt>\n\t\t\t\t<dd class='wp-caption-text gallery-caption' id='gallery-2-3204'>\n\t\t\t\tP\u00e1gina de exemplo\n\t\t\t\t<\/dd><\/dl><dl class='gallery-item'>\n\t\t\t<dt class='gallery-icon portrait'>\n\t\t\t\t<a href='https:\/\/editoraplantasdobrasil.com.br\/loja-virtual\/flora-do-centro-mineiro-vol-1\/miolo6-flora-de-sao-bento-do-sul-vol-1\/'><img loading=\"lazy\" decoding=\"async\" width=\"413\" height=\"575\" src=\"https:\/\/editoraplantasdobrasil.com.br\/loja-virtual\/wp-content\/uploads\/2021\/02\/miolo6-flora-de-sao-bento-do-sul-vol-1.jpg\" class=\"attachment-large size-large\" alt=\"\" aria-describedby=\"gallery-2-3205\" srcset=\"https:\/\/editoraplantasdobrasil.com.br\/loja-virtual\/wp-content\/uploads\/2021\/02\/miolo6-flora-de-sao-bento-do-sul-vol-1.jpg 413w, https:\/\/editoraplantasdobrasil.com.br\/loja-virtual\/wp-content\/uploads\/2021\/02\/miolo6-flora-de-sao-bento-do-sul-vol-1-215x300.jpg 215w\" sizes=\"auto, (max-width: 413px) 100vw, 413px\" \/><\/a>\n\t\t\t<\/dt>\n\t\t\t\t<dd class='wp-caption-text gallery-caption' id='gallery-2-3205'>\n\t\t\t\tP\u00e1gina de exemplo\n\t\t\t\t<\/dd><\/dl><br style=\"clear: both\" \/><dl class='gallery-item'>\n\t\t\t<dt class='gallery-icon portrait'>\n\t\t\t\t<a href='https:\/\/editoraplantasdobrasil.com.br\/loja-virtual\/flora-do-centro-mineiro-vol-1\/miolo7-flora-de-sao-bento-do-sul-vol-1\/'><img loading=\"lazy\" decoding=\"async\" width=\"413\" height=\"575\" src=\"https:\/\/editoraplantasdobrasil.com.br\/loja-virtual\/wp-content\/uploads\/2021\/02\/miolo7-flora-de-sao-bento-do-sul-vol-1.jpg\" class=\"attachment-large size-large\" alt=\"\" aria-describedby=\"gallery-2-3206\" srcset=\"https:\/\/editoraplantasdobrasil.com.br\/loja-virtual\/wp-content\/uploads\/2021\/02\/miolo7-flora-de-sao-bento-do-sul-vol-1.jpg 413w, https:\/\/editoraplantasdobrasil.com.br\/loja-virtual\/wp-content\/uploads\/2021\/02\/miolo7-flora-de-sao-bento-do-sul-vol-1-215x300.jpg 215w\" sizes=\"auto, (max-width: 413px) 100vw, 413px\" \/><\/a>\n\t\t\t<\/dt>\n\t\t\t\t<dd class='wp-caption-text gallery-caption' id='gallery-2-3206'>\n\t\t\t\tP\u00e1gina de exemplo\n\t\t\t\t<\/dd><\/dl><dl class='gallery-item'>\n\t\t\t<dt class='gallery-icon portrait'>\n\t\t\t\t<a href='https:\/\/editoraplantasdobrasil.com.br\/loja-virtual\/flora-do-centro-mineiro-vol-1\/miolo8-flora-de-sao-bento-do-sul-vol-1\/'><img loading=\"lazy\" decoding=\"async\" width=\"413\" height=\"575\" src=\"https:\/\/editoraplantasdobrasil.com.br\/loja-virtual\/wp-content\/uploads\/2021\/02\/miolo8-flora-de-sao-bento-do-sul-vol-1.jpg\" class=\"attachment-large size-large\" alt=\"\" aria-describedby=\"gallery-2-3207\" srcset=\"https:\/\/editoraplantasdobrasil.com.br\/loja-virtual\/wp-content\/uploads\/2021\/02\/miolo8-flora-de-sao-bento-do-sul-vol-1.jpg 413w, https:\/\/editoraplantasdobrasil.com.br\/loja-virtual\/wp-content\/uploads\/2021\/02\/miolo8-flora-de-sao-bento-do-sul-vol-1-215x300.jpg 215w\" sizes=\"auto, (max-width: 413px) 100vw, 413px\" \/><\/a>\n\t\t\t<\/dt>\n\t\t\t\t<dd class='wp-caption-text gallery-caption' id='gallery-2-3207'>\n\t\t\t\tP\u00e1gina de exemplo\n\t\t\t\t<\/dd><\/dl><dl class='gallery-item'>\n\t\t\t<dt class='gallery-icon portrait'>\n\t\t\t\t<a href='https:\/\/editoraplantasdobrasil.com.br\/loja-virtual\/flora-do-centro-mineiro-vol-1\/miolo9-flora-de-sao-bento-do-sul-vol-1\/'><img loading=\"lazy\" decoding=\"async\" width=\"413\" height=\"575\" src=\"https:\/\/editoraplantasdobrasil.com.br\/loja-virtual\/wp-content\/uploads\/2021\/02\/miolo9-flora-de-sao-bento-do-sul-vol-1.jpg\" class=\"attachment-large size-large\" alt=\"\" aria-describedby=\"gallery-2-3208\" srcset=\"https:\/\/editoraplantasdobrasil.com.br\/loja-virtual\/wp-content\/uploads\/2021\/02\/miolo9-flora-de-sao-bento-do-sul-vol-1.jpg 413w, https:\/\/editoraplantasdobrasil.com.br\/loja-virtual\/wp-content\/uploads\/2021\/02\/miolo9-flora-de-sao-bento-do-sul-vol-1-215x300.jpg 215w\" sizes=\"auto, (max-width: 413px) 100vw, 413px\" \/><\/a>\n\t\t\t<\/dt>\n\t\t\t\t<dd class='wp-caption-text gallery-caption' id='gallery-2-3208'>\n\t\t\t\tP\u00e1gina de exemplo\n\t\t\t\t<\/dd><\/dl><dl class='gallery-item'>\n\t\t\t<dt class='gallery-icon portrait'>\n\t\t\t\t<a href='https:\/\/editoraplantasdobrasil.com.br\/loja-virtual\/flora-do-centro-mineiro-vol-1\/miolo10-flora-de-sao-bento-do-sul-vol-1\/'><img loading=\"lazy\" decoding=\"async\" width=\"413\" height=\"575\" src=\"https:\/\/editoraplantasdobrasil.com.br\/loja-virtual\/wp-content\/uploads\/2021\/02\/miolo10-flora-de-sao-bento-do-sul-vol-1.jpg\" class=\"attachment-large size-large\" alt=\"\" aria-describedby=\"gallery-2-3209\" srcset=\"https:\/\/editoraplantasdobrasil.com.br\/loja-virtual\/wp-content\/uploads\/2021\/02\/miolo10-flora-de-sao-bento-do-sul-vol-1.jpg 413w, https:\/\/editoraplantasdobrasil.com.br\/loja-virtual\/wp-content\/uploads\/2021\/02\/miolo10-flora-de-sao-bento-do-sul-vol-1-215x300.jpg 215w\" sizes=\"auto, (max-width: 413px) 100vw, 413px\" \/><\/a>\n\t\t\t<\/dt>\n\t\t\t\t<dd class='wp-caption-text gallery-caption' id='gallery-2-3209'>\n\t\t\t\tP\u00e1gina de exemplo\n\t\t\t\t<\/dd><\/dl><dl class='gallery-item'>\n\t\t\t<dt class='gallery-icon portrait'>\n\t\t\t\t<a href='https:\/\/editoraplantasdobrasil.com.br\/loja-virtual\/flora-do-centro-mineiro-vol-1\/miolo11-flora-de-sao-bento-do-sul-vol-1\/'><img loading=\"lazy\" decoding=\"async\" width=\"413\" height=\"575\" src=\"https:\/\/editoraplantasdobrasil.com.br\/loja-virtual\/wp-content\/uploads\/2021\/02\/miolo11-flora-de-sao-bento-do-sul-vol-1.jpg\" class=\"attachment-large size-large\" alt=\"\" aria-describedby=\"gallery-2-3210\" srcset=\"https:\/\/editoraplantasdobrasil.com.br\/loja-virtual\/wp-content\/uploads\/2021\/02\/miolo11-flora-de-sao-bento-do-sul-vol-1.jpg 413w, https:\/\/editoraplantasdobrasil.com.br\/loja-virtual\/wp-content\/uploads\/2021\/02\/miolo11-flora-de-sao-bento-do-sul-vol-1-215x300.jpg 215w\" sizes=\"auto, (max-width: 413px) 100vw, 413px\" \/><\/a>\n\t\t\t<\/dt>\n\t\t\t\t<dd class='wp-caption-text gallery-caption' id='gallery-2-3210'>\n\t\t\t\tP\u00e1gina de exemplo\n\t\t\t\t<\/dd><\/dl><dl class='gallery-item'>\n\t\t\t<dt class='gallery-icon portrait'>\n\t\t\t\t<a href='https:\/\/editoraplantasdobrasil.com.br\/loja-virtual\/flora-do-centro-mineiro-vol-1\/miolo12-flora-de-sao-bento-do-sul-vol-1\/'><img loading=\"lazy\" decoding=\"async\" width=\"413\" height=\"575\" src=\"https:\/\/editoraplantasdobrasil.com.br\/loja-virtual\/wp-content\/uploads\/2021\/02\/miolo12-flora-de-sao-bento-do-sul-vol-1.jpg\" class=\"attachment-large size-large\" alt=\"\" aria-describedby=\"gallery-2-3211\" srcset=\"https:\/\/editoraplantasdobrasil.com.br\/loja-virtual\/wp-content\/uploads\/2021\/02\/miolo12-flora-de-sao-bento-do-sul-vol-1.jpg 413w, https:\/\/editoraplantasdobrasil.com.br\/loja-virtual\/wp-content\/uploads\/2021\/02\/miolo12-flora-de-sao-bento-do-sul-vol-1-215x300.jpg 215w\" sizes=\"auto, (max-width: 413px) 100vw, 413px\" \/><\/a>\n\t\t\t<\/dt>\n\t\t\t\t<dd class='wp-caption-text gallery-caption' id='gallery-2-3211'>\n\t\t\t\tP\u00e1gina de exemplo\n\t\t\t\t<\/dd><\/dl><br style=\"clear: both\" \/>\n\t\t<\/div>\n\n<p><\/center><\/p>\n<p>&nbsp;<\/p>\n<h3>Especifica\u00e7\u00f5es<\/h3>\n<p>ISBN 978-65-992399-0-8<br \/>\nAutor: Geraldo M. Pereira<\/p>\n<ul>\n<li>Tamanho 21 x 30 cm;<\/li>\n<li>N\u00famero total de p\u00e1ginas: 332;<\/li>\n<li>Material luxuoso, totalmente impresso em papel couch\u00ea brilhante 115 g;<\/li>\n<li>Encaderna\u00e7\u00e3o em capa dura e impress\u00e3o policrom\u00e1tica;<\/li>\n<li>300 esp\u00e9cies &#8211; sendo uma p\u00e1gina por esp\u00e9cie. <!-- contendo no m\u00ednimo 3 imagens de cada.--><\/li>\n<\/ul>\n<p><!--\n\n<li>N\u00famero total de fotos: 1200;<\/li>\n\n--><\/p>\n<div style=\"clear: both;\"><\/div>\n<p>&nbsp;&nbsp;<\/p>\n<div style=\"clear: both;\"><\/div>\n<p>&nbsp;&nbsp;<\/p>\n<div style=\"text-align: center;\">\n<img decoding=\"async\" src=\"https:\/\/www.editoraplantasdobrasil.com.br\/loja-virtual\/wp-content\/uploads\/2019\/05\/seta_vermelha.png\" \/>\n<\/div>\n<div style=\"clear: both;\"><\/div>\n<div style=\"clear: both;\"><\/div>\n<p>&nbsp;<\/p>\n<h3 style=\"text-align: center;\"><!--de <s><strong><span style=\"color: #16A086; font-size: 26px;\">R$239,00<\/span><\/strong><\/s> por -->apenas <strong><span style=\"color: #359200; font-size: 40px;\">R$249,00<\/span><\/strong><\/h3>\n<p><center><br \/>\n<i>Pague em at\u00e9 <strong>12x<\/strong><\/i><br \/>\n<\/center><\/p>\n<div style=\"clear: both;\"><\/div>\n<p>&nbsp;&nbsp;<\/p>\n<p><center><\/p>\n<h3><font color=\"#FF0000\">Hoje com <strong>FRETE GR\u00c1TIS<\/strong> para todo o pa\u00eds!<\/font><\/h3>\n<p>&nbsp;<\/p>\n<p align=\"center\"><a href=\"https:\/\/www.editoraplantasdobrasil.com.br\/loja-virtual\/vitrine\/?add-to-cart=3225\" title=\"Clique aqui para comprar o livro: Flora do Centro Mineiro Vol.1\"><img decoding=\"async\" src=\"https:\/\/www.editoraplantasdobrasil.com.br\/loja-virtual\/wp-content\/uploads\/2019\/05\/comprar.gif\" \/><\/a><\/p>\n<p><img decoding=\"async\" src=\"https:\/\/www.editoraplantasdobrasil.com.br\/loja-virtual\/wp-content\/uploads\/2019\/05\/ambiente_seguro.jpg\"><\/p>\n<p><\/center><\/p>\n<div style=\"clear: both;\"><\/div>\n<p>&nbsp; &nbsp;<\/p>\n<div style=\"clear: both;\"><\/div>\n<p>&nbsp; &nbsp;<\/p>\n<div style=\"clear: both;\"><\/div>\n<p>&nbsp;&nbsp;<\/p>\n<p><center><\/p>\n<h3>D\u00favidas? Fale Conosco!<\/h3>\n<p><a href=\"https:\/\/api.whatsapp.com\/send?phone=5542999752772\" target=\"_blank\" rel=\"noopener noreferrer\">42 99975-2772<\/a> (Telefone e WhatsApp)<\/p>\n<p><a href=\"https:\/\/www.editoraplantasdobrasil.com.br\/loja-virtual\/fale-conosco\/\" title=\"Fale Conosco\" alt=\"Fale Conosco\"> Formul\u00e1rio de Contato<\/a><\/p>\n<p><\/center><\/p>\n","protected":false},"excerpt":{"rendered":"<p>GUIA FOTOGR\u00c1FICO PARA IDENTIFICA\u00c7\u00c3O DE PLANTAS NATIVAS &nbsp; &nbsp; apenas R$249,00 Pague em at\u00e9 12x &nbsp;&nbsp; Hoje com FRETE GR\u00c1TIS para todo o pa\u00eds! &nbsp; &nbsp; &nbsp;&nbsp; &nbsp;&nbsp; Apresenta\u00e7\u00e3o &nbsp; Este livro \u00e9 tamb\u00e9m um convite \u00e0 observa\u00e7\u00e3o. Al\u00e9m de ser uma fonte de informa\u00e7\u00f5es sobre as esp\u00e9cies e o ambiente da regi\u00e3o central de [&hellip;]<\/p>\n","protected":false},"author":1,"featured_media":0,"parent":0,"menu_order":0,"comment_status":"closed","ping_status":"closed","template":"","meta":{"content-type":"","_exactmetrics_skip_tracking":false,"_exactmetrics_sitenote_active":false,"_exactmetrics_sitenote_note":"","_exactmetrics_sitenote_category":0,"footnotes":""},"class_list":["post-3186","page","type-page","status-publish","hentry"],"_links":{"self":[{"href":"https:\/\/editoraplantasdobrasil.com.br\/loja-virtual\/wp-json\/wp\/v2\/pages\/3186","targetHints":{"allow":["GET"]}}],"collection":[{"href":"https:\/\/editoraplantasdobrasil.com.br\/loja-virtual\/wp-json\/wp\/v2\/pages"}],"about":[{"href":"https:\/\/editoraplantasdobrasil.com.br\/loja-virtual\/wp-json\/wp\/v2\/types\/page"}],"author":[{"embeddable":true,"href":"https:\/\/editoraplantasdobrasil.com.br\/loja-virtual\/wp-json\/wp\/v2\/users\/1"}],"replies":[{"embeddable":true,"href":"https:\/\/editoraplantasdobrasil.com.br\/loja-virtual\/wp-json\/wp\/v2\/comments?post=3186"}],"version-history":[{"count":45,"href":"https:\/\/editoraplantasdobrasil.com.br\/loja-virtual\/wp-json\/wp\/v2\/pages\/3186\/revisions"}],"predecessor-version":[{"id":9767,"href":"https:\/\/editoraplantasdobrasil.com.br\/loja-virtual\/wp-json\/wp\/v2\/pages\/3186\/revisions\/9767"}],"wp:attachment":[{"href":"https:\/\/editoraplantasdobrasil.com.br\/loja-virtual\/wp-json\/wp\/v2\/media?parent=3186"}],"curies":[{"name":"wp","href":"https:\/\/api.w.org\/{rel}","templated":true}]}}