{"id":4815,"date":"2022-01-24T15:59:37","date_gmt":"2022-01-24T18:59:37","guid":{"rendered":"https:\/\/www.editoraplantasdobrasil.com.br\/loja-virtual\/?page_id=4815"},"modified":"2026-02-04T21:45:30","modified_gmt":"2026-02-05T00:45:30","slug":"ebooks","status":"publish","type":"page","link":"https:\/\/editoraplantasdobrasil.com.br\/loja-virtual\/ebooks\/","title":{"rendered":"5 eBooks"},"content":{"rendered":"<h2><center>HOJE com 60% de Desconto!<\/center><\/h2>\n<div style=\"float: left; width: 100%; border: solid black 1px; background: #ffffff; margin: 10px; padding: 10px;\">\n<div style=\"float: left;  background: #ffffff; margin: 5px; padding: 5px;\">\n<h4><img decoding=\"async\" src=\"https:\/\/www.editoraplantasdobrasil.com.br\/loja-virtual\/wp-content\/uploads\/2019\/05\/home-ebook-plantas-do-brasil-arvores-nativas-vol1.jpg\" width=\"200px\"><\/h4>\n<\/div>\n<div style=\"float: right;  background: #ffffff; margin: 5px; padding: 5px;\">\n<p><strong>PLANTAS DO BRASIL &#8211; \u00c1RVORES NATIVAS Vol.1<\/strong><\/p>\n<p>Um Guia Detalhado para a Identifica\u00e7\u00e3o de \u00c1rvores do Brasil<\/p>\n<p><a href=\"https:\/\/www.editoraplantasdobrasil.com.br\/loja-virtual\/ebook-plantas-do-brasil-arvores-nativas-vol-1\/\"><img decoding=\"async\" src=\"https:\/\/www.editoraplantasdobrasil.com.br\/loja-virtual\/wp-content\/uploads\/2019\/05\/saiba-mais.png\" width=\"100px\"><\/a><\/p>\n<\/div>\n<\/div>\n<p><center><\/p>\n<h1>+<\/h1>\n<p><\/center><\/p>\n<div style=\"float: left; width: 100%; border: solid black 1px; background: #ffffff; margin: 10px; padding: 10px;\">\n<div style=\"float: left;  background: #ffffff; margin: 5px; padding: 5px;\">\n<h4><img decoding=\"async\" src=\"https:\/\/www.editoraplantasdobrasil.com.br\/loja-virtual\/wp-content\/uploads\/2019\/05\/home-ebook-plantas-do-brasil-especies-ornamentais-vol1.jpg\" width=\"200px\"><\/h4>\n<\/div>\n<div style=\"float: right;  background: #ffffff; margin: 5px; padding: 5px;\">\n<p><strong>PLANTAS DO BRASIL &#8211; ESP\u00c9CIES ORNAMENTAIS Vol.1<\/strong><\/p>\n<p>Um Guia Detalhado para a Identifica\u00e7\u00e3o e Cultivo de Plantas <br \/>Ornamentais no Brasil<\/p>\n<p><a href=\"https:\/\/www.editoraplantasdobrasil.com.br\/loja-virtual\/ebook-plantas-do-brasil-especies-ornamentais-vol-1\/\"><img decoding=\"async\" src=\"https:\/\/www.editoraplantasdobrasil.com.br\/loja-virtual\/wp-content\/uploads\/2019\/05\/saiba-mais.png\" width=\"100px\"><\/a><\/p>\n<\/div>\n<\/div>\n<p><center><\/p>\n<h1>+<\/h1>\n<p><\/center><\/p>\n<div style=\"float: left; width: 100%; border: solid black 1px; background: #ffffff; margin: 10px; padding: 10px;\">\n<div style=\"float: left;  background: #ffffff; margin: 5px; padding: 5px;\">\n<h4><img decoding=\"async\" src=\"https:\/\/www.editoraplantasdobrasil.com.br\/loja-virtual\/wp-content\/uploads\/2022\/08\/floradobrasilemimagensv1_ebook_site.png\" width=\"200px\"><\/h4>\n<\/div>\n<div style=\"float: right;  background: #ffffff; margin: 5px; padding: 5px;\">\n<p><strong>FLORA DO BRASIL EM IMAGENS Vol.1<\/strong><\/p>\n<p>Brota aqui, a maior colet\u00e2nea de guias fotogr\u00e1ficos para &nbsp;&nbsp;&nbsp;<br \/>identifica\u00e7\u00e3o de plantas nativas j\u00e1 publicada no Brasil.<\/p>\n<p><a href=\"https:\/\/www.editoraplantasdobrasil.com.br\/loja-virtual\/ebook-flora-do-brasil-em-imagens-vol-1\/\"><img decoding=\"async\" src=\"https:\/\/www.editoraplantasdobrasil.com.br\/loja-virtual\/wp-content\/uploads\/2019\/05\/saiba-mais.png\" width=\"100px\"><\/a><\/p>\n<\/div>\n<\/div>\n<p><center><\/p>\n<h1>+<\/h1>\n<p><\/center><\/p>\n<div style=\"float: left; width: 100%; border: solid black 1px; background: #ffffff; margin: 10px; padding: 10px;\">\n<div style=\"float: left;  background: #ffffff; margin: 5px; padding: 5px;\">\n<h4><img decoding=\"async\" src=\"https:\/\/www.editoraplantasdobrasil.com.br\/loja-virtual\/wp-content\/uploads\/2023\/01\/floradobrasilemimagensv2_ebook_site.png\" width=\"200px\"><\/h4>\n<\/div>\n<div style=\"float: right;  background: #ffffff; margin: 5px; padding: 5px;\">\n<p><strong>FLORA DO BRASIL EM IMAGENS Vol.2<\/strong><\/p>\n<p>Trata-se da continua\u00e7\u00e3o, do que um dia h\u00e1 de ser,&nbsp;&nbsp;&nbsp;<br \/> a maior colet\u00e2nea de guias fotogr\u00e1ficos para identifica\u00e7\u00e3o&nbsp;&nbsp;&nbsp;<br \/>de plantas nativas j\u00e1 publicada no Brasil.<\/p>\n<p><a href=\"https:\/\/www.editoraplantasdobrasil.com.br\/loja-virtual\/ebook-flora-do-brasil-em-imagens-vol-2\/\"><img decoding=\"async\" src=\"https:\/\/www.editoraplantasdobrasil.com.br\/loja-virtual\/wp-content\/uploads\/2019\/05\/saiba-mais.png\" width=\"100px\"><\/a><\/p>\n<\/div>\n<\/div>\n<p><center><\/p>\n<h1>+<\/h1>\n<p><\/center><\/p>\n<div style=\"float: left; width: 100%; border: solid black 1px; background: #ffffff; margin: 10px; padding: 10px;\">\n<div style=\"float: left;  background: #ffffff; margin: 5px; padding: 5px;\">\n<h4><img decoding=\"async\" src=\"https:\/\/www.editoraplantasdobrasil.com.br\/loja-virtual\/wp-content\/uploads\/2019\/05\/home-ebook-manual_de_dendrologia.jpg\" width=\"200px\"><\/h4>\n<\/div>\n<div style=\"float: right;  background: #ffffff; margin: 5px; padding: 5px;\">\n<p><strong>MANUAL DE DENDROLOGIA<\/strong><\/p>\n<p>Um Guia Ilustrado de Morfologia e Taxonomia de \u00c1rvores&nbsp;&nbsp;&nbsp;&nbsp;<br \/> Brasileiras<\/p>\n<p><a href=\"https:\/\/www.editoraplantasdobrasil.com.br\/loja-virtual\/ebook-manual-de-dendrologia\/\"><img decoding=\"async\" src=\"https:\/\/www.editoraplantasdobrasil.com.br\/loja-virtual\/wp-content\/uploads\/2019\/05\/saiba-mais.png\" width=\"100px\"><\/a><\/p>\n<\/div>\n<\/div>\n<p>&nbsp;<\/p>\n<div style=\"text-align: center;\">\n<img decoding=\"async\" src=\"https:\/\/www.editoraplantasdobrasil.com.br\/loja-virtual\/wp-content\/uploads\/2019\/05\/seta_vermelha.png\" \/>\n<\/div>\n<div style=\"clear: both;\"><\/div>\n<p><!--<center>\n\n\n<h3><font color=\"#FF0000\">Oferta Especial!<\/font><\/h3>\n\n\n<\/center>\n--><\/p>\n<p><center><\/p>\n<h3><font color=\"#FF0000\">Promo\u00e7\u00e3o!<\/font><\/h3>\n<p><!--\n\n<h2 style=\"text-align: center;\"><strong><span style=\"color: #4CD586; background: #000000;\">\ud83e\udd42Promo\u00e7\u00e3o de ANO NOVO\ud83e\udd42<\/span><\/strong><\/h2>\n\n--><br \/>\n<\/center><br \/>\n<\/p>\n<p><center><\/p>\n<h3>HOJE os 5 eBooks<\/h3>\n<p><\/center><\/p>\n<h3 style=\"text-align: center;\">de <s><strong><span style=\"color: #359200; font-size: 26px;\">R$245,00<\/span><\/strong><\/s> por <center>apenas <strong><span style=\"color: #359200; font-size: 48px;\">R$99,00<\/span><\/strong><\/h3>\n<p><\/center><\/p>\n<p><center><\/p>\n<p><i>Pague em at\u00e9 <strong>11x<\/strong><\/i><\/p>\n<p><\/center><\/p>\n<div style=\"clear: both;\"><\/div>\n<p><center><br \/>\n<!--\n\n\n<p><font color=\"red\"><strong>FRETE GR\u00c1TIS<\/strong> *<\/font>\n\n<p>\n--><\/p>\n<p align=\"center\"><a href=\"https:\/\/www.editoraplantasdobrasil.com.br\/loja-virtual\/vitrine\/?add-to-cart=8499\" title=\"Clique aqui para comprar os 5 eBooks com 60% de desnconto!\"><img decoding=\"async\" src=\"https:\/\/www.editoraplantasdobrasil.com.br\/loja-virtual\/wp-content\/uploads\/2019\/05\/comprar.gif\" \/><\/a><\/p>\n<p><img decoding=\"async\" src=\"https:\/\/www.editoraplantasdobrasil.com.br\/loja-virtual\/wp-content\/uploads\/2019\/05\/ambiente_seguro.jpg\"><\/p>\n<p><!--\n\n<p>Para comprar via smartphone <a href=\"https:\/\/pag.ae\/bcs6nw9\" target=\"_blank\" title=\"Clique aqui para comprar o eBook: Plantas do Brasil - Esp\u00e9cies Ornamentais Vol.1\" rel=\"noopener noreferrer\">CLIQUE AQUI<\/a>.--><\/p>\n<p><!--\n\n\n<div style=\"color: navy; background-color: pink; border: 2px solid blue; padding: 5px;\">\n\n\n<h4><font color=\"red\"><strong>* HOJE com FRETE GR\u00c1TIS para todo o pa\u00eds!<\/strong><\/font><\/h4>\n\n\n<\/div>\n\n\n--><\/p>\n<p><\/center><\/p>\n<div style=\"clear: both;\"><\/div>\n<p>&nbsp; &nbsp;<\/p>\n<div style=\"clear: both;\"><\/div>\n<p>&nbsp; &nbsp;<\/p>\n<div style=\"clear: both;\"><\/div>\n<p>&nbsp;&nbsp;<\/p>\n<p><center><\/p>\n<h3>D\u00favidas? Fale Conosco!<\/h3>\n<p><a href=\"https:\/\/api.whatsapp.com\/send?phone=5542999752772\" target=\"_blank\" rel=\"noopener noreferrer\">42 99975-2772<\/a> (Telefone e WhatsApp)<\/p>\n<p><a href=\"https:\/\/www.editoraplantasdobrasil.com.br\/loja-virtual\/fale-conosco\/\" title=\"Fale Conosco\" alt=\"Fale Conosco\"> Formul\u00e1rio de Contato<\/a><\/p>\n<p><\/center><\/p>\n","protected":false},"excerpt":{"rendered":"<p>HOJE com 60% de Desconto! PLANTAS DO BRASIL &#8211; \u00c1RVORES NATIVAS Vol.1 Um Guia Detalhado para a Identifica\u00e7\u00e3o de \u00c1rvores do Brasil + PLANTAS DO BRASIL &#8211; ESP\u00c9CIES ORNAMENTAIS Vol.1 Um Guia Detalhado para a Identifica\u00e7\u00e3o e Cultivo de Plantas Ornamentais no Brasil + FLORA DO BRASIL EM IMAGENS Vol.1 Brota aqui, a maior colet\u00e2nea [&hellip;]<\/p>\n","protected":false},"author":1,"featured_media":0,"parent":0,"menu_order":0,"comment_status":"closed","ping_status":"closed","template":"","meta":{"content-type":"","_exactmetrics_skip_tracking":false,"_exactmetrics_sitenote_active":false,"_exactmetrics_sitenote_note":"","_exactmetrics_sitenote_category":0,"footnotes":""},"class_list":["post-4815","page","type-page","status-publish","hentry"],"_links":{"self":[{"href":"https:\/\/editoraplantasdobrasil.com.br\/loja-virtual\/wp-json\/wp\/v2\/pages\/4815","targetHints":{"allow":["GET"]}}],"collection":[{"href":"https:\/\/editoraplantasdobrasil.com.br\/loja-virtual\/wp-json\/wp\/v2\/pages"}],"about":[{"href":"https:\/\/editoraplantasdobrasil.com.br\/loja-virtual\/wp-json\/wp\/v2\/types\/page"}],"author":[{"embeddable":true,"href":"https:\/\/editoraplantasdobrasil.com.br\/loja-virtual\/wp-json\/wp\/v2\/users\/1"}],"replies":[{"embeddable":true,"href":"https:\/\/editoraplantasdobrasil.com.br\/loja-virtual\/wp-json\/wp\/v2\/comments?post=4815"}],"version-history":[{"count":60,"href":"https:\/\/editoraplantasdobrasil.com.br\/loja-virtual\/wp-json\/wp\/v2\/pages\/4815\/revisions"}],"predecessor-version":[{"id":12643,"href":"https:\/\/editoraplantasdobrasil.com.br\/loja-virtual\/wp-json\/wp\/v2\/pages\/4815\/revisions\/12643"}],"wp:attachment":[{"href":"https:\/\/editoraplantasdobrasil.com.br\/loja-virtual\/wp-json\/wp\/v2\/media?parent=4815"}],"curies":[{"name":"wp","href":"https:\/\/api.w.org\/{rel}","templated":true}]}}