{"id":5162,"date":"2022-05-16T17:28:22","date_gmt":"2022-05-16T20:28:22","guid":{"rendered":"https:\/\/www.editoraplantasdobrasil.com.br\/loja-virtual\/?page_id=5162"},"modified":"2024-07-25T14:30:44","modified_gmt":"2024-07-25T17:30:44","slug":"flora-do-centro-mineiro-vol-2","status":"publish","type":"page","link":"https:\/\/editoraplantasdobrasil.com.br\/loja-virtual\/flora-do-centro-mineiro-vol-2\/","title":{"rendered":"Flora do Centro Mineiro Vol.2"},"content":{"rendered":"<p><center><br \/>\n<img decoding=\"async\" src=\"https:\/\/www.editoraplantasdobrasil.com.br\/loja-virtual\/wp-content\/uploads\/2023\/03\/Flora_do_Centro_Mineiro_Vol.2_sem_fundo.png\" width=\"500px\" \/><\/p>\n<h4>GUIA FOTOGR\u00c1FICO PARA IDENTIFICA\u00c7\u00c3O DE PLANTAS NATIVAS<\/h4>\n<p><\/center><\/p>\n<p>&nbsp;<\/p>\n<div style=\"text-align: center;\">\n<img decoding=\"async\" src=\"https:\/\/www.editoraplantasdobrasil.com.br\/loja-virtual\/wp-content\/uploads\/2019\/05\/seta_vermelha.png\" \/>\n<\/div>\n<div style=\"clear: both;\"><\/div>\n<div style=\"clear: both;\"><\/div>\n<p>&nbsp;<\/p>\n<h3 style=\"text-align: center;\"><!--de <s><strong><span style=\"color: #16A086; font-size: 26px;\">R$239,00<\/span><\/strong><\/s> por -->apenas <strong><span style=\"color: #359200; font-size: 40px;\">R$249,00<\/span><\/strong><\/h3>\n<p><center><br \/>\n<i>Pague em at\u00e9 <strong>12x<\/strong><\/i><br \/>\n<\/center><\/p>\n<div style=\"clear: both;\"><\/div>\n<p>&nbsp;&nbsp;<\/p>\n<p><center><\/p>\n<h3><font color=\"#FF0000\">Hoje com <strong>FRETE GR\u00c1TIS<\/strong> para todo o pa\u00eds!<\/font><\/h3>\n<p>&nbsp;<\/p>\n<p align=\"center\"><a href=\"https:\/\/www.editoraplantasdobrasil.com.br\/loja-virtual\/vitrine\/?add-to-cart=5179\" title=\"Clique aqui para comprar o livro: Flora do Centro Mineiro Vol.2\"><img decoding=\"async\" src=\"https:\/\/www.editoraplantasdobrasil.com.br\/loja-virtual\/wp-content\/uploads\/2019\/05\/comprar.gif\" \/><\/a><\/p>\n<p><img decoding=\"async\" src=\"https:\/\/www.editoraplantasdobrasil.com.br\/loja-virtual\/wp-content\/uploads\/2019\/05\/ambiente_seguro.jpg\"><\/p>\n<p><\/center><\/p>\n<div style=\"clear: both;\"><\/div>\n<p>&nbsp; &nbsp;&nbsp;<\/p>\n<div style=\"clear: both;\"><\/div>\n<p>&nbsp;&nbsp;<\/p>\n<h3>Apresenta\u00e7\u00e3o<\/h3>\n<p>&nbsp;<\/p>\n<p>O presente volume \u00e9 o resultado da continua\u00e7\u00e3o das pesquisas de campo na regi\u00e3o central de Minas Gerais, em busca do levantamento fotogr\u00e1fico do maior n\u00famero poss\u00edvel de esp\u00e9cies da flora local.<\/p>\n<p>S\u00e3o apresentadas neste segundo volume mais 300 esp\u00e9cies nativas (<a href=\"https:\/\/www.editoraplantasdobrasil.com.br\/loja-virtual\/wp-content\/uploads\/2022\/05\/sumario_Flora_do_Centro_Mineiro_Vol.2.pdf\" target=\"_blank\" alt=\"Clique aqui para ver a lista de esp\u00e9cies\" rel=\"noopener\">ver Lista de Esp\u00e9cies<\/a>), mantendo o prop\u00f3sito de levar o leitor ao conhecimento das esp\u00e9cies da regi\u00e3o e o convite \u00e0 observa\u00e7\u00e3o da natureza. O objetivo central, desta forma, \u00e9 promover a import\u00e2ncia de se manter intactos os ambientes naturais onde as esp\u00e9cies apresentadas ocorrem, sendo eles fundamentais para a manuten\u00e7\u00e3o da vida como um todo, lar que s\u00e3o de nascentes e \u00e1reas de intensa movimenta\u00e7\u00e3o da fauna nativa.<\/p>\n<p>Cada esp\u00e9cie \u00e9 apresentada em uma p\u00e1gina, contendo fotografias detalhadas de suas partes e informa\u00e7\u00f5es textuais. As fotografias s\u00e3o autorais e foram obtidas em campo em condi\u00e7\u00f5es naturais de luminosidade. O texto contempla a fam\u00edlia bot\u00e2nica, o nome cient\u00edfico atualmente v\u00e1lido e um ou mais nomes populares, al\u00e9m de abordar as caracter\u00edsticas mais marcantes de cada planta, a \u00e1rea de ocorr\u00eancia e eventuais curiosidades a seu respeito.<\/p>\n<p>&nbsp;&nbsp;<\/p>\n<h3>Imagens<\/h3>\n<p><center><\/p>\n<div id='gallery-1' class='gallery galleryid-5162 gallery-columns-3 gallery-size-large'><dl class='gallery-item'>\n\t\t\t<dt class='gallery-icon landscape'>\n\t\t\t\t<a href='https:\/\/editoraplantasdobrasil.com.br\/loja-virtual\/flora-do-centro-mineiro-vol-2\/flora-do-centro-mineiro-vol-2-png\/'><img loading=\"lazy\" decoding=\"async\" width=\"620\" height=\"462\" src=\"https:\/\/editoraplantasdobrasil.com.br\/loja-virtual\/wp-content\/uploads\/2022\/05\/flora-do-centro-mineiro-vol-2-png.png\" class=\"attachment-large size-large\" alt=\"Flora do Centro Mineiro Vol.2\" aria-describedby=\"gallery-1-5190\" srcset=\"https:\/\/editoraplantasdobrasil.com.br\/loja-virtual\/wp-content\/uploads\/2022\/05\/flora-do-centro-mineiro-vol-2-png.png 620w, https:\/\/editoraplantasdobrasil.com.br\/loja-virtual\/wp-content\/uploads\/2022\/05\/flora-do-centro-mineiro-vol-2-png-300x224.png 300w, https:\/\/editoraplantasdobrasil.com.br\/loja-virtual\/wp-content\/uploads\/2022\/05\/flora-do-centro-mineiro-vol-2-png-600x447.png 600w\" sizes=\"auto, (max-width: 620px) 100vw, 620px\" \/><\/a>\n\t\t\t<\/dt>\n\t\t\t\t<dd class='wp-caption-text gallery-caption' id='gallery-1-5190'>\n\t\t\t\tImagem da capa\n\t\t\t\t<\/dd><\/dl>\n\t\t\t<br style='clear: both' \/>\n\t\t<\/div>\n\n<div id='gallery-2' class='gallery galleryid-5162 gallery-columns-3 gallery-size-large'><dl class='gallery-item'>\n\t\t\t<dt class='gallery-icon landscape'>\n\t\t\t\t<a href='https:\/\/editoraplantasdobrasil.com.br\/loja-virtual\/flora-do-centro-mineiro-vol-2\/miolo-1-flora_do_centro_mineiro_v1\/'><img loading=\"lazy\" decoding=\"async\" width=\"700\" height=\"525\" src=\"https:\/\/editoraplantasdobrasil.com.br\/loja-virtual\/wp-content\/uploads\/2022\/05\/miolo-1-flora_do_centro_mineiro_v1.png\" class=\"attachment-large size-large\" alt=\"Foto do livro aberto\" aria-describedby=\"gallery-2-5166\" srcset=\"https:\/\/editoraplantasdobrasil.com.br\/loja-virtual\/wp-content\/uploads\/2022\/05\/miolo-1-flora_do_centro_mineiro_v1.png 700w, https:\/\/editoraplantasdobrasil.com.br\/loja-virtual\/wp-content\/uploads\/2022\/05\/miolo-1-flora_do_centro_mineiro_v1-300x225.png 300w, https:\/\/editoraplantasdobrasil.com.br\/loja-virtual\/wp-content\/uploads\/2022\/05\/miolo-1-flora_do_centro_mineiro_v1-600x450.png 600w\" sizes=\"auto, (max-width: 700px) 100vw, 700px\" \/><\/a>\n\t\t\t<\/dt>\n\t\t\t\t<dd class='wp-caption-text gallery-caption' id='gallery-2-5166'>\n\t\t\t\tFoto do livro aberto\n\t\t\t\t<\/dd><\/dl><dl class='gallery-item'>\n\t\t\t<dt class='gallery-icon landscape'>\n\t\t\t\t<a href='https:\/\/editoraplantasdobrasil.com.br\/loja-virtual\/flora-do-centro-mineiro-vol-2\/miolo-3-flora_do_centro_mineiro_v1\/'><img loading=\"lazy\" decoding=\"async\" width=\"700\" height=\"525\" src=\"https:\/\/editoraplantasdobrasil.com.br\/loja-virtual\/wp-content\/uploads\/2022\/05\/miolo-3-flora_do_centro_mineiro_v1.png\" class=\"attachment-large size-large\" alt=\"Foto do livro aberto\" aria-describedby=\"gallery-2-5194\" srcset=\"https:\/\/editoraplantasdobrasil.com.br\/loja-virtual\/wp-content\/uploads\/2022\/05\/miolo-3-flora_do_centro_mineiro_v1.png 700w, https:\/\/editoraplantasdobrasil.com.br\/loja-virtual\/wp-content\/uploads\/2022\/05\/miolo-3-flora_do_centro_mineiro_v1-300x225.png 300w, https:\/\/editoraplantasdobrasil.com.br\/loja-virtual\/wp-content\/uploads\/2022\/05\/miolo-3-flora_do_centro_mineiro_v1-600x450.png 600w\" sizes=\"auto, (max-width: 700px) 100vw, 700px\" \/><\/a>\n\t\t\t<\/dt>\n\t\t\t\t<dd class='wp-caption-text gallery-caption' id='gallery-2-5194'>\n\t\t\t\tFoto do livro aberto\n\t\t\t\t<\/dd><\/dl><dl class='gallery-item'>\n\t\t\t<dt class='gallery-icon landscape'>\n\t\t\t\t<a href='https:\/\/editoraplantasdobrasil.com.br\/loja-virtual\/flora-do-centro-mineiro-vol-2\/miolo-2-flora_do_centro_mineiro_v1\/'><img loading=\"lazy\" decoding=\"async\" width=\"700\" height=\"525\" src=\"https:\/\/editoraplantasdobrasil.com.br\/loja-virtual\/wp-content\/uploads\/2022\/05\/miolo-2-flora_do_centro_mineiro_v1.png\" class=\"attachment-large size-large\" alt=\"Foto do livro aberto\" aria-describedby=\"gallery-2-5167\" srcset=\"https:\/\/editoraplantasdobrasil.com.br\/loja-virtual\/wp-content\/uploads\/2022\/05\/miolo-2-flora_do_centro_mineiro_v1.png 700w, https:\/\/editoraplantasdobrasil.com.br\/loja-virtual\/wp-content\/uploads\/2022\/05\/miolo-2-flora_do_centro_mineiro_v1-300x225.png 300w, https:\/\/editoraplantasdobrasil.com.br\/loja-virtual\/wp-content\/uploads\/2022\/05\/miolo-2-flora_do_centro_mineiro_v1-600x450.png 600w\" sizes=\"auto, (max-width: 700px) 100vw, 700px\" \/><\/a>\n\t\t\t<\/dt>\n\t\t\t\t<dd class='wp-caption-text gallery-caption' id='gallery-2-5167'>\n\t\t\t\tFoto do livro aberto\n\t\t\t\t<\/dd><\/dl><br style=\"clear: both\" \/>\n\t\t<\/div>\n\n<p><\/center><\/p>\n<p>&nbsp;<\/p>\n<h3>Especifica\u00e7\u00f5es<\/h3>\n<p>ISBN 978-65-992399-3-9<br \/>\nAutor: Geraldo M. Pereira<\/p>\n<ul>\n<li>Tamanho 21 x 30 cm;<\/li>\n<li>N\u00famero total de p\u00e1ginas: 342;<\/li>\n<li>Material luxuoso, totalmente impresso em papel couch\u00ea brilhante 115 g;<\/li>\n<li>Encaderna\u00e7\u00e3o em capa dura e impress\u00e3o policrom\u00e1tica;<\/li>\n<li>300 esp\u00e9cies &#8211; sendo uma p\u00e1gina por esp\u00e9cie.<\/li>\n<\/ul>\n<p><!--\n\n<li>N\u00famero total de fotos: 1200;<\/li>\n\n--><\/p>\n<div style=\"clear: both;\"><\/div>\n<p>&nbsp;&nbsp;<\/p>\n<div style=\"clear: both;\"><\/div>\n<p>&nbsp;&nbsp;<\/p>\n<div style=\"text-align: center;\">\n<img decoding=\"async\" src=\"https:\/\/www.editoraplantasdobrasil.com.br\/loja-virtual\/wp-content\/uploads\/2019\/05\/seta_vermelha.png\" \/>\n<\/div>\n<div style=\"clear: both;\"><\/div>\n<div style=\"clear: both;\"><\/div>\n<p>&nbsp;<\/p>\n<h3 style=\"text-align: center;\"><!--de <s><strong><span style=\"color: #16A086; font-size: 26px;\">R$239,00<\/span><\/strong><\/s> por -->apenas <strong><span style=\"color: #359200; font-size: 40px;\">R$249,00<\/span><\/strong><\/h3>\n<p><center><br \/>\n<i>Pague em at\u00e9 <strong>12x<\/strong><\/i><br \/>\n<\/center><\/p>\n<div style=\"clear: both;\"><\/div>\n<p>&nbsp;&nbsp;<\/p>\n<p><center><\/p>\n<h3><font color=\"#FF0000\">Hoje com <strong>FRETE GR\u00c1TIS<\/strong> para todo o pa\u00eds!<\/font><\/h3>\n<p>&nbsp;<\/p>\n<p align=\"center\"><a href=\"https:\/\/www.editoraplantasdobrasil.com.br\/loja-virtual\/vitrine\/?add-to-cart=5179\" title=\"Clique aqui para comprar o livro: Flora do Centro Mineiro Vol.2\"><img decoding=\"async\" src=\"https:\/\/www.editoraplantasdobrasil.com.br\/loja-virtual\/wp-content\/uploads\/2019\/05\/comprar.gif\" \/><\/a><\/p>\n<p><img decoding=\"async\" src=\"https:\/\/www.editoraplantasdobrasil.com.br\/loja-virtual\/wp-content\/uploads\/2019\/05\/ambiente_seguro.jpg\"><\/p>\n<p><\/center><\/p>\n<div style=\"clear: both;\"><\/div>\n<p>&nbsp; &nbsp;<\/p>\n<div style=\"clear: both;\"><\/div>\n<p>&nbsp; &nbsp;<\/p>\n<div style=\"clear: both;\"><\/div>\n<p>&nbsp;&nbsp;<\/p>\n<p><center><\/p>\n<h3>D\u00favidas? Fale Conosco!<\/h3>\n<p><a href=\"https:\/\/api.whatsapp.com\/send?phone=5542999752772\" target=\"_blank\" rel=\"noopener noreferrer\">42 99975-2772<\/a> (Telefone e WhatsApp)<\/p>\n<p><a href=\"https:\/\/www.editoraplantasdobrasil.com.br\/loja-virtual\/fale-conosco\/\" title=\"Fale Conosco\" alt=\"Fale Conosco\"> Formul\u00e1rio de Contato<\/a><\/p>\n<p><\/center><\/p>\n","protected":false},"excerpt":{"rendered":"<p>GUIA FOTOGR\u00c1FICO PARA IDENTIFICA\u00c7\u00c3O DE PLANTAS NATIVAS &nbsp; &nbsp; apenas R$249,00 Pague em at\u00e9 12x &nbsp;&nbsp; Hoje com FRETE GR\u00c1TIS para todo o pa\u00eds! &nbsp; &nbsp; &nbsp;&nbsp; &nbsp;&nbsp; Apresenta\u00e7\u00e3o &nbsp; O presente volume \u00e9 o resultado da continua\u00e7\u00e3o das pesquisas de campo na regi\u00e3o central de Minas Gerais, em busca do levantamento fotogr\u00e1fico do maior [&hellip;]<\/p>\n","protected":false},"author":1,"featured_media":0,"parent":0,"menu_order":0,"comment_status":"closed","ping_status":"closed","template":"","meta":{"content-type":"","_exactmetrics_skip_tracking":false,"_exactmetrics_sitenote_active":false,"_exactmetrics_sitenote_note":"","_exactmetrics_sitenote_category":0,"footnotes":""},"class_list":["post-5162","page","type-page","status-publish","hentry"],"_links":{"self":[{"href":"https:\/\/editoraplantasdobrasil.com.br\/loja-virtual\/wp-json\/wp\/v2\/pages\/5162","targetHints":{"allow":["GET"]}}],"collection":[{"href":"https:\/\/editoraplantasdobrasil.com.br\/loja-virtual\/wp-json\/wp\/v2\/pages"}],"about":[{"href":"https:\/\/editoraplantasdobrasil.com.br\/loja-virtual\/wp-json\/wp\/v2\/types\/page"}],"author":[{"embeddable":true,"href":"https:\/\/editoraplantasdobrasil.com.br\/loja-virtual\/wp-json\/wp\/v2\/users\/1"}],"replies":[{"embeddable":true,"href":"https:\/\/editoraplantasdobrasil.com.br\/loja-virtual\/wp-json\/wp\/v2\/comments?post=5162"}],"version-history":[{"count":42,"href":"https:\/\/editoraplantasdobrasil.com.br\/loja-virtual\/wp-json\/wp\/v2\/pages\/5162\/revisions"}],"predecessor-version":[{"id":9765,"href":"https:\/\/editoraplantasdobrasil.com.br\/loja-virtual\/wp-json\/wp\/v2\/pages\/5162\/revisions\/9765"}],"wp:attachment":[{"href":"https:\/\/editoraplantasdobrasil.com.br\/loja-virtual\/wp-json\/wp\/v2\/media?parent=5162"}],"curies":[{"name":"wp","href":"https:\/\/api.w.org\/{rel}","templated":true}]}}