{"id":5758,"date":"2022-08-16T15:04:46","date_gmt":"2022-08-16T18:04:46","guid":{"rendered":"https:\/\/www.editoraplantasdobrasil.com.br\/loja-virtual\/?page_id=5758"},"modified":"2024-07-25T13:50:44","modified_gmt":"2024-07-25T16:50:44","slug":"ebook-flora-do-brasil-em-imagens-vol-1","status":"publish","type":"page","link":"https:\/\/editoraplantasdobrasil.com.br\/loja-virtual\/ebook-flora-do-brasil-em-imagens-vol-1\/","title":{"rendered":"Flora do Brasil em Imagens Vol.1"},"content":{"rendered":"<p><center><br \/>\n<img decoding=\"async\" src=\"https:\/\/www.editoraplantasdobrasil.com.br\/loja-virtual\/wp-content\/uploads\/2022\/08\/floradobrasilemimagensv1_ebook_site.png\" width=\"500px\"\/><\/p>\n<h4>Brota aqui, a maior colet\u00e2nea de guias fotogr\u00e1ficos para identifica\u00e7\u00e3o de plantas nativas j\u00e1 publicada no Brasil.<br \/>\n<\/h4>\n<p><\/center><\/p>\n<div style=\"clear: both;\"><\/div>\n<p>&nbsp;&nbsp;<\/p>\n<div style=\"text-align: center;\">\n<img decoding=\"async\" src=\"https:\/\/www.editoraplantasdobrasil.com.br\/loja-virtual\/wp-content\/uploads\/2019\/05\/seta_vermelha.png\" \/>\n<\/div>\n<div style=\"clear: both;\"><\/div>\n<h3 style=\"text-align: center;\"><strong><span style=\"color: #ff0000;\">Promo\u00e7\u00e3o!<\/span><\/strong><\/h3>\n<h3 style=\"text-align: center;\">de <s><strong><span style=\"color: #16A086; font-size: 26px;\">R$79,00<\/span><\/strong><\/s> por apenas <strong><span style=\"color: #359200; font-size: 40px;\">R$49,00<\/span><\/strong><\/h3>\n<p><center><\/p>\n<p><i>Pague em at\u00e9 <strong>12x<\/strong><\/i><br \/>\n<\/center><\/p>\n<div style=\"clear: both;\"><\/div>\n<p>&nbsp;<br \/>\n<center><\/p>\n<p align=\"center\"><a href=\"https:\/\/www.editoraplantasdobrasil.com.br\/loja-virtual\/vitrine\/?add-to-cart=4461\" title=\"Clique aqui para comprar o eBook: Flora do Brasil em Imagens Vol.1\"><img decoding=\"async\" src=\"https:\/\/www.editoraplantasdobrasil.com.br\/loja-virtual\/wp-content\/uploads\/2019\/05\/comprar.gif\" \/><\/a><\/p>\n<p><img decoding=\"async\" src=\"https:\/\/www.editoraplantasdobrasil.com.br\/loja-virtual\/wp-content\/uploads\/2019\/05\/ambiente_seguro.jpg\"><\/p>\n<p><\/center><\/p>\n<div style=\"clear: both;\"><\/div>\n<p>&nbsp;&nbsp;<\/p>\n<h3>Apresenta\u00e7\u00e3o<\/h3>\n<p>O presente volume, que d\u00e1 in\u00edcio a s\u00e9rie <strong>FLORA DO BRASIL EM IMAGENS<\/strong>, \u00e9 o resultado, que aqui come\u00e7a a ser divulgado, de um projeto fotogr\u00e1fico editorial colaborativo, onde profissionais e amantes da natureza est\u00e3o se unindo para compor, o que amanh\u00e3 h\u00e1 de ser, a maior colet\u00e2nea de guias fotogr\u00e1ficos de identifica\u00e7\u00e3o de plantas nativas j\u00e1 publicada no Brasil.<\/p>\n<p>Este \u00e9 o volume 1, o que significa que outros volumes ser\u00e3o publicados em um futuro pr\u00f3ximo, abrangendo milhares de esp\u00e9cies nativas, dos mais diversos recantos do pa\u00eds. Infelizmente ainda \u00e9 invi\u00e1vel estimar quantos volumes ir\u00e3o compor esta s\u00e9rie, mas, baseado no atual ritmo do projeto, \u00e9 poss\u00edvel vislumbrar a publica\u00e7\u00e3o de dezenas de novos volumes ao longo dos pr\u00f3ximos anos, qui\u00e7\u00e1 das pr\u00f3ximas d\u00e9cadas. <\/p>\n<p>Inicialmente s\u00e3o apresentadas aqui 150 esp\u00e9cies nativas (<a href=\"https:\/\/www.editoraplantasdobrasil.com.br\/loja-virtual\/wp-content\/uploads\/2022\/02\/sumario_Flora_do_Brasil_em_imagens_Vol.1.pdf\" alt=\"Clique aqui para ver a lista de esp\u00e9cies\" target=\"_blank\" rel=\"noopener\">ver Lista de Esp\u00e9cies<\/a>), com descri\u00e7\u00f5es bot\u00e2nicas elaboradas pelo <strong>engenheiro florestal Daniel Saueressig<\/strong> e imagens do <strong>fot\u00f3grafo da natureza Geraldo M. Pereira<\/strong>. Numericamente \u00e9 uma abordagem ainda modesta, em rela\u00e7\u00e3o ao grande n\u00famero de plantas nativas que existem no Brasil, por\u00e9m um \u201cstart\u201d na populariza\u00e7\u00e3o e difus\u00e3o do conhecimento sobre a biodiversidade da nossa bela e rica flora.<\/p>\n<p>A obra tem como objetivo principal proporcionar um f\u00e1cil reconhecimento das plantas, atrav\u00e9s de descri\u00e7\u00f5es e imagens, auxiliando no processo de identifica\u00e7\u00e3o bot\u00e2nica e incentivando essa apaixonante atividade, que \u00e9 o estudo e a observa\u00e7\u00e3o da nossa flora. Indiretamente visa popularizar o conhecimento das nossas esp\u00e9cies, buscando com isso sensibilizar as pessoas sobre a import\u00e2ncia de preservar e usar de forma racional nossos campos, savanas e florestas brasileiras.<\/p>\n<p>Cada esp\u00e9cie \u00e9 apresentada em duas p\u00e1ginas, sendo uma de informa\u00e7\u00f5es textuais e outra de fotografias. <\/p>\n<p>Na p\u00e1gina descritiva, s\u00e3o fornecidos o nome cient\u00edfico atualmente v\u00e1lido, fam\u00edlia bot\u00e2nica, nomes populares, sinon\u00edmias, descri\u00e7\u00e3o morfol\u00f3gica, dados sobre ecologia, usos e distribui\u00e7\u00e3o geogr\u00e1fica, al\u00e9m de um mapa do Brasil com indica\u00e7\u00e3o visual de sua ocorr\u00eancia. <\/p>\n<p>As esp\u00e9cies est\u00e3o agrupadas pela respectiva fam\u00edlia bot\u00e2nica e s\u00e3o apresentadas em ordem alfab\u00e9tica, por fam\u00edlia, g\u00eanero e esp\u00e9cie, indiferente de n\u00edveis hier\u00e1rquicos superiores. A nomenclatura taxon\u00f4mica foi organizada segundo a classifica\u00e7\u00e3o de APG IV.<\/p>\n<p>Cada nome cient\u00edfico \u00e9 seguido pelo nome do respectivo autor, de forma abreviada, seguindo padr\u00e3o internacional de nomenclatura bot\u00e2nica. Os nomes populares, muito vari\u00e1veis, que as pessoas deram e que foram passando de gera\u00e7\u00e3o para gera\u00e7\u00e3o atrav\u00e9s da cultura popular, s\u00e3o apresentados junto no texto de cada esp\u00e9cie e no final do livro comp\u00f5em um \u201c\u00cdndice Remissivo\u201d, que permite f\u00e1cil consulta at\u00e9 mesmo por leigos. As sinon\u00edmias bot\u00e2nicas, referem-se aos nomes cient\u00edficos usados no passado e que, por for\u00e7a de revis\u00f5es taxon\u00f4micas realizadas ao longo dos anos, acabaram sendo substitu\u00eddos por outro nome v\u00e1lido.<\/p>\n<p>A parte escrita foi elaborada pelo primeiro autor, a partir de experi\u00eancias pessoais, an\u00e1lise de materiais herborizados, consulta de in\u00fameros artigos cient\u00edficos e bibliografias especializadas, devidamente referenciadas ao final deste livro. <\/p>\n<p>O mapa de distribui\u00e7\u00e3o geogr\u00e1fica \u00e9 baseado nos 6 biomas brasileiros, definidos pelo IBGE em 2004: Amaz\u00f4nia, Caatinga, Cerrado, Mata Atl\u00e2ntica, Pampa e Pantanal. Os pontos de ocorr\u00eancia, plotados no mapa, baseiam-se em cole\u00e7\u00f5es das respectivas esp\u00e9cies dispon\u00edveis em herb\u00e1rios e bancos de dados virtuais, bem como na experi\u00eancia dos autores. <\/p>\n<p>As fotografias foram obtidas pelo coautor, diretamente no campo e em condi\u00e7\u00f5es naturais de luminosidade, procurando sempre retratar os principais elementos identificativos. <\/p>\n<p>Cabe ressaltar que os pr\u00f3ximos volumes da s\u00e9rie seguir\u00e3o o mesmo padr\u00e3o deste livro, com 150 diferentes esp\u00e9cies apresentadas em cada. <a href=\"https:\/\/www.editoraplantasdobrasil.com.br\/loja-virtual\/ebook-flora-do-brasil-em-imagens-vol-2\/\">O segundo volume (Vol.2) j\u00e1 foi publicado! Clique aqui para saber mais.<\/a><\/p>\n<p>&nbsp;&nbsp;<\/p>\n<h3>Imagens<\/h3>\n<p><center><\/p>\n<div id='gallery-1' class='gallery galleryid-5758 gallery-columns-3 gallery-size-large'><dl class='gallery-item'>\n\t\t\t<dt class='gallery-icon landscape'>\n\t\t\t\t<a href='https:\/\/editoraplantasdobrasil.com.br\/loja-virtual\/flora-do-brasil-em-imagens-vol-1\/floradobrasilemimagensv1_site\/'><img loading=\"lazy\" decoding=\"async\" width=\"620\" height=\"462\" src=\"https:\/\/editoraplantasdobrasil.com.br\/loja-virtual\/wp-content\/uploads\/2021\/12\/floradobrasilemimagensv1_site.png\" class=\"attachment-large size-large\" alt=\"Flora do Brasil em Imagens Vol.1\" aria-describedby=\"gallery-1-4437\" srcset=\"https:\/\/editoraplantasdobrasil.com.br\/loja-virtual\/wp-content\/uploads\/2021\/12\/floradobrasilemimagensv1_site.png 620w, https:\/\/editoraplantasdobrasil.com.br\/loja-virtual\/wp-content\/uploads\/2021\/12\/floradobrasilemimagensv1_site-300x224.png 300w, https:\/\/editoraplantasdobrasil.com.br\/loja-virtual\/wp-content\/uploads\/2021\/12\/floradobrasilemimagensv1_site-600x447.png 600w\" sizes=\"auto, (max-width: 620px) 100vw, 620px\" \/><\/a>\n\t\t\t<\/dt>\n\t\t\t\t<dd class='wp-caption-text gallery-caption' id='gallery-1-4437'>\n\t\t\t\tImagem da capa\n\t\t\t\t<\/dd><\/dl>\n\t\t\t<br style='clear: both' \/>\n\t\t<\/div>\n\n<div id='gallery-2' class='gallery galleryid-5758 gallery-columns-3 gallery-size-large'><dl class='gallery-item'>\n\t\t\t<dt class='gallery-icon landscape'>\n\t\t\t\t<a href='https:\/\/editoraplantasdobrasil.com.br\/loja-virtual\/flora-do-brasil-em-imagens-vol-1\/miolo-1\/'><img loading=\"lazy\" decoding=\"async\" width=\"700\" height=\"525\" src=\"https:\/\/editoraplantasdobrasil.com.br\/loja-virtual\/wp-content\/uploads\/2021\/12\/miolo-1.png\" class=\"attachment-large size-large\" alt=\"\" aria-describedby=\"gallery-2-4477\" srcset=\"https:\/\/editoraplantasdobrasil.com.br\/loja-virtual\/wp-content\/uploads\/2021\/12\/miolo-1.png 700w, https:\/\/editoraplantasdobrasil.com.br\/loja-virtual\/wp-content\/uploads\/2021\/12\/miolo-1-300x225.png 300w, https:\/\/editoraplantasdobrasil.com.br\/loja-virtual\/wp-content\/uploads\/2021\/12\/miolo-1-600x450.png 600w\" sizes=\"auto, (max-width: 700px) 100vw, 700px\" \/><\/a>\n\t\t\t<\/dt>\n\t\t\t\t<dd class='wp-caption-text gallery-caption' id='gallery-2-4477'>\n\t\t\t\tFoto do livro aberto\n\t\t\t\t<\/dd><\/dl><dl class='gallery-item'>\n\t\t\t<dt class='gallery-icon landscape'>\n\t\t\t\t<a href='https:\/\/editoraplantasdobrasil.com.br\/loja-virtual\/flora-do-brasil-em-imagens-vol-1\/miolo-2\/'><img loading=\"lazy\" decoding=\"async\" width=\"700\" height=\"525\" src=\"https:\/\/editoraplantasdobrasil.com.br\/loja-virtual\/wp-content\/uploads\/2021\/12\/miolo-2.png\" class=\"attachment-large size-large\" alt=\"\" aria-describedby=\"gallery-2-4476\" srcset=\"https:\/\/editoraplantasdobrasil.com.br\/loja-virtual\/wp-content\/uploads\/2021\/12\/miolo-2.png 700w, https:\/\/editoraplantasdobrasil.com.br\/loja-virtual\/wp-content\/uploads\/2021\/12\/miolo-2-300x225.png 300w, https:\/\/editoraplantasdobrasil.com.br\/loja-virtual\/wp-content\/uploads\/2021\/12\/miolo-2-600x450.png 600w\" sizes=\"auto, (max-width: 700px) 100vw, 700px\" \/><\/a>\n\t\t\t<\/dt>\n\t\t\t\t<dd class='wp-caption-text gallery-caption' id='gallery-2-4476'>\n\t\t\t\tFoto do livro aberto\n\t\t\t\t<\/dd><\/dl>\n\t\t\t<br style='clear: both' \/>\n\t\t<\/div>\n\n<p>&nbsp;<\/p>\n<p><\/center><\/p>\n<h3>Especifica\u00e7\u00f5es<\/h3>\n<p>ISBN 978-65-992399-2-2<br \/>\nAutores: Daniel Saueressig &#038; Geraldo M. Pereira<\/p>\n<ul>\n<li>N\u00famero total de p\u00e1ginas: 344;<\/li>\n<li>Formato: PDF;<\/li>\n<li>150 esp\u00e9cies &#8211; duas p\u00e1ginas para cada esp\u00e9cie, sendo uma de informa\u00e7\u00f5es textuais e outra de fotografias;<\/li>\n<\/ul>\n<p>&nbsp;&nbsp;<\/p>\n<h3>Coment\u00e1rios<\/h3>\n<div class=\"BlockContent\"><a id=\"write_review\"><\/a><\/p>\n<ol class=\"ProductReviewList\">\n<li class=\"Alt\">\n<h4 class=\"ReviewTitle\">J\u00e1 estou no aguardo do segundo volume<img loading=\"lazy\" decoding=\"async\" src=\"https:\/\/www.editoraplantasdobrasil.com.br\/loja-virtual\/wp-content\/uploads\/2019\/05\/stars.gif\" alt=\"\" width=\"64\" height=\"12\" \/><\/h4>\n<p class=\"Meta\">Postado por Alvaro Iber\u00ea <!--(via Facebook)--><\/p>\n<p>Ol\u00e1! Estou aqui pra parabenizar os autores e a Editora. Recebi o primeiro volume Flora do Brasil em Imagens, muito bom material, de f\u00e1cil interpreta\u00e7\u00e3o e suas fotografias s\u00e3o \u00f3timas. Parab\u00e9ns! Abra\u00e7o a todos.<\/p>\n<hr \/>\n<\/li>\n<li class=\"Alt\">\n<h4 class=\"ReviewTitle\">Ol\u00e1!<img loading=\"lazy\" decoding=\"async\" src=\"https:\/\/www.editoraplantasdobrasil.com.br\/loja-virtual\/wp-content\/uploads\/2019\/05\/stars.gif\" alt=\"\" width=\"64\" height=\"12\" \/><\/h4>\n<p class=\"Meta\">Postado por Reinaldo Alves de Castro <!--(via Facebook)--><\/p>\n<p>Nosssaaaaaa que livro \u00f3timo. Tem v\u00e1rias plantas diferentes. Estava faltando no mercado livros que tivessem plantas arbustivas, arvoretas e herb\u00e1ceas. Espero que os outros volumes continuem assim.<\/p>\n<hr \/>\n<\/li>\n<li class=\"Alt\">\n<h4 class=\"ReviewTitle\">Recebi o meu presente ontem!<img loading=\"lazy\" decoding=\"async\" src=\"https:\/\/www.editoraplantasdobrasil.com.br\/loja-virtual\/wp-content\/uploads\/2019\/05\/stars.gif\" alt=\"\" width=\"64\" height=\"12\" \/><\/h4>\n<p class=\"Meta\">Postado por Elci Vieira <!--(via Facebook)--><\/p>\n<p>Lindo e interessante o trabalho, contendo fotos e informa\u00e7\u00f5es importantes para quem gosta do estudo da flora no Brasil, com mapa das regi\u00f5es mostrando onde as esp\u00e9cies s\u00e3o nativas. Parab\u00e9ns a todos! Ainda estou no come\u00e7o da leitura, mas, como gosto de aquarelar, principalmente flores, creio que ser\u00e1 enriquecedor!<\/p>\n<hr \/>\n<\/li>\n<li class=\"Alt\">\n<h4 class=\"ReviewTitle\">Eu amei de verdade!!!!<img loading=\"lazy\" decoding=\"async\" src=\"https:\/\/www.editoraplantasdobrasil.com.br\/loja-virtual\/wp-content\/uploads\/2019\/05\/stars.gif\" alt=\"\" width=\"64\" height=\"12\" \/><\/h4>\n<p class=\"Meta\">Postado por Joaquim Bicudo <!--(via Facebook)--><\/p>\n<p>Tem informa\u00e7\u00f5es muito \u00fateis de plantas que comumente vemos nas nossas matas, campos e cerrados e pouco sabemos a respeito. O livro supre essa lacuna em muitos aspectos!!!! Parab\u00e9ns mesmo!!!!!<\/p>\n<hr \/>\n<\/li>\n<div style=\"text-align: center;\">\n<img decoding=\"async\" src=\"https:\/\/www.editoraplantasdobrasil.com.br\/loja-virtual\/wp-content\/uploads\/2019\/05\/seta_vermelha.png\" \/>\n<\/div>\n<div style=\"clear: both;\"><\/div>\n<h3 style=\"text-align: center;\"><strong><span style=\"color: #ff0000;\">Promo\u00e7\u00e3o!<\/span><\/strong><\/h3>\n<h3 style=\"text-align: center;\">de <s><strong><span style=\"color: #16A086; font-size: 26px;\">R$79,00<\/span><\/strong><\/s> por apenas <strong><span style=\"color: #359200; font-size: 40px;\">R$49,00<\/span><\/strong><\/h3>\n<p><center><\/p>\n<p><i>Pague em at\u00e9 <strong>12x<\/strong><\/i><\/p>\n<p><\/center><\/p>\n<div style=\"clear: both;\"><\/div>\n<p>&nbsp;<\/p>\n<p><center><\/p>\n<p align=\"center\"><a href=\"https:\/\/www.editoraplantasdobrasil.com.br\/loja-virtual\/vitrine\/?add-to-cart=4461\" title=\"Clique aqui para comprar o eBook: Flora do Brasil em Imagens Vol.1\"><img decoding=\"async\" src=\"https:\/\/www.editoraplantasdobrasil.com.br\/loja-virtual\/wp-content\/uploads\/2019\/05\/comprar.gif\" \/><\/a><\/p>\n<p><img decoding=\"async\" src=\"https:\/\/www.editoraplantasdobrasil.com.br\/loja-virtual\/wp-content\/uploads\/2019\/05\/ambiente_seguro.jpg\"><\/p>\n<p><\/center><\/p>\n<div style=\"clear: both;\"><\/div>\n<p>&nbsp;&nbsp;<\/p>\n<p><center><\/p>\n<h3>D\u00favidas? Fale Conosco!<\/h3>\n<p><a href=\"https:\/\/api.whatsapp.com\/send?phone=5542999752772\" target=\"_blank\" rel=\"noopener noreferrer\">42 99975-2772<\/a> (Telefone e WhatsApp)<\/p>\n<p><a href=\"https:\/\/www.editoraplantasdobrasil.com.br\/loja-virtual\/fale-conosco\/\" title=\"Fale Conosco\" alt=\"Fale Conosco\"> Formul\u00e1rio de Contato<\/a><\/p>\n<p><\/center><\/p>\n","protected":false},"excerpt":{"rendered":"<p>Brota aqui, a maior colet\u00e2nea de guias fotogr\u00e1ficos para identifica\u00e7\u00e3o de plantas nativas j\u00e1 publicada no Brasil. &nbsp;&nbsp; Promo\u00e7\u00e3o! de R$79,00 por apenas R$49,00 Pague em at\u00e9 12x &nbsp; &nbsp;&nbsp; Apresenta\u00e7\u00e3o O presente volume, que d\u00e1 in\u00edcio a s\u00e9rie FLORA DO BRASIL EM IMAGENS, \u00e9 o resultado, que aqui come\u00e7a a ser divulgado, de um [&hellip;]<\/p>\n","protected":false},"author":1,"featured_media":0,"parent":0,"menu_order":0,"comment_status":"closed","ping_status":"closed","template":"","meta":{"content-type":"","_exactmetrics_skip_tracking":false,"_exactmetrics_sitenote_active":false,"_exactmetrics_sitenote_note":"","_exactmetrics_sitenote_category":0,"footnotes":""},"class_list":["post-5758","page","type-page","status-publish","hentry"],"_links":{"self":[{"href":"https:\/\/editoraplantasdobrasil.com.br\/loja-virtual\/wp-json\/wp\/v2\/pages\/5758","targetHints":{"allow":["GET"]}}],"collection":[{"href":"https:\/\/editoraplantasdobrasil.com.br\/loja-virtual\/wp-json\/wp\/v2\/pages"}],"about":[{"href":"https:\/\/editoraplantasdobrasil.com.br\/loja-virtual\/wp-json\/wp\/v2\/types\/page"}],"author":[{"embeddable":true,"href":"https:\/\/editoraplantasdobrasil.com.br\/loja-virtual\/wp-json\/wp\/v2\/users\/1"}],"replies":[{"embeddable":true,"href":"https:\/\/editoraplantasdobrasil.com.br\/loja-virtual\/wp-json\/wp\/v2\/comments?post=5758"}],"version-history":[{"count":17,"href":"https:\/\/editoraplantasdobrasil.com.br\/loja-virtual\/wp-json\/wp\/v2\/pages\/5758\/revisions"}],"predecessor-version":[{"id":9732,"href":"https:\/\/editoraplantasdobrasil.com.br\/loja-virtual\/wp-json\/wp\/v2\/pages\/5758\/revisions\/9732"}],"wp:attachment":[{"href":"https:\/\/editoraplantasdobrasil.com.br\/loja-virtual\/wp-json\/wp\/v2\/media?parent=5758"}],"curies":[{"name":"wp","href":"https:\/\/api.w.org\/{rel}","templated":true}]}}