{"id":6067,"date":"2022-12-19T13:03:00","date_gmt":"2022-12-19T16:03:00","guid":{"rendered":"https:\/\/www.editoraplantasdobrasil.com.br\/loja-virtual\/?page_id=6067"},"modified":"2026-03-26T14:21:16","modified_gmt":"2026-03-26T17:21:16","slug":"flora-do-brasil-em-imagens-vol-2","status":"publish","type":"page","link":"https:\/\/editoraplantasdobrasil.com.br\/loja-virtual\/flora-do-brasil-em-imagens-vol-2\/","title":{"rendered":"Flora do Brasil em Imagens Vol.2"},"content":{"rendered":"<p><center><br \/>\n<img decoding=\"async\" src=\"https:\/\/www.editoraplantasdobrasil.com.br\/loja-virtual\/wp-content\/uploads\/2022\/12\/floradobrasilemimagensv2_site.png\" width=\"500px\"\/><\/p>\n<h4>Trata-se da continua\u00e7\u00e3o, do que amanh\u00e3 h\u00e1 de ser, a maior colet\u00e2nea de guias fotogr\u00e1ficos de identifica\u00e7\u00e3o de plantas nativas j\u00e1 publicada no Brasil.<br \/>\n<\/h4>\n<p><\/center><\/p>\n<div style=\"clear: both;\"><\/div>\n<p>&nbsp;&nbsp;<\/p>\n<div style=\"text-align: center;\">\n<img decoding=\"async\" src=\"https:\/\/www.editoraplantasdobrasil.com.br\/loja-virtual\/wp-content\/uploads\/2019\/05\/seta_vermelha.png\" \/>\n<\/div>\n<p><!--\n<center>\n\n\n<h3><font color=\"#FF0000\">\u00daLTIMOS EXEMPLARES desta 1\u00aa edi\u00e7\u00e3o!<\/font><\/h3>\n\n\n<\/center>\n--><\/p>\n<div style=\"clear: both;\"><\/div>\n<div style=\"clear: both;\"><\/div>\n<p>&nbsp;<\/p>\n<h3 style=\"text-align: center;\"><!--de <s><strong><span style=\"color: #16A086; font-size: 26px;\">R$239,00<\/span><\/strong><\/s> por -->apenas <strong><span style=\"color: #359200; font-size: 40px;\">R$249,00<\/span><\/strong><\/h3>\n<p><center><\/p>\n<p><i>Pague em at\u00e9 <strong>12x<\/strong><\/i><\/p>\n<p><\/center><\/p>\n<div style=\"clear: both;\"><\/div>\n<p>&nbsp;&nbsp;<\/p>\n<p><center><\/p>\n<h3><font color=\"#FF0000\">Hoje com <strong>FRETE GR\u00c1TIS<\/strong> para todo o pa\u00eds!<\/font><\/h3>\n<p>&nbsp;<\/p>\n<p align=\"center\"><a href=\"https:\/\/www.editoraplantasdobrasil.com.br\/loja-virtual\/vitrine\/?add-to-cart=6084\" title=\"Clique aqui para comprar o livro Flora do Brasil em Imagens Vol.2\"><img decoding=\"async\" src=\"https:\/\/www.editoraplantasdobrasil.com.br\/loja-virtual\/wp-content\/uploads\/2019\/05\/comprar.gif\" \/><\/a><\/p>\n<p><img decoding=\"async\" src=\"https:\/\/www.editoraplantasdobrasil.com.br\/loja-virtual\/wp-content\/uploads\/2019\/05\/ambiente_seguro.jpg\"><\/p>\n<p><\/center><\/p>\n<div style=\"clear: both;\"><\/div>\n<p>&nbsp;&nbsp;<\/p>\n<h3>Apresenta\u00e7\u00e3o<\/h3>\n<p>O presente volume \u00e9 uma continua\u00e7\u00e3o da s\u00e9rie <strong>FLORA DO BRASIL EM IMAGENS<\/strong>, que teve seu primeiro volume lan\u00e7ado em dezembro de 2021. Trata-se de um projeto fotogr\u00e1fico editorial colaborativo, onde profissionais e amantes da natureza est\u00e3o se unindo para compor, o que amanh\u00e3 h\u00e1 de ser, a maior colet\u00e2nea de guias fotogr\u00e1ficos de identifica\u00e7\u00e3o de plantas nativas j\u00e1 publicada no Brasil.<\/p>\n<p>Este \u00e9 o volume 2, o que significa que outros volumes ser\u00e3o publicados ao longo dos pr\u00f3ximos anos, abrangendo muitas outras esp\u00e9cies nativas, dos mais diversos recantos do pa\u00eds. <\/p>\n<p>A obra tem como objetivo principal proporcionar um f\u00e1cil reconhecimento das plantas, atrav\u00e9s de descri\u00e7\u00f5es e imagens, auxiliando no processo de identifica\u00e7\u00e3o bot\u00e2nica e incentivando essa apaixonante atividade, que \u00e9 o estudo e a observa\u00e7\u00e3o da nossa flora. Indiretamente visa popularizar o conhecimento das nossas esp\u00e9cies, buscando com isso sensibilizar as pessoas sobre a import\u00e2ncia de preservar e usar de forma racional nossos campos, savanas e florestas brasileiras.<\/p>\n<p>S\u00e3o apresentadas aqui mais 150 esp\u00e9cies nativas (<a href=\"https:\/\/www.editoraplantasdobrasil.com.br\/loja-virtual\/wp-content\/uploads\/2022\/12\/sumario_Flora_do_Brasil_em_imagens_Vol.2.pdf\" alt=\"Clique aqui para ver a lista de esp\u00e9cies\" target=\"_blank\" rel=\"noopener\">ver Lista de Esp\u00e9cies<\/a>), com descri\u00e7\u00f5es bot\u00e2nicas elaboradas pelo engenheiro florestal <strong>Daniel Saueressig<\/strong> e imagens do fot\u00f3grafo da natureza <strong>Geraldo M. Pereira<\/strong> e do bi\u00f3logo <strong>Paulo Schwirkowski<\/strong>.<\/p>\n<p>Numericamente ainda \u00e9 uma abordagem modesta, em rela\u00e7\u00e3o ao grande n\u00famero de plantas nativas que existem no Brasil, por\u00e9m um grande \u201cstart\u201d na populariza\u00e7\u00e3o e difus\u00e3o do conhecimento sobre a biodiversidade da nossa bela e rica flora.<\/p>\n<p>Cada esp\u00e9cie continua sendo apresentada em duas p\u00e1ginas, sendo uma de informa\u00e7\u00f5es textuais e outra de fotografias. Na p\u00e1gina descritiva, s\u00e3o fornecidos o nome cient\u00edfico atualmente v\u00e1lido, fam\u00edlia bot\u00e2nica, nomes populares, sinon\u00edmias, descri\u00e7\u00e3o morfol\u00f3gica, dados sobre ecologia, usos e distribui\u00e7\u00e3o geogr\u00e1fica, al\u00e9m de um mapa do Brasil com indica\u00e7\u00e3o visual de sua ocorr\u00eancia. <\/p>\n<p>As esp\u00e9cies est\u00e3o agrupadas pela respectiva fam\u00edlia bot\u00e2nica e s\u00e3o apresentadas em ordem alfab\u00e9tica, por fam\u00edlia, g\u00eanero e esp\u00e9cie, indiferente de n\u00edveis hier\u00e1rquicos superiores. A nomenclatura taxon\u00f4mica foi organizada segundo a classifica\u00e7\u00e3o de APG IV.<\/p>\n<p>Os nomes populares, muito vari\u00e1veis, que as pessoas deram e que foram passando de gera\u00e7\u00e3o para gera\u00e7\u00e3o atrav\u00e9s da cultura popular, s\u00e3o apresentados junto no texto de cada esp\u00e9cie e no final do livro comp\u00f5em um \u201c\u00cdndice Remissivo\u201d, que permite f\u00e1cil consulta at\u00e9 mesmo por leigos. <\/p>\n<p>As sinon\u00edmias bot\u00e2nicas, referem-se aos nomes cient\u00edficos usados no passado e que, por for\u00e7a de revis\u00f5es taxon\u00f4micas realizadas ao longo dos anos, acabaram sendo substitu\u00eddos por outro nome v\u00e1lido.<\/p>\n<p>A parte escrita foi elaborada pelo primeiro autor, a partir de experi\u00eancias pessoais, an\u00e1lise de materiais herborizados, consulta de in\u00fameros artigos cient\u00edficos e bibliografias especializadas, devidamente referenciadas ao final deste livro. <\/p>\n<p>As fotografias foram obtidas pelos coautores, diretamente no campo e em condi\u00e7\u00f5es naturais de luminosidade, procurando sempre retratar os principais elementos identificativos. A rela\u00e7\u00e3o de esp\u00e9cies e respectivos fot\u00f3grafos est\u00e1 apresentada no Ap\u00eandice, ao final do livro.<\/p>\n<p>O mapa de distribui\u00e7\u00e3o geogr\u00e1fica \u00e9 baseado nos 6 biomas brasileiros, definidos pelo IBGE em 2004: Amaz\u00f4nia, Caatinga, Cerrado, Mata Atl\u00e2ntica, Pampa e Pantanal. Os pontos de ocorr\u00eancia, plotados no mapa, baseiam-se em cole\u00e7\u00f5es das respectivas esp\u00e9cies dispon\u00edveis em herb\u00e1rios e bancos de dados virtuais, bem como na experi\u00eancia dos autores. <\/p>\n<p>Cabe ressaltar que os pr\u00f3ximos volumes da s\u00e9rie seguir\u00e3o o mesmo padr\u00e3o deste livro, com 150 diferentes esp\u00e9cies apresentadas em cada. <a href=\"https:\/\/www.editoraplantasdobrasil.com.br\/loja-virtual\/flora-do-brasil-em-imagens-vol-1\/\">Para saber mais sobre o primeiro volume (Vol.1), clique aqui<\/a>.<\/p>\n<p>&nbsp;&nbsp;<\/p>\n<h3>Imagens<\/h3>\n<p><center><br \/>\n<div id='gallery-1' class='gallery galleryid-6067 gallery-columns-3 gallery-size-large'><dl class='gallery-item'>\n\t\t\t<dt class='gallery-icon landscape'>\n\t\t\t\t<a href='https:\/\/editoraplantasdobrasil.com.br\/loja-virtual\/flora-do-brasil-em-imagens-vol-2\/floradobrasilemimagensv2_site\/'><img loading=\"lazy\" decoding=\"async\" width=\"620\" height=\"462\" src=\"https:\/\/editoraplantasdobrasil.com.br\/loja-virtual\/wp-content\/uploads\/2022\/12\/floradobrasilemimagensv2_site.png\" class=\"attachment-large size-large\" alt=\"\" aria-describedby=\"gallery-1-6070\" srcset=\"https:\/\/editoraplantasdobrasil.com.br\/loja-virtual\/wp-content\/uploads\/2022\/12\/floradobrasilemimagensv2_site.png 620w, https:\/\/editoraplantasdobrasil.com.br\/loja-virtual\/wp-content\/uploads\/2022\/12\/floradobrasilemimagensv2_site-300x224.png 300w, https:\/\/editoraplantasdobrasil.com.br\/loja-virtual\/wp-content\/uploads\/2022\/12\/floradobrasilemimagensv2_site-600x447.png 600w\" sizes=\"auto, (max-width: 620px) 100vw, 620px\" \/><\/a>\n\t\t\t<\/dt>\n\t\t\t\t<dd class='wp-caption-text gallery-caption' id='gallery-1-6070'>\n\t\t\t\tImagem da capa\n\t\t\t\t<\/dd><\/dl>\n\t\t\t<br style='clear: both' \/>\n\t\t<\/div>\n<br \/>\n<div id='gallery-2' class='gallery galleryid-6067 gallery-columns-3 gallery-size-large'><dl class='gallery-item'>\n\t\t\t<dt class='gallery-icon landscape'>\n\t\t\t\t<a href='https:\/\/editoraplantasdobrasil.com.br\/loja-virtual\/flora-do-brasil-em-imagens-vol-2\/miolo-3_fdobrv2\/'><img loading=\"lazy\" decoding=\"async\" width=\"700\" height=\"525\" src=\"https:\/\/editoraplantasdobrasil.com.br\/loja-virtual\/wp-content\/uploads\/2022\/12\/miolo-3_FdoBRv2.png\" class=\"attachment-large size-large\" alt=\"\" aria-describedby=\"gallery-2-6079\" srcset=\"https:\/\/editoraplantasdobrasil.com.br\/loja-virtual\/wp-content\/uploads\/2022\/12\/miolo-3_FdoBRv2.png 700w, https:\/\/editoraplantasdobrasil.com.br\/loja-virtual\/wp-content\/uploads\/2022\/12\/miolo-3_FdoBRv2-300x225.png 300w, https:\/\/editoraplantasdobrasil.com.br\/loja-virtual\/wp-content\/uploads\/2022\/12\/miolo-3_FdoBRv2-600x450.png 600w\" sizes=\"auto, (max-width: 700px) 100vw, 700px\" \/><\/a>\n\t\t\t<\/dt>\n\t\t\t\t<dd class='wp-caption-text gallery-caption' id='gallery-2-6079'>\n\t\t\t\tFoto do livro aberto\n\t\t\t\t<\/dd><\/dl><dl class='gallery-item'>\n\t\t\t<dt class='gallery-icon landscape'>\n\t\t\t\t<a href='https:\/\/editoraplantasdobrasil.com.br\/loja-virtual\/flora-do-brasil-em-imagens-vol-2\/miolo-2_fdobrv2\/'><img loading=\"lazy\" decoding=\"async\" width=\"700\" height=\"525\" src=\"https:\/\/editoraplantasdobrasil.com.br\/loja-virtual\/wp-content\/uploads\/2022\/12\/miolo-2_FdoBRv2.png\" class=\"attachment-large size-large\" alt=\"\" aria-describedby=\"gallery-2-6081\" srcset=\"https:\/\/editoraplantasdobrasil.com.br\/loja-virtual\/wp-content\/uploads\/2022\/12\/miolo-2_FdoBRv2.png 700w, https:\/\/editoraplantasdobrasil.com.br\/loja-virtual\/wp-content\/uploads\/2022\/12\/miolo-2_FdoBRv2-300x225.png 300w, https:\/\/editoraplantasdobrasil.com.br\/loja-virtual\/wp-content\/uploads\/2022\/12\/miolo-2_FdoBRv2-600x450.png 600w\" sizes=\"auto, (max-width: 700px) 100vw, 700px\" \/><\/a>\n\t\t\t<\/dt>\n\t\t\t\t<dd class='wp-caption-text gallery-caption' id='gallery-2-6081'>\n\t\t\t\tFoto do livro aberto\n\t\t\t\t<\/dd><\/dl><dl class='gallery-item'>\n\t\t\t<dt class='gallery-icon landscape'>\n\t\t\t\t<a href='https:\/\/editoraplantasdobrasil.com.br\/loja-virtual\/flora-do-brasil-em-imagens-vol-2\/miolo-1_fdobrv2\/'><img loading=\"lazy\" decoding=\"async\" width=\"700\" height=\"525\" src=\"https:\/\/editoraplantasdobrasil.com.br\/loja-virtual\/wp-content\/uploads\/2022\/12\/miolo-1_FdoBRv2.png\" class=\"attachment-large size-large\" alt=\"\" aria-describedby=\"gallery-2-6080\" srcset=\"https:\/\/editoraplantasdobrasil.com.br\/loja-virtual\/wp-content\/uploads\/2022\/12\/miolo-1_FdoBRv2.png 700w, https:\/\/editoraplantasdobrasil.com.br\/loja-virtual\/wp-content\/uploads\/2022\/12\/miolo-1_FdoBRv2-300x225.png 300w, https:\/\/editoraplantasdobrasil.com.br\/loja-virtual\/wp-content\/uploads\/2022\/12\/miolo-1_FdoBRv2-600x450.png 600w\" sizes=\"auto, (max-width: 700px) 100vw, 700px\" \/><\/a>\n\t\t\t<\/dt>\n\t\t\t\t<dd class='wp-caption-text gallery-caption' id='gallery-2-6080'>\n\t\t\t\tFoto do livro aberto\n\t\t\t\t<\/dd><\/dl><br style=\"clear: both\" \/>\n\t\t<\/div>\n<br \/>\n<\/center><\/p>\n<p><\/p>\n<h3>Especifica\u00e7\u00f5es<\/h3>\n<p>ISBN 978-65-992399-4-6<br \/>\nAutores: Daniel Saueressig, Geraldo M. Pereira &#038; Paulo Schwirkowski<\/p>\n<ul>\n<li>Tamanho 21 x 30 cm;<\/li>\n<li>N\u00famero total de p\u00e1ginas: 344;<\/li>\n<li>Impresso em papel offset 90g;<\/li>\n<li>Encaderna\u00e7\u00e3o em capa dura e impress\u00e3o policrom\u00e1tica;<\/li>\n<li>150 esp\u00e9cies &#8211; duas p\u00e1ginas para cada esp\u00e9cie, sendo uma de informa\u00e7\u00f5es textuais e outra de fotografias;<\/li>\n<\/ul>\n<p><!--\n\n<li>Material luxuoso, totalmente impresso em papel couch\u00ea brilhante 115 g;<\/li>\n\n--><\/p>\n<p>&nbsp;&nbsp;<\/p>\n<div style=\"text-align: center;\">\n<img decoding=\"async\" src=\"https:\/\/www.editoraplantasdobrasil.com.br\/loja-virtual\/wp-content\/uploads\/2019\/05\/seta_vermelha.png\" \/>\n<\/div>\n<p><!--\n<center>\n\n\n<h3><font color=\"#FF0000\">\u00daLTIMOS EXEMPLARES desta 1\u00aa edi\u00e7\u00e3o!<\/font><\/h3>\n\n\n<\/center>\n--><\/p>\n<div style=\"clear: both;\"><\/div>\n<div style=\"clear: both;\"><\/div>\n<p>&nbsp;<\/p>\n<h3 style=\"text-align: center;\"><!--de <s><strong><span style=\"color: #16A086; font-size: 26px;\">R$239,00<\/span><\/strong><\/s> por -->apenas <strong><span style=\"color: #359200; font-size: 40px;\">R$249,00<\/span><\/strong><\/h3>\n<p><center><\/p>\n<p><i>Pague em at\u00e9 <strong>12x<\/strong><\/i><\/p>\n<p><\/center><\/p>\n<div style=\"clear: both;\"><\/div>\n<p>&nbsp;&nbsp;<\/p>\n<p><center><\/p>\n<h3><font color=\"#FF0000\">Hoje com <strong>FRETE GR\u00c1TIS<\/strong> para todo o pa\u00eds!<\/font><\/h3>\n<p>&nbsp;<\/p>\n<p align=\"center\"><a href=\"https:\/\/www.editoraplantasdobrasil.com.br\/loja-virtual\/vitrine\/?add-to-cart=6084\" title=\"Clique aqui para comprar o livro Flora do Brasil em Imagens Vol.2\"><img decoding=\"async\" src=\"https:\/\/www.editoraplantasdobrasil.com.br\/loja-virtual\/wp-content\/uploads\/2019\/05\/comprar.gif\" \/><\/a><\/p>\n<p><img decoding=\"async\" src=\"https:\/\/www.editoraplantasdobrasil.com.br\/loja-virtual\/wp-content\/uploads\/2019\/05\/ambiente_seguro.jpg\"><\/p>\n<p><\/center><\/p>\n<div style=\"clear: both;\"><\/div>\n<p>&nbsp;&nbsp;<\/p>\n<p><center><\/p>\n<h3>D\u00favidas? Fale Conosco!<\/h3>\n<p><a href=\"https:\/\/api.whatsapp.com\/send?phone=5542999752772\" target=\"_blank\" rel=\"noopener noreferrer\">42 99975-2772<\/a> (Telefone e WhatsApp)<\/p>\n<p><a href=\"https:\/\/www.editoraplantasdobrasil.com.br\/loja-virtual\/fale-conosco\/\" title=\"Fale Conosco\" alt=\"Fale Conosco\"> Formul\u00e1rio de Contato<\/a><\/p>\n<p><\/center><\/p>\n","protected":false},"excerpt":{"rendered":"<p>Trata-se da continua\u00e7\u00e3o, do que amanh\u00e3 h\u00e1 de ser, a maior colet\u00e2nea de guias fotogr\u00e1ficos de identifica\u00e7\u00e3o de plantas nativas j\u00e1 publicada no Brasil. &nbsp;&nbsp; &nbsp; apenas R$249,00 Pague em at\u00e9 12x &nbsp;&nbsp; Hoje com FRETE GR\u00c1TIS para todo o pa\u00eds! &nbsp; &nbsp;&nbsp; Apresenta\u00e7\u00e3o O presente volume \u00e9 uma continua\u00e7\u00e3o da s\u00e9rie FLORA DO BRASIL [&hellip;]<\/p>\n","protected":false},"author":1,"featured_media":0,"parent":0,"menu_order":0,"comment_status":"closed","ping_status":"closed","template":"","meta":{"content-type":"","_exactmetrics_skip_tracking":false,"_exactmetrics_sitenote_active":false,"_exactmetrics_sitenote_note":"","_exactmetrics_sitenote_category":0,"footnotes":""},"class_list":["post-6067","page","type-page","status-publish","hentry"],"_links":{"self":[{"href":"https:\/\/editoraplantasdobrasil.com.br\/loja-virtual\/wp-json\/wp\/v2\/pages\/6067","targetHints":{"allow":["GET"]}}],"collection":[{"href":"https:\/\/editoraplantasdobrasil.com.br\/loja-virtual\/wp-json\/wp\/v2\/pages"}],"about":[{"href":"https:\/\/editoraplantasdobrasil.com.br\/loja-virtual\/wp-json\/wp\/v2\/types\/page"}],"author":[{"embeddable":true,"href":"https:\/\/editoraplantasdobrasil.com.br\/loja-virtual\/wp-json\/wp\/v2\/users\/1"}],"replies":[{"embeddable":true,"href":"https:\/\/editoraplantasdobrasil.com.br\/loja-virtual\/wp-json\/wp\/v2\/comments?post=6067"}],"version-history":[{"count":48,"href":"https:\/\/editoraplantasdobrasil.com.br\/loja-virtual\/wp-json\/wp\/v2\/pages\/6067\/revisions"}],"predecessor-version":[{"id":13168,"href":"https:\/\/editoraplantasdobrasil.com.br\/loja-virtual\/wp-json\/wp\/v2\/pages\/6067\/revisions\/13168"}],"wp:attachment":[{"href":"https:\/\/editoraplantasdobrasil.com.br\/loja-virtual\/wp-json\/wp\/v2\/media?parent=6067"}],"curies":[{"name":"wp","href":"https:\/\/api.w.org\/{rel}","templated":true}]}}