{"id":6264,"date":"2023-01-16T11:43:08","date_gmt":"2023-01-16T14:43:08","guid":{"rendered":"https:\/\/www.editoraplantasdobrasil.com.br\/loja-virtual\/?page_id=6264"},"modified":"2026-02-04T21:44:44","modified_gmt":"2026-02-05T00:44:44","slug":"ebooks-flora-do-brasil-em-imagens","status":"publish","type":"page","link":"https:\/\/editoraplantasdobrasil.com.br\/loja-virtual\/ebooks-flora-do-brasil-em-imagens\/","title":{"rendered":"2 eBooks &#8211; Flora do Brasil em Imagens"},"content":{"rendered":"<h2><center>Hoje com 50% de Desconto!<\/center><\/h2>\n<div style=\"float: left; width: 100%; border: solid black 1px; background: #ffffff; margin: 10px; padding: 10px;\">\n<div style=\"float: left;  background: #ffffff; margin: 5px; padding: 5px;\">\n<h4><img decoding=\"async\" src=\"https:\/\/www.editoraplantasdobrasil.com.br\/loja-virtual\/wp-content\/uploads\/2022\/08\/floradobrasilemimagensv1_ebook_site.png\" width=\"200px\"><\/h4>\n<\/div>\n<div style=\"float: right;  background: #ffffff; margin: 5px; padding: 5px;\">\n<p><strong>FLORA DO BRASIL EM IMAGENS Vol.1<\/strong><\/p>\n<p>Brota aqui, a maior colet\u00e2nea de guias fotogr\u00e1ficos para &nbsp;&nbsp;&nbsp;<br \/>identifica\u00e7\u00e3o de plantas nativas j\u00e1 publicada no Brasil.<\/p>\n<p><a href=\"https:\/\/www.editoraplantasdobrasil.com.br\/loja-virtual\/ebook-flora-do-brasil-em-imagens-vol-1\/\"><img decoding=\"async\" src=\"https:\/\/www.editoraplantasdobrasil.com.br\/loja-virtual\/wp-content\/uploads\/2019\/05\/saiba-mais.png\" width=\"100px\"><\/a><\/p>\n<\/div>\n<\/div>\n<p><center><\/p>\n<h1>+<\/h1>\n<p><\/center><\/p>\n<div style=\"float: left; width: 100%; border: solid black 1px; background: #ffffff; margin: 10px; padding: 10px;\">\n<div style=\"float: left;  background: #ffffff; margin: 5px; padding: 5px;\">\n<h4><img decoding=\"async\" src=\"https:\/\/www.editoraplantasdobrasil.com.br\/loja-virtual\/wp-content\/uploads\/2023\/01\/floradobrasilemimagensv2_ebook_site.png\" width=\"200px\"><\/h4>\n<\/div>\n<div style=\"float: right;  background: #ffffff; margin: 5px; padding: 5px;\">\n<p><strong>FLORA DO BRASIL EM IMAGENS Vol.2<\/strong><\/p>\n<p>Trata-se da continua\u00e7\u00e3o, do que um dia h\u00e1 de ser,&nbsp;&nbsp;&nbsp;<br \/> a maior colet\u00e2nea de guias fotogr\u00e1ficos para identifica\u00e7\u00e3o&nbsp;&nbsp;&nbsp;<br \/>de plantas nativas j\u00e1 publicada no Brasil.<\/p>\n<p><a href=\"https:\/\/www.editoraplantasdobrasil.com.br\/loja-virtual\/ebook-flora-do-brasil-em-imagens-vol-2\/\"><img decoding=\"async\" src=\"https:\/\/www.editoraplantasdobrasil.com.br\/loja-virtual\/wp-content\/uploads\/2019\/05\/saiba-mais.png\" width=\"100px\"><\/a><\/p>\n<\/div>\n<\/div>\n<p>&nbsp;<\/p>\n<div style=\"text-align: center;\">\n<img decoding=\"async\" src=\"https:\/\/www.editoraplantasdobrasil.com.br\/loja-virtual\/wp-content\/uploads\/2019\/05\/seta_vermelha.png\" \/>\n<\/div>\n<div style=\"clear: both;\"><\/div>\n<p><!--\n\n\n<h2 style=\"text-align: center;\"><strong><span style=\"color: #ff0000;\">Promo\u00e7\u00e3o!<\/span><\/strong><\/h2>\n\n\n--><\/p>\n<p><center><\/p>\n<h3><font color=\"red\"><strong>50% de desconto! <\/strong><\/font><\/p>\n<h3>\n<\/center><\/p>\n<p><center><\/p>\n<h3>HOJE os 2 eBooks<\/h3>\n<p><\/center><\/p>\n<h3 style=\"text-align: center;\">de <s><strong><span style=\"color: #359200; font-size: 26px;\">R$98,00<\/span><\/strong><\/s> por <center>apenas <strong><span style=\"color: #359200; font-size: 48px;\">R$49,00<\/span><\/strong><\/h3>\n<p><\/center><\/p>\n<p><center><\/p>\n<p><i>Pague em at\u00e9 <strong>11x<\/strong><\/i><\/p>\n<p><\/center><\/p>\n<div style=\"clear: both;\"><\/div>\n<p><center><br \/>\n<!--\n\n\n<p><font color=\"red\"><strong>FRETE GR\u00c1TIS<\/strong> *<\/font>\n\n<p>\n--><\/p>\n<p align=\"center\"><a href=\"https:\/\/www.editoraplantasdobrasil.com.br\/loja-virtual\/vitrine\/?add-to-cart=6271\" title=\"Clique aqui para comprar os 2 eBooks com 50% de desnconto!\"><img decoding=\"async\" src=\"https:\/\/www.editoraplantasdobrasil.com.br\/loja-virtual\/wp-content\/uploads\/2019\/05\/comprar.gif\" \/><\/a><\/p>\n<p><img decoding=\"async\" src=\"https:\/\/www.editoraplantasdobrasil.com.br\/loja-virtual\/wp-content\/uploads\/2019\/05\/ambiente_seguro.jpg\"><\/p>\n<p><!--\n\n<p>Para comprar via smartphone <a href=\"https:\/\/pag.ae\/bcs6nw9\" target=\"_blank\" title=\"Clique aqui para comprar o eBook: Plantas do Brasil - Esp\u00e9cies Ornamentais Vol.1\" rel=\"noopener noreferrer\">CLIQUE AQUI<\/a>.--><\/p>\n<p><!--\n\n\n<div style=\"color: navy; background-color: pink; border: 2px solid blue; padding: 5px;\">\n\n\n<h4><font color=\"red\"><strong>* HOJE com FRETE GR\u00c1TIS para todo o pa\u00eds!<\/strong><\/font><\/h4>\n\n\n<\/div>\n\n\n--><\/p>\n<p><\/center><\/p>\n<div style=\"clear: both;\"><\/div>\n<p>&nbsp;&nbsp;<\/p>\n<div style=\"clear: both;\"><\/div>\n<p>&nbsp;&nbsp;<\/p>\n","protected":false},"excerpt":{"rendered":"<p>Hoje com 50% de Desconto! FLORA DO BRASIL EM IMAGENS Vol.1 Brota aqui, a maior colet\u00e2nea de guias fotogr\u00e1ficos para &nbsp;&nbsp;&nbsp;identifica\u00e7\u00e3o de plantas nativas j\u00e1 publicada no Brasil. + FLORA DO BRASIL EM IMAGENS Vol.2 Trata-se da continua\u00e7\u00e3o, do que um dia h\u00e1 de ser,&nbsp;&nbsp;&nbsp; a maior colet\u00e2nea de guias fotogr\u00e1ficos para identifica\u00e7\u00e3o&nbsp;&nbsp;&nbsp;de plantas nativas [&hellip;]<\/p>\n","protected":false},"author":1,"featured_media":0,"parent":0,"menu_order":0,"comment_status":"closed","ping_status":"closed","template":"","meta":{"content-type":"","_exactmetrics_skip_tracking":false,"_exactmetrics_sitenote_active":false,"_exactmetrics_sitenote_note":"","_exactmetrics_sitenote_category":0,"footnotes":""},"class_list":["post-6264","page","type-page","status-publish","hentry"],"_links":{"self":[{"href":"https:\/\/editoraplantasdobrasil.com.br\/loja-virtual\/wp-json\/wp\/v2\/pages\/6264","targetHints":{"allow":["GET"]}}],"collection":[{"href":"https:\/\/editoraplantasdobrasil.com.br\/loja-virtual\/wp-json\/wp\/v2\/pages"}],"about":[{"href":"https:\/\/editoraplantasdobrasil.com.br\/loja-virtual\/wp-json\/wp\/v2\/types\/page"}],"author":[{"embeddable":true,"href":"https:\/\/editoraplantasdobrasil.com.br\/loja-virtual\/wp-json\/wp\/v2\/users\/1"}],"replies":[{"embeddable":true,"href":"https:\/\/editoraplantasdobrasil.com.br\/loja-virtual\/wp-json\/wp\/v2\/comments?post=6264"}],"version-history":[{"count":10,"href":"https:\/\/editoraplantasdobrasil.com.br\/loja-virtual\/wp-json\/wp\/v2\/pages\/6264\/revisions"}],"predecessor-version":[{"id":12642,"href":"https:\/\/editoraplantasdobrasil.com.br\/loja-virtual\/wp-json\/wp\/v2\/pages\/6264\/revisions\/12642"}],"wp:attachment":[{"href":"https:\/\/editoraplantasdobrasil.com.br\/loja-virtual\/wp-json\/wp\/v2\/media?parent=6264"}],"curies":[{"name":"wp","href":"https:\/\/api.w.org\/{rel}","templated":true}]}}