{"id":6903,"date":"2023-06-20T19:06:34","date_gmt":"2023-06-20T22:06:34","guid":{"rendered":"https:\/\/www.editoraplantasdobrasil.com.br\/loja-virtual\/?page_id=6903"},"modified":"2026-03-27T22:38:29","modified_gmt":"2026-03-28T01:38:29","slug":"dendrologia-guia-de-campo","status":"publish","type":"page","link":"https:\/\/editoraplantasdobrasil.com.br\/loja-virtual\/dendrologia-guia-de-campo\/","title":{"rendered":"DENDROLOGIA: Guia de Campo"},"content":{"rendered":"<p><center><br \/>\n<img decoding=\"async\" src=\"https:\/\/www.editoraplantasdobrasil.com.br\/loja-virtual\/wp-content\/uploads\/2023\/06\/dendrologia-guia-de-campo-4.png\" width=\"500px\"\/><\/p>\n<h4>UM LIVRO DE BOLSO PARA O ESTUDO E IDENTIFICA\u00c7\u00c3O DE \u00c1RVORES BRASILEIRAS<\/h4>\n<p><!--\n\n\n<h4>UM MANUAL PORT\u00c1TIL E OBJETIVO PARA O ESTUDO DAS \u00c1RVORES BRASILEIRAS.<\/h4>\n\n\n\n\n\n<h4>UM MANUAL PORT\u00c1TIL E OBJETIVO PARA A IDENTIFICA\u00c7\u00c3O DE \u00c1RVORES BRASILEIRAS.<\/h4>\n\n\n\n\n\n<h4>UM MANUAL DE BOLSO PARA A IDENTIFICA\u00c7\u00c3O DE \u00c1RVORES BRASILEIRAS.<\/h4>\n\n\n\n<H4>LEVE O CONHECIMENTO DENDROL\u00d3GICO SEMPRE COM VOC\u00ca.<\/H4>\n\n<H4>UM MANUAL PR\u00c1TICO PARA A IDENTIFICA\u00c7\u00c3O DE \u00c1RVORES BRASILEIRAS.<\/H4>\n--><\/p>\n<p><\/center><\/p>\n<p>&nbsp;<\/p>\n<p><!--\n\nXXXXXXXXXXXXXXXXXXXXXXXXXXXX COMENT\u00c1RIOS XXXXXXXXXXXXXXXXXXXXXXXXXXXXXXXXXX\n\nrosevidovix\nComprei e gostei muito. Pr\u00e1tico com uma capa bem durinha que vai aguentar o baqueado de ser levado a campo!\n--><\/p>\n<div style=\"text-align: center;\">\n<img decoding=\"async\" src=\"https:\/\/www.editoraplantasdobrasil.com.br\/loja-virtual\/wp-content\/uploads\/2019\/05\/seta_vermelha.png\" \/>\n<\/div>\n<div style=\"clear: both;\"><\/div>\n<p><center><\/p>\n<h3><font color=\"#FF0000\">Relan\u00e7amento!<\/font><\/h3>\n<p><!--\n\n<h2 style=\"text-align: center;\"><strong><span style=\"color: #4CD586; background: #000000;\">\ud83e\udd42Promo\u00e7\u00e3o de ANO NOVO\ud83e\udd42<\/span><\/strong><\/h2>\n\n--><br \/>\n<\/center><\/p>\n<div style=\"clear: both;\"><\/div>\n<h3 style=\"text-align: center;\">de <s><strong><span style=\"color: #16A086; font-size: 26px;\">R$199,00<\/span><\/strong><\/s><br \/> por apenas <strong><span style=\"color: #359200; font-size: 40px;\">R$169,00<\/span><\/strong><!--<font size=\"2\"><i>+ R$12,50 do frete<\/i><\/font>--><\/h3>\n<p><center><\/p>\n<p><i>Pague em at\u00e9 <strong>12x<\/strong><\/i><br \/>\n<\/center><\/p>\n<div style=\"clear: both;\"><\/div>\n<p>&nbsp;&nbsp;<\/p>\n<p><center><\/p>\n<h4><font color=\"#FF0000\">HOJE com Desconto + Frete gr\u00e1tis!<\/font><\/h4>\n<p>&nbsp;<\/p>\n<p align=\"center\"><a href=\"https:\/\/www.editoraplantasdobrasil.com.br\/loja-virtual\/vitrine\/?add-to-cart=6961\" title=\"Clique aqui para comprar o Guia de Campo de Dendrologia\"><img decoding=\"async\" src=\"https:\/\/www.editoraplantasdobrasil.com.br\/loja-virtual\/wp-content\/uploads\/2019\/05\/comprar.gif\" \/><\/a><\/p>\n<p><img decoding=\"async\" src=\"https:\/\/www.editoraplantasdobrasil.com.br\/loja-virtual\/wp-content\/uploads\/2019\/05\/ambiente_seguro.jpg\"><\/p>\n<p><\/center><\/p>\n<div style=\"clear: both;\"><\/div>\n<p>&nbsp; &nbsp;&nbsp;<\/p>\n<div style=\"clear: both;\"><\/div>\n<p>&nbsp;&nbsp;<\/p>\n<h3>Apresenta\u00e7\u00e3o<\/h3>\n<p>&nbsp;<\/p>\n<p>Ap\u00f3s o sucesso do nosso <strong>Manual de Dendrologia<\/strong>, estamos entusiasmados em apresentar o <strong>Guia de Campo de Dendrologia<\/strong>, agora em formato compacto e port\u00e1til, que lhe acompanhar\u00e1 em todas as etapas do processo de reconhecimento das \u00e1rvores brasileiras.<\/p>\n<p>Com uma capa dura resistente e encaderna\u00e7\u00e3o em wire-o, este guia foi cuidadosamente projetado para facilitar o manuseio e garantir que todas as informa\u00e7\u00f5es necess\u00e1rias para a pr\u00e1tica da dendrologia estejam sempre \u00e0 m\u00e3o. Al\u00e9m disso, \u00e9 suficientemente reduzido para caber no seu bolso!<\/p>\n<p>Assim como seu predecessor, esta obra tem como objetivo principal fornecer aos leitores um melhor entendimento dos caracteres taxon\u00f4micos e das diferen\u00e7as, muitas vezes sutis, que as \u00e1rvores apresentam, visando resultados mais precisos e eficientes no processo de identifica\u00e7\u00e3o das \u00e1rvores em campo.<\/p>\n<p>Engenheiros Florestais, Bi\u00f3logos, Agr\u00f4nomos, Ambientais, Ec\u00f3logos, Paisagistas e todos os entusiastas do mundo das plantas encontrar\u00e3o neste guia uma fonte confi\u00e1vel e ricamente ilustrada sobre a terminologia dendrol\u00f3gica. Al\u00e9m disso, ter\u00e3o acesso a uma chave dicot\u00f4mica atualizada e a um cap\u00edtulo importante com as caracter\u00edsticas morfol\u00f3gicas para identifica\u00e7\u00e3o das principais fam\u00edlias bot\u00e2nicas brasileiras.<\/p>\n<p>Todo o conte\u00fado do guia foi cuidadosamente elaborado a partir de observa\u00e7\u00f5es, experi\u00eancias e registros autorais, al\u00e9m de uma extensa pesquisa bibliogr\u00e1fica. As fotografias foram capturadas em campo, datadas a partir de 2005, sob condi\u00e7\u00f5es naturais de luminosidade, garantindo imagens precisas e aut\u00eanticas. <\/p>\n<p>Esse guia \u00e9 o resultado de 18 anos de estudos, pesquisas e in\u00fameras expedi\u00e7\u00f5es bot\u00e2nicas realizadas pelo autor em territ\u00f3rio nacional. Agora, todo esse conhecimento est\u00e1 ao seu alcance para explorar e apreciar a diversidade das \u00e1rvores em qualquer lugar que voc\u00ea v\u00e1.<\/p>\n<p>Esteja preparado para se aventurar no estudo das \u00e1rvores com o <strong>Guia de Campo de Dendrologia<\/strong>. Carregue-o consigo em suas aulas pr\u00e1ticas, trabalhos de campo, caminhadas na natureza, passeios, viagens e expedi\u00e7\u00f5es, e desvende os fascinantes segredos do mundo das \u00e1rvores brasileiras de maneira pr\u00e1tica e eficaz.<\/p>\n<p>&nbsp;&nbsp;<\/p>\n<h3>Exemplos de p\u00e1ginas<\/h3>\n<p>&nbsp;<br \/>\n<center><\/p>\n<div id='gallery-1' class='gallery galleryid-6903 gallery-columns-1 gallery-size-thumbnail'><dl class='gallery-item'>\n\t\t\t<dt class='gallery-icon landscape'>\n\t\t\t\t<a href='https:\/\/editoraplantasdobrasil.com.br\/loja-virtual\/dendrologia-guia-de-campo\/dendrologia-guia-de-campo-4\/'><img loading=\"lazy\" decoding=\"async\" width=\"150\" height=\"150\" src=\"https:\/\/editoraplantasdobrasil.com.br\/loja-virtual\/wp-content\/uploads\/2023\/06\/dendrologia-guia-de-campo-4-150x150.png\" class=\"attachment-thumbnail size-thumbnail\" alt=\"Dendrologia: Guia de Campo\" aria-describedby=\"gallery-1-7002\" srcset=\"https:\/\/editoraplantasdobrasil.com.br\/loja-virtual\/wp-content\/uploads\/2023\/06\/dendrologia-guia-de-campo-4-150x150.png 150w, https:\/\/editoraplantasdobrasil.com.br\/loja-virtual\/wp-content\/uploads\/2023\/06\/dendrologia-guia-de-campo-4-300x300.png 300w, https:\/\/editoraplantasdobrasil.com.br\/loja-virtual\/wp-content\/uploads\/2023\/06\/dendrologia-guia-de-campo-4-100x100.png 100w\" sizes=\"auto, (max-width: 150px) 100vw, 150px\" \/><\/a>\n\t\t\t<\/dt>\n\t\t\t\t<dd class='wp-caption-text gallery-caption' id='gallery-1-7002'>\n\t\t\t\tImagem da Capa\n\t\t\t\t<\/dd><\/dl><br style=\"clear: both\" \/>\n\t\t<\/div>\n\n<div id='gallery-2' class='gallery galleryid-6903 gallery-columns-3 gallery-size-large'><dl class='gallery-item'>\n\t\t\t<dt class='gallery-icon landscape'>\n\t\t\t\t<a href='https:\/\/editoraplantasdobrasil.com.br\/loja-virtual\/dendrologia-guia-de-campo\/attachment\/9\/'><img loading=\"lazy\" decoding=\"async\" width=\"453\" height=\"313\" src=\"https:\/\/editoraplantasdobrasil.com.br\/loja-virtual\/wp-content\/uploads\/2023\/06\/9.png\" class=\"attachment-large size-large\" alt=\"\" aria-describedby=\"gallery-2-6989\" srcset=\"https:\/\/editoraplantasdobrasil.com.br\/loja-virtual\/wp-content\/uploads\/2023\/06\/9.png 453w, https:\/\/editoraplantasdobrasil.com.br\/loja-virtual\/wp-content\/uploads\/2023\/06\/9-300x207.png 300w\" sizes=\"auto, (max-width: 453px) 100vw, 453px\" \/><\/a>\n\t\t\t<\/dt>\n\t\t\t\t<dd class='wp-caption-text gallery-caption' id='gallery-2-6989'>\n\t\t\t\tFoto do guia aberto\n\t\t\t\t<\/dd><\/dl><dl class='gallery-item'>\n\t\t\t<dt class='gallery-icon landscape'>\n\t\t\t\t<a href='https:\/\/editoraplantasdobrasil.com.br\/loja-virtual\/dendrologia-guia-de-campo\/attachment\/6\/'><img loading=\"lazy\" decoding=\"async\" width=\"453\" height=\"313\" src=\"https:\/\/editoraplantasdobrasil.com.br\/loja-virtual\/wp-content\/uploads\/2023\/06\/6.png\" class=\"attachment-large size-large\" alt=\"\" aria-describedby=\"gallery-2-6986\" srcset=\"https:\/\/editoraplantasdobrasil.com.br\/loja-virtual\/wp-content\/uploads\/2023\/06\/6.png 453w, https:\/\/editoraplantasdobrasil.com.br\/loja-virtual\/wp-content\/uploads\/2023\/06\/6-300x207.png 300w\" sizes=\"auto, (max-width: 453px) 100vw, 453px\" \/><\/a>\n\t\t\t<\/dt>\n\t\t\t\t<dd class='wp-caption-text gallery-caption' id='gallery-2-6986'>\n\t\t\t\tFoto do guia aberto\n\t\t\t\t<\/dd><\/dl><dl class='gallery-item'>\n\t\t\t<dt class='gallery-icon landscape'>\n\t\t\t\t<a href='https:\/\/editoraplantasdobrasil.com.br\/loja-virtual\/dendrologia-guia-de-campo\/attachment\/7\/'><img loading=\"lazy\" decoding=\"async\" width=\"453\" height=\"313\" src=\"https:\/\/editoraplantasdobrasil.com.br\/loja-virtual\/wp-content\/uploads\/2023\/06\/7.png\" class=\"attachment-large size-large\" alt=\"\" aria-describedby=\"gallery-2-6987\" srcset=\"https:\/\/editoraplantasdobrasil.com.br\/loja-virtual\/wp-content\/uploads\/2023\/06\/7.png 453w, https:\/\/editoraplantasdobrasil.com.br\/loja-virtual\/wp-content\/uploads\/2023\/06\/7-300x207.png 300w\" sizes=\"auto, (max-width: 453px) 100vw, 453px\" \/><\/a>\n\t\t\t<\/dt>\n\t\t\t\t<dd class='wp-caption-text gallery-caption' id='gallery-2-6987'>\n\t\t\t\tFoto do guia aberto\n\t\t\t\t<\/dd><\/dl><br style=\"clear: both\" \/><dl class='gallery-item'>\n\t\t\t<dt class='gallery-icon landscape'>\n\t\t\t\t<a href='https:\/\/editoraplantasdobrasil.com.br\/loja-virtual\/dendrologia-guia-de-campo\/attachment\/8\/'><img loading=\"lazy\" decoding=\"async\" width=\"453\" height=\"313\" src=\"https:\/\/editoraplantasdobrasil.com.br\/loja-virtual\/wp-content\/uploads\/2023\/06\/8.png\" class=\"attachment-large size-large\" alt=\"\" aria-describedby=\"gallery-2-6988\" srcset=\"https:\/\/editoraplantasdobrasil.com.br\/loja-virtual\/wp-content\/uploads\/2023\/06\/8.png 453w, https:\/\/editoraplantasdobrasil.com.br\/loja-virtual\/wp-content\/uploads\/2023\/06\/8-300x207.png 300w\" sizes=\"auto, (max-width: 453px) 100vw, 453px\" \/><\/a>\n\t\t\t<\/dt>\n\t\t\t\t<dd class='wp-caption-text gallery-caption' id='gallery-2-6988'>\n\t\t\t\tFoto do guia aberto\n\t\t\t\t<\/dd><\/dl><dl class='gallery-item'>\n\t\t\t<dt class='gallery-icon landscape'>\n\t\t\t\t<a href='https:\/\/editoraplantasdobrasil.com.br\/loja-virtual\/dendrologia-guia-de-campo\/attachment\/10\/'><img loading=\"lazy\" decoding=\"async\" width=\"453\" height=\"313\" src=\"https:\/\/editoraplantasdobrasil.com.br\/loja-virtual\/wp-content\/uploads\/2023\/06\/10.png\" class=\"attachment-large size-large\" alt=\"\" aria-describedby=\"gallery-2-6990\" srcset=\"https:\/\/editoraplantasdobrasil.com.br\/loja-virtual\/wp-content\/uploads\/2023\/06\/10.png 453w, https:\/\/editoraplantasdobrasil.com.br\/loja-virtual\/wp-content\/uploads\/2023\/06\/10-300x207.png 300w\" sizes=\"auto, (max-width: 453px) 100vw, 453px\" \/><\/a>\n\t\t\t<\/dt>\n\t\t\t\t<dd class='wp-caption-text gallery-caption' id='gallery-2-6990'>\n\t\t\t\tFoto do guia aberto\n\t\t\t\t<\/dd><\/dl><dl class='gallery-item'>\n\t\t\t<dt class='gallery-icon landscape'>\n\t\t\t\t<a href='https:\/\/editoraplantasdobrasil.com.br\/loja-virtual\/dendrologia-guia-de-campo\/attachment\/11\/'><img loading=\"lazy\" decoding=\"async\" width=\"453\" height=\"313\" src=\"https:\/\/editoraplantasdobrasil.com.br\/loja-virtual\/wp-content\/uploads\/2023\/06\/11.png\" class=\"attachment-large size-large\" alt=\"\" aria-describedby=\"gallery-2-6991\" srcset=\"https:\/\/editoraplantasdobrasil.com.br\/loja-virtual\/wp-content\/uploads\/2023\/06\/11.png 453w, https:\/\/editoraplantasdobrasil.com.br\/loja-virtual\/wp-content\/uploads\/2023\/06\/11-300x207.png 300w\" sizes=\"auto, (max-width: 453px) 100vw, 453px\" \/><\/a>\n\t\t\t<\/dt>\n\t\t\t\t<dd class='wp-caption-text gallery-caption' id='gallery-2-6991'>\n\t\t\t\tFoto do guia aberto\n\t\t\t\t<\/dd><\/dl><br style=\"clear: both\" \/><dl class='gallery-item'>\n\t\t\t<dt class='gallery-icon landscape'>\n\t\t\t\t<a href='https:\/\/editoraplantasdobrasil.com.br\/loja-virtual\/dendrologia-guia-de-campo\/attachment\/2\/'><img loading=\"lazy\" decoding=\"async\" width=\"453\" height=\"313\" src=\"https:\/\/editoraplantasdobrasil.com.br\/loja-virtual\/wp-content\/uploads\/2023\/06\/2.png\" class=\"attachment-large size-large\" alt=\"\" aria-describedby=\"gallery-2-7010\" srcset=\"https:\/\/editoraplantasdobrasil.com.br\/loja-virtual\/wp-content\/uploads\/2023\/06\/2.png 453w, https:\/\/editoraplantasdobrasil.com.br\/loja-virtual\/wp-content\/uploads\/2023\/06\/2-300x207.png 300w\" sizes=\"auto, (max-width: 453px) 100vw, 453px\" \/><\/a>\n\t\t\t<\/dt>\n\t\t\t\t<dd class='wp-caption-text gallery-caption' id='gallery-2-7010'>\n\t\t\t\tFoto do guia aberto\n\t\t\t\t<\/dd><\/dl><dl class='gallery-item'>\n\t\t\t<dt class='gallery-icon landscape'>\n\t\t\t\t<a href='https:\/\/editoraplantasdobrasil.com.br\/loja-virtual\/dendrologia-guia-de-campo\/attachment\/12\/'><img loading=\"lazy\" decoding=\"async\" width=\"453\" height=\"313\" src=\"https:\/\/editoraplantasdobrasil.com.br\/loja-virtual\/wp-content\/uploads\/2023\/06\/12.png\" class=\"attachment-large size-large\" alt=\"\" aria-describedby=\"gallery-2-6992\" srcset=\"https:\/\/editoraplantasdobrasil.com.br\/loja-virtual\/wp-content\/uploads\/2023\/06\/12.png 453w, https:\/\/editoraplantasdobrasil.com.br\/loja-virtual\/wp-content\/uploads\/2023\/06\/12-300x207.png 300w\" sizes=\"auto, (max-width: 453px) 100vw, 453px\" \/><\/a>\n\t\t\t<\/dt>\n\t\t\t\t<dd class='wp-caption-text gallery-caption' id='gallery-2-6992'>\n\t\t\t\tFoto do guia aberto\n\t\t\t\t<\/dd><\/dl><dl class='gallery-item'>\n\t\t\t<dt class='gallery-icon landscape'>\n\t\t\t\t<a href='https:\/\/editoraplantasdobrasil.com.br\/loja-virtual\/dendrologia-guia-de-campo\/attachment\/1\/'><img loading=\"lazy\" decoding=\"async\" width=\"453\" height=\"313\" src=\"https:\/\/editoraplantasdobrasil.com.br\/loja-virtual\/wp-content\/uploads\/2023\/06\/1.png\" class=\"attachment-large size-large\" alt=\"\" aria-describedby=\"gallery-2-6993\" srcset=\"https:\/\/editoraplantasdobrasil.com.br\/loja-virtual\/wp-content\/uploads\/2023\/06\/1.png 453w, https:\/\/editoraplantasdobrasil.com.br\/loja-virtual\/wp-content\/uploads\/2023\/06\/1-300x207.png 300w\" sizes=\"auto, (max-width: 453px) 100vw, 453px\" \/><\/a>\n\t\t\t<\/dt>\n\t\t\t\t<dd class='wp-caption-text gallery-caption' id='gallery-2-6993'>\n\t\t\t\tFoto do guia aberto\n\t\t\t\t<\/dd><\/dl><br style=\"clear: both\" \/><dl class='gallery-item'>\n\t\t\t<dt class='gallery-icon landscape'>\n\t\t\t\t<a href='https:\/\/editoraplantasdobrasil.com.br\/loja-virtual\/dendrologia-guia-de-campo\/attachment\/3\/'><img loading=\"lazy\" decoding=\"async\" width=\"453\" height=\"313\" src=\"https:\/\/editoraplantasdobrasil.com.br\/loja-virtual\/wp-content\/uploads\/2023\/06\/3.png\" class=\"attachment-large size-large\" alt=\"\" aria-describedby=\"gallery-2-6994\" srcset=\"https:\/\/editoraplantasdobrasil.com.br\/loja-virtual\/wp-content\/uploads\/2023\/06\/3.png 453w, https:\/\/editoraplantasdobrasil.com.br\/loja-virtual\/wp-content\/uploads\/2023\/06\/3-300x207.png 300w\" sizes=\"auto, (max-width: 453px) 100vw, 453px\" \/><\/a>\n\t\t\t<\/dt>\n\t\t\t\t<dd class='wp-caption-text gallery-caption' id='gallery-2-6994'>\n\t\t\t\tFoto do guia aberto\n\t\t\t\t<\/dd><\/dl><dl class='gallery-item'>\n\t\t\t<dt class='gallery-icon landscape'>\n\t\t\t\t<a href='https:\/\/editoraplantasdobrasil.com.br\/loja-virtual\/dendrologia-guia-de-campo\/attachment\/4\/'><img loading=\"lazy\" decoding=\"async\" width=\"453\" height=\"313\" src=\"https:\/\/editoraplantasdobrasil.com.br\/loja-virtual\/wp-content\/uploads\/2023\/06\/4.png\" class=\"attachment-large size-large\" alt=\"\" aria-describedby=\"gallery-2-6995\" srcset=\"https:\/\/editoraplantasdobrasil.com.br\/loja-virtual\/wp-content\/uploads\/2023\/06\/4.png 453w, https:\/\/editoraplantasdobrasil.com.br\/loja-virtual\/wp-content\/uploads\/2023\/06\/4-300x207.png 300w\" sizes=\"auto, (max-width: 453px) 100vw, 453px\" \/><\/a>\n\t\t\t<\/dt>\n\t\t\t\t<dd class='wp-caption-text gallery-caption' id='gallery-2-6995'>\n\t\t\t\tFoto do guia aberto\n\t\t\t\t<\/dd><\/dl><dl class='gallery-item'>\n\t\t\t<dt class='gallery-icon landscape'>\n\t\t\t\t<a href='https:\/\/editoraplantasdobrasil.com.br\/loja-virtual\/dendrologia-guia-de-campo\/attachment\/5\/'><img loading=\"lazy\" decoding=\"async\" width=\"453\" height=\"313\" src=\"https:\/\/editoraplantasdobrasil.com.br\/loja-virtual\/wp-content\/uploads\/2023\/06\/5.png\" class=\"attachment-large size-large\" alt=\"\" aria-describedby=\"gallery-2-6996\" srcset=\"https:\/\/editoraplantasdobrasil.com.br\/loja-virtual\/wp-content\/uploads\/2023\/06\/5.png 453w, https:\/\/editoraplantasdobrasil.com.br\/loja-virtual\/wp-content\/uploads\/2023\/06\/5-300x207.png 300w\" sizes=\"auto, (max-width: 453px) 100vw, 453px\" \/><\/a>\n\t\t\t<\/dt>\n\t\t\t\t<dd class='wp-caption-text gallery-caption' id='gallery-2-6996'>\n\t\t\t\tFoto do guia aberto\n\t\t\t\t<\/dd><\/dl><br style=\"clear: both\" \/>\n\t\t<\/div>\n\n<p><!--[gallery size=\"medium\" columns=\"4\" ids=\"187,177,178,176,179,180,181,182,183,185,186,188,189,190,191,192\"]--><br \/>\n<\/center><\/p>\n<h3>Especifica\u00e7\u00f5es<\/h3>\n<p>&nbsp;<br \/>\nISBN: 978-65-992399-5-3<br \/>\nAutor: Daniel Saueressig (Eng. Florestal M. Sc.)<\/p>\n<ul>\n<li>Tamanho 9,5 x 13,5 cm;<\/li>\n<li>N\u00famero total de p\u00e1ginas: 376;<\/li>\n<li>Capa dura;<\/li>\n<li>Encaderna\u00e7\u00e3o com wire-o;<\/li>\n<li>Impress\u00e3o colorida em papel OffSet 75g;<\/li>\n<li>Fechamento com el\u00e1stico + marca p\u00e1gina de fita de cetim.<\/li>\n<p><\/uL><\/p>\n<p>&nbsp;&nbsp;<\/p>\n<p><!--\n\n\n<h3>Coment\u00e1rios<\/h3>\n\n\n<center>\n<img decoding=\"async\" src=\"https:\/\/www.editoraplantasdobrasil.com.br\/loja-virtual\/wp-content\/uploads\/2023\/08\/depoimentos_facebook.jpg\" alt=\"Depoimentos - DENDROLOGIA: Guia de Campo\"\/>\n<\/center>\n--><\/p>\n<p><!--print do post https:\/\/www.facebook.com\/PlantasDoBrasil\/posts\/pfbid0U8i95FosE5BANQyiTzDzUowwS2WUuNCN4s3yeJimXn8bL3hTMeZ1CySgXSQVkdHSl em 28-8-2023--><\/p>\n<p><!--\n\n\n\n\n<h3>Coment\u00e1rios<\/h3>\n\n\n&nbsp;\n\n\n<div class=\"BlockContent\"><a id=\"write_review\"><\/a>\n\n\n<ol class=\"ProductReviewList\">\n\n\n\n\n\n<li class=\"Alt\">\n\n\n<h4 class=\"ReviewTitle\">Parab\u00e9ns!<img loading=\"lazy\" decoding=\"async\" src=\"https:\/\/www.editoraplantasdobrasil.com.br\/loja-virtual\/wp-content\/uploads\/2019\/05\/stars.gif\" alt=\"\" width=\"64\" height=\"12\" \/><\/h4>\n\n\n\n\n<p class=\"Meta\">Postado por Juliana Freitas<\/p>\n\n\nAdorei o Livro! Bem did\u00e1tico, destaca a morfologia das estruturas vegetativas, o que ajuda bastante, porque nem sempre temos acesso \u00e0s flores e frutos, especialmente das \u00e1rvores. Sou bot\u00e2nica, eu e meu esposo estamos trabalhando com identifica\u00e7\u00e3o de plantas e este livro veio na hora certa! Foi uma \u00f3tima aquisi\u00e7\u00e3o!\n\n\n<hr \/>\n\n\n\n<\/li>\n\n\n\n \n<\/ol>\n\n\n<\/div>\n\n\n\n\n\n--><\/p>\n<h3>Conte\u00fado<\/h3>\n<p>&nbsp;<\/p>\n<h4>I &#8211; INTRODU\u00c7\u00c3O \u00c0 DENDROLOGIA<\/h4>\n<p>&nbsp;&nbsp;<\/p>\n<h4>II &#8211; TERMINOLOGIA DENDROL\u00d3GICA<\/h4>\n<p><strong>1 &#8211; \u00c1rvore<\/strong><br \/>\n1.1 &#8211; Porte<br \/>\n1.2 &#8211; H\u00e1bito<\/p>\n<p><strong>2 &#8211; Folha<\/strong><br \/>\n2.1 &#8211; Tipo de Folha<br \/>\n2.2 &#8211; Filotaxia<br \/>\n2.3 &#8211; Forma<br \/>\n2.4 &#8211; Margem<br \/>\n2.5 &#8211; \u00c1pice<br \/>\n2.6 &#8211; Base<br \/>\n2.7 &#8211; Nerva\u00e7\u00e3o<br \/>\n2.8 &#8211; Consist\u00eancia<br \/>\n2.9 &#8211; Pilosidade<br \/>\n2.10 &#8211; Tamanho<br \/>\n2.11 &#8211; Est\u00edpulas<br \/>\n2.11 &#8211; Gl\u00e2ndulas<br \/>\n2.11 &#8211; Dom\u00e1cias<br \/>\n2.11 &#8211; Pec\u00edolo e R\u00e1quis<\/p>\n<p><strong>3 &#8211; Tronco<\/strong><br \/>\n3.1 &#8211; Forma<br \/>\n3.2 &#8211; Tipos<br \/>\n3.3 &#8211; Base<br \/>\n3.4 &#8211; Ramifica\u00e7\u00e3o<\/p>\n<p><strong>4 &#8211; Casca<\/strong><br \/>\n4.1 &#8211; Apar\u00eancia<br \/>\n4.2 &#8211; Deisc\u00eancia<br \/>\n4.3 &#8211; Cor<br \/>\n4.4 &#8211; Textura Interna<br \/>\n4.5 &#8211; Estrutura Interna<br \/>\n4.6 &#8211; Cor Interna<br \/>\n4.7 &#8211; Lenticelas<br \/>\n4.8 &#8211; Cicatrizes Peciolares<\/p>\n<p><strong>5 &#8211; Caracteres Eventuais na Folha, Tronco ou Casca<\/strong><br \/>\n5.1 &#8211; Odor e Gosto<br \/>\n5.2 &#8211; Espinhos e Ac\u00faleos<br \/>\n5.3 &#8211; Exsuda\u00e7\u00f5es<br \/>\n<strong><br \/>\n6 &#8211; Copa<\/strong><br \/>\n6.1 &#8211; Densidade<br \/>\n6.2 &#8211; Forma<\/p>\n<p><strong>7 &#8211; Flor<\/strong><br \/>\n7.1 &#8211; C\u00e1lice<br \/>\n7.2 &#8211; Corola<br \/>\n7.3 &#8211; Androceu<br \/>\n7.4 &#8211; Gineceu<br \/>\n7.5 &#8211; Infloresc\u00eancia<\/p>\n<p><strong>8 &#8211; Fruto<\/strong><br \/>\n8.1 &#8211; Frutos Simples<br \/>\n8.2 &#8211; Frutos Compostos<\/p>\n<p><strong>9 &#8211; Semente<\/strong><\/p>\n<p>&nbsp;&nbsp;<\/p>\n<h4>III &#8211; CHAVE PARA O RECONHECIMENTO EM CAMPO DOS G\u00caNEROS E FAM\u00cdLIAS BOT\u00c2NICAS DE MAIOR INTERESSE DENDROL\u00d3GICO NO BRASIL<\/h4>\n<p><strong>1 &#8211; Forma de Crescimento e Tipo de Folha<\/strong><\/p>\n<p><strong>2 &#8211; Folha Simples<\/strong><br \/>\n2.1 &#8211; Filotaxia Alterna-d\u00edstica<br \/>\n2.2 &#8211; Filotaxia Alterna-espiralada<br \/>\n2.3 &#8211; Filotaxia Alterna-congesta<br \/>\n2.4 &#8211; Filotaxia Oposta<br \/>\n2.5 &#8211; Filotaxia Verticilada<\/p>\n<p><strong>3 &#8211; Folha Bifoliolada<\/strong><\/p>\n<p><strong>4 &#8211; Folha Trifoliolada<\/strong><\/p>\n<p><strong>5 &#8211; Folha Digitada<\/strong><\/p>\n<p><strong>6 &#8211; Folha Pinada<\/strong><\/p>\n<p><strong>7 &#8211; Folha Bipinada<\/strong><\/p>\n<p>&nbsp;&nbsp;<\/p>\n<h4>IV &#8211; CARACTER\u00cdSTICAS DENDROL\u00d3GICAS DAS PRINCIPAIS FAM\u00cdLIAS BOT\u00c2NICAS BRASILEIRAS<\/h4>\n<p>&nbsp;&nbsp;<\/p>\n<h4>V &#8211; BIBLIOGRAFIAS<\/h4>\n<p>&nbsp;&nbsp;<\/p>\n<div style=\"text-align: center;\">\n<img decoding=\"async\" src=\"https:\/\/www.editoraplantasdobrasil.com.br\/loja-virtual\/wp-content\/uploads\/2019\/05\/seta_vermelha.png\" \/>\n<\/div>\n<div style=\"clear: both;\"><\/div>\n<p><center><\/p>\n<h3><font color=\"#FF0000\">Relan\u00e7amento!<\/font><\/h3>\n<p><!--\n\n<h2 style=\"text-align: center;\"><strong><span style=\"color: #4CD586; background: #000000;\">\ud83e\udd42Promo\u00e7\u00e3o de ANO NOVO\ud83e\udd42<\/span><\/strong><\/h2>\n\n--><br \/>\n<\/center><\/p>\n<div style=\"clear: both;\"><\/div>\n<h3 style=\"text-align: center;\">de <s><strong><span style=\"color: #16A086; font-size: 26px;\">R$199,00<\/span><\/strong><\/s><br \/> por apenas <strong><span style=\"color: #359200; font-size: 40px;\">R$169,00<\/span><\/strong><!--<font size=\"2\"><i>+ R$12,50 do frete<\/i><\/font>--><\/h3>\n<p><center><\/p>\n<p><i>Pague em at\u00e9 <strong>12x<\/strong><\/i><br \/>\n<\/center><\/p>\n<div style=\"clear: both;\"><\/div>\n<p>&nbsp;&nbsp;<\/p>\n<p><center><\/p>\n<h4><font color=\"#FF0000\">HOJE com Desconto + Frete gr\u00e1tis!<\/font><\/h4>\n<p>&nbsp;<\/p>\n<p align=\"center\"><a href=\"https:\/\/www.editoraplantasdobrasil.com.br\/loja-virtual\/vitrine\/?add-to-cart=6961\" title=\"Clique aqui para comprar o Guia de Campo de Dendrologia\"><img decoding=\"async\" src=\"https:\/\/www.editoraplantasdobrasil.com.br\/loja-virtual\/wp-content\/uploads\/2019\/05\/comprar.gif\" \/><\/a><\/p>\n<p><img decoding=\"async\" src=\"https:\/\/www.editoraplantasdobrasil.com.br\/loja-virtual\/wp-content\/uploads\/2019\/05\/ambiente_seguro.jpg\"><\/p>\n<p><\/center><\/p>\n<div style=\"clear: both;\"><\/div>\n<p>&nbsp; &nbsp;<\/p>\n<div style=\"clear: both;\"><\/div>\n<p>&nbsp; &nbsp;<\/p>\n<div style=\"clear: both;\"><\/div>\n<p>&nbsp;&nbsp;<\/p>\n<p><center><\/p>\n<h3>D\u00favidas? Fale Conosco!<\/h3>\n<p><a href=\"https:\/\/api.whatsapp.com\/send?phone=5542999752772\" target=\"_blank\" rel=\"noopener noreferrer\">42 99975-2772<\/a> (Telefone e WhatsApp)<\/p>\n<p><a href=\"https:\/\/www.editoraplantasdobrasil.com.br\/loja-virtual\/fale-conosco\/\" title=\"Fale Conosco\" alt=\"Fale Conosco\"> Formul\u00e1rio de Contato<\/a><\/p>\n<p><\/center><\/p>\n","protected":false},"excerpt":{"rendered":"<p>UM LIVRO DE BOLSO PARA O ESTUDO E IDENTIFICA\u00c7\u00c3O DE \u00c1RVORES BRASILEIRAS &nbsp; Relan\u00e7amento! de R$199,00 por apenas R$169,00 Pague em at\u00e9 12x &nbsp;&nbsp; HOJE com Desconto + Frete gr\u00e1tis! &nbsp; &nbsp; &nbsp;&nbsp; &nbsp;&nbsp; Apresenta\u00e7\u00e3o &nbsp; Ap\u00f3s o sucesso do nosso Manual de Dendrologia, estamos entusiasmados em apresentar o Guia de Campo de Dendrologia, agora [&hellip;]<\/p>\n","protected":false},"author":1,"featured_media":0,"parent":0,"menu_order":0,"comment_status":"closed","ping_status":"closed","template":"","meta":{"content-type":"","_exactmetrics_skip_tracking":false,"_exactmetrics_sitenote_active":false,"_exactmetrics_sitenote_note":"","_exactmetrics_sitenote_category":0,"footnotes":""},"class_list":["post-6903","page","type-page","status-publish","hentry"],"_links":{"self":[{"href":"https:\/\/editoraplantasdobrasil.com.br\/loja-virtual\/wp-json\/wp\/v2\/pages\/6903","targetHints":{"allow":["GET"]}}],"collection":[{"href":"https:\/\/editoraplantasdobrasil.com.br\/loja-virtual\/wp-json\/wp\/v2\/pages"}],"about":[{"href":"https:\/\/editoraplantasdobrasil.com.br\/loja-virtual\/wp-json\/wp\/v2\/types\/page"}],"author":[{"embeddable":true,"href":"https:\/\/editoraplantasdobrasil.com.br\/loja-virtual\/wp-json\/wp\/v2\/users\/1"}],"replies":[{"embeddable":true,"href":"https:\/\/editoraplantasdobrasil.com.br\/loja-virtual\/wp-json\/wp\/v2\/comments?post=6903"}],"version-history":[{"count":147,"href":"https:\/\/editoraplantasdobrasil.com.br\/loja-virtual\/wp-json\/wp\/v2\/pages\/6903\/revisions"}],"predecessor-version":[{"id":13192,"href":"https:\/\/editoraplantasdobrasil.com.br\/loja-virtual\/wp-json\/wp\/v2\/pages\/6903\/revisions\/13192"}],"wp:attachment":[{"href":"https:\/\/editoraplantasdobrasil.com.br\/loja-virtual\/wp-json\/wp\/v2\/media?parent=6903"}],"curies":[{"name":"wp","href":"https:\/\/api.w.org\/{rel}","templated":true}]}}