{"id":8476,"date":"2023-10-02T16:24:35","date_gmt":"2023-10-02T19:24:35","guid":{"rendered":"https:\/\/www.editoraplantasdobrasil.com.br\/loja-virtual\/?page_id=8476"},"modified":"2023-10-02T16:25:22","modified_gmt":"2023-10-02T19:25:22","slug":"ebooks-plantas-do-brasil","status":"publish","type":"page","link":"https:\/\/editoraplantasdobrasil.com.br\/loja-virtual\/ebooks-plantas-do-brasil\/","title":{"rendered":"3 eBooks &#8211; Plantas do Brasil"},"content":{"rendered":"<h2><center>Hoje com 50% de Desconto!<\/center><\/h2>\n<div style=\"float: left; width: 100%; border: solid black 1px; background: #ffffff; margin: 10px; padding: 10px;\">\n<div style=\"float: left;  background: #ffffff; margin: 5px; padding: 5px;\">\n<h4><img decoding=\"async\" src=\"https:\/\/www.editoraplantasdobrasil.com.br\/loja-virtual\/wp-content\/uploads\/2019\/05\/home-ebook-plantas-do-brasil-arvores-nativas-vol1.jpg\" width=\"200px\"><\/h4>\n<\/div>\n<div style=\"float: right;  background: #ffffff; margin: 5px; padding: 5px;\">\n<p><strong>PLANTAS DO BRASIL &#8211; \u00c1RVORES NATIVAS Vol.1<\/strong><\/p>\n<p>Um Guia Detalhado para a Identifica\u00e7\u00e3o de \u00c1rvores do Brasil<\/p>\n<p><a href=\"https:\/\/www.editoraplantasdobrasil.com.br\/loja-virtual\/ebook-plantas-do-brasil-arvores-nativas-vol-1\/\"><img decoding=\"async\" src=\"https:\/\/www.editoraplantasdobrasil.com.br\/loja-virtual\/wp-content\/uploads\/2019\/05\/saiba-mais.png\" width=\"100px\"><\/a><\/p>\n<\/div>\n<\/div>\n<p><center><\/p>\n<h1>+<\/h1>\n<p><\/center><\/p>\n<div style=\"float: left; width: 100%; border: solid black 1px; background: #ffffff; margin: 10px; padding: 10px;\">\n<div style=\"float: left;  background: #ffffff; margin: 5px; padding: 5px;\">\n<h4><img decoding=\"async\" src=\"https:\/\/www.editoraplantasdobrasil.com.br\/loja-virtual\/wp-content\/uploads\/2019\/05\/home-ebook-plantas-do-brasil-especies-ornamentais-vol1.jpg\" width=\"200px\"><\/h4>\n<\/div>\n<div style=\"float: right;  background: #ffffff; margin: 5px; padding: 5px;\">\n<p><strong>PLANTAS DO BRASIL &#8211; ESP\u00c9CIES ORNAMENTAIS Vol.1<\/strong><\/p>\n<p>Um Guia Detalhado para a Identifica\u00e7\u00e3o e Cultivo de Plantas <br \/>Ornamentais no Brasil<\/p>\n<p><a href=\"https:\/\/www.editoraplantasdobrasil.com.br\/loja-virtual\/ebook-plantas-do-brasil-especies-ornamentais-vol-1\/\"><img decoding=\"async\" src=\"https:\/\/www.editoraplantasdobrasil.com.br\/loja-virtual\/wp-content\/uploads\/2019\/05\/saiba-mais.png\" width=\"100px\"><\/a><\/p>\n<\/div>\n<\/div>\n<p><center><\/p>\n<h1>+<\/h1>\n<p><\/center><\/p>\n<div style=\"float: left; width: 100%; border: solid black 1px; background: #ffffff; margin: 10px; padding: 10px;\">\n<div style=\"float: left;  background: #ffffff; margin: 5px; padding: 5px;\">\n<h4><img decoding=\"async\" src=\"https:\/\/www.editoraplantasdobrasil.com.br\/loja-virtual\/wp-content\/uploads\/2019\/05\/home-ebook-manual_de_dendrologia.jpg\" width=\"200px\"><\/h4>\n<\/div>\n<div style=\"float: right;  background: #ffffff; margin: 5px; padding: 5px;\">\n<p><strong>MANUAL DE DENDROLOGIA<\/strong><\/p>\n<p>Um Guia Ilustrado de Morfologia e Taxonomia de \u00c1rvores&nbsp;&nbsp;&nbsp;&nbsp;<br \/> Brasileiras<\/p>\n<p><a href=\"https:\/\/www.editoraplantasdobrasil.com.br\/loja-virtual\/ebook-manual-de-dendrologia\/\"><img decoding=\"async\" src=\"https:\/\/www.editoraplantasdobrasil.com.br\/loja-virtual\/wp-content\/uploads\/2019\/05\/saiba-mais.png\" width=\"100px\"><\/a><\/p>\n<\/div>\n<\/div>\n<p>&nbsp;<\/p>\n<div style=\"text-align: center;\">\n<img decoding=\"async\" src=\"https:\/\/www.editoraplantasdobrasil.com.br\/loja-virtual\/wp-content\/uploads\/2019\/05\/seta_vermelha.png\" \/>\n<\/div>\n<div style=\"clear: both;\"><\/div>\n<p><!--\n\n\n<h2 style=\"text-align: center;\"><strong><span style=\"color: #ff0000;\">Promo\u00e7\u00e3o!<\/span><\/strong><\/h2>\n\n\n--><\/p>\n<p><center><\/p>\n<h3><font color=\"red\"><strong>50% de desconto! <\/strong><\/font><\/p>\n<h3>\n<\/center><\/p>\n<p><center><\/p>\n<h3>HOJE os 3 eBooks<\/h3>\n<p><\/center><\/p>\n<h3 style=\"text-align: center;\">de <s><strong><span style=\"color: #359200; font-size: 26px;\">R$147,00<\/span><\/strong><\/s> por <center>apenas <strong><span style=\"color: #359200; font-size: 48px;\">R$73,50<\/span><\/strong><\/h3>\n<p><\/center><\/p>\n<p><center><\/p>\n<p><i>Pague em at\u00e9 <strong>11x<\/strong><\/i><\/p>\n<p><\/center><\/p>\n<div style=\"clear: both;\"><\/div>\n<p><center><br \/>\n<!--\n\n\n<p><font color=\"red\"><strong>FRETE GR\u00c1TIS<\/strong> *<\/font>\n\n<p>\n--><\/p>\n<p align=\"center\"><a href=\"https:\/\/www.editoraplantasdobrasil.com.br\/loja-virtual\/?add-to-cart=1051\" title=\"Clique aqui para comprar os 3 eBooks com 50% de desnconto!\"><img decoding=\"async\" src=\"https:\/\/www.editoraplantasdobrasil.com.br\/loja-virtual\/wp-content\/uploads\/2019\/05\/comprar.gif\" \/><\/a><\/p>\n<p><img decoding=\"async\" src=\"https:\/\/www.editoraplantasdobrasil.com.br\/loja-virtual\/wp-content\/uploads\/2019\/05\/ambiente_seguro.jpg\"><\/p>\n<p><!--\n\n<p>Para comprar via smartphone <a href=\"https:\/\/pag.ae\/bcs6nw9\" target=\"_blank\" title=\"Clique aqui para comprar o eBook: Plantas do Brasil - Esp\u00e9cies Ornamentais Vol.1\" rel=\"noopener noreferrer\">CLIQUE AQUI<\/a>.--><\/p>\n<p><!--\n\n\n<div style=\"color: navy; background-color: pink; border: 2px solid blue; padding: 5px;\">\n\n\n<h4><font color=\"red\"><strong>* HOJE com FRETE GR\u00c1TIS para todo o pa\u00eds!<\/strong><\/font><\/h4>\n\n\n<\/div>\n\n\n--><\/p>\n<p><\/center><\/p>\n<div style=\"clear: both;\"><\/div>\n<p>&nbsp;&nbsp;<\/p>\n<div style=\"clear: both;\"><\/div>\n<p>&nbsp;&nbsp;<\/p>\n","protected":false},"excerpt":{"rendered":"<p>Hoje com 50% de Desconto! PLANTAS DO BRASIL &#8211; \u00c1RVORES NATIVAS Vol.1 Um Guia Detalhado para a Identifica\u00e7\u00e3o de \u00c1rvores do Brasil + PLANTAS DO BRASIL &#8211; ESP\u00c9CIES ORNAMENTAIS Vol.1 Um Guia Detalhado para a Identifica\u00e7\u00e3o e Cultivo de Plantas Ornamentais no Brasil + MANUAL DE DENDROLOGIA Um Guia Ilustrado de Morfologia e Taxonomia de [&hellip;]<\/p>\n","protected":false},"author":1,"featured_media":0,"parent":0,"menu_order":0,"comment_status":"closed","ping_status":"closed","template":"","meta":{"content-type":"","_exactmetrics_skip_tracking":false,"_exactmetrics_sitenote_active":false,"_exactmetrics_sitenote_note":"","_exactmetrics_sitenote_category":0,"footnotes":""},"class_list":["post-8476","page","type-page","status-publish","hentry"],"_links":{"self":[{"href":"https:\/\/editoraplantasdobrasil.com.br\/loja-virtual\/wp-json\/wp\/v2\/pages\/8476","targetHints":{"allow":["GET"]}}],"collection":[{"href":"https:\/\/editoraplantasdobrasil.com.br\/loja-virtual\/wp-json\/wp\/v2\/pages"}],"about":[{"href":"https:\/\/editoraplantasdobrasil.com.br\/loja-virtual\/wp-json\/wp\/v2\/types\/page"}],"author":[{"embeddable":true,"href":"https:\/\/editoraplantasdobrasil.com.br\/loja-virtual\/wp-json\/wp\/v2\/users\/1"}],"replies":[{"embeddable":true,"href":"https:\/\/editoraplantasdobrasil.com.br\/loja-virtual\/wp-json\/wp\/v2\/comments?post=8476"}],"version-history":[{"count":1,"href":"https:\/\/editoraplantasdobrasil.com.br\/loja-virtual\/wp-json\/wp\/v2\/pages\/8476\/revisions"}],"predecessor-version":[{"id":8478,"href":"https:\/\/editoraplantasdobrasil.com.br\/loja-virtual\/wp-json\/wp\/v2\/pages\/8476\/revisions\/8478"}],"wp:attachment":[{"href":"https:\/\/editoraplantasdobrasil.com.br\/loja-virtual\/wp-json\/wp\/v2\/media?parent=8476"}],"curies":[{"name":"wp","href":"https:\/\/api.w.org\/{rel}","templated":true}]}}