{"id":9683,"date":"2024-07-22T15:04:03","date_gmt":"2024-07-22T18:04:03","guid":{"rendered":"https:\/\/www.editoraplantasdobrasil.com.br\/loja-virtual\/?page_id=9683"},"modified":"2025-08-21T22:56:15","modified_gmt":"2025-08-22T01:56:15","slug":"nomenclatura-botanica","status":"publish","type":"page","link":"https:\/\/editoraplantasdobrasil.com.br\/loja-virtual\/nomenclatura-botanica\/","title":{"rendered":"Nomenclatura Bot\u00e2nica"},"content":{"rendered":"<p><center><\/p>\n<p><img decoding=\"async\" src=\"https:\/\/www.editoraplantasdobrasil.com.br\/loja-virtual\/wp-content\/uploads\/2024\/07\/nomenclatura-botanica-site.jpg\" width=\"500px\"\/><\/p>\n<h4>ORIGENS, SIGNIFICADOS E PRON\u00daNCIAS<\/h4>\n<p>&nbsp;<\/p>\n<div style=\"text-align: center; padding: 5px; border-style: groove;  border-color: #B59C7F;  border-width: 3px;\">\nExplore as origens, descubra os significados por tr\u00e1s dos nomes de milhares de plantas brasileiras e aprenda a pronunci\u00e1-los corretamente!\n<\/div>\n<p>&nbsp;<\/p>\n<p><\/center><\/p>\n<div style=\"clear: both;\"><\/div>\n<p>&nbsp;&nbsp;<\/p>\n<div style=\"text-align: center;\">\n<img decoding=\"async\" src=\"https:\/\/www.editoraplantasdobrasil.com.br\/loja-virtual\/wp-content\/uploads\/2019\/05\/seta_vermelha.png\" \/>\n<\/div>\n<div style=\"clear: both;\"><\/div>\n<p><!--<center>\n\n\n<h3><font color=\"#FF0000\">Oferta Especial!<\/font><\/h3>\n\n\n<\/center>\n--><\/p>\n<p><center><\/p>\n<h3><font color=\"#FF0000\">\u00daLTIMO EXEMPLARES desta 1\u00aa edi\u00e7\u00e3o!<\/font><\/h3>\n<p><!--\n\n<h2 style=\"text-align: center;\"><strong><span style=\"color: #4CD586; background: #000000;\">\ud83e\udd42Promo\u00e7\u00e3o de ANO NOVO\ud83e\udd42<\/span><\/strong><\/h2>\n\n--><br \/>\n<\/center><\/p>\n<div style=\"clear: both;\"><\/div>\n<h3 style=\"text-align: center;\"><!--de <s><strong><span style=\"color: #16A086; font-size: 26px;\">R$249,00<\/span><\/strong><\/s> <br \/>por--> apenas <strong><span style=\"color: #359200; font-size: 40px;\">R$229,00<\/span><\/strong> <br \/><!--<span style=\"color: #555555; font-size: 16px;\">+ R$23,35 do frete<\/span>--><\/h3>\n<p><center><\/p>\n<p><i>Pague em at\u00e9 <strong>12x<\/strong><\/i><\/p>\n<p><\/center><\/p>\n<div style=\"clear: both;\"><\/div>\n<p>&nbsp;&nbsp;<br \/>\n<center><\/p>\n<h3><font color=\"#FF0000\">Hoje com <strong>FRETE GR\u00c1TIS<\/strong> para todo o pa\u00eds!<\/font><\/h3>\n<p>&nbsp;<\/p>\n<p align=\"center\"><a href=\"https:\/\/www.editoraplantasdobrasil.com.br\/loja-virtual\/vitrine\/?add-to-cart=9718\" title=\"Clique aqui para comprar o livro: Nomenclatura Bot\u00e2nica\"><img decoding=\"async\" src=\"https:\/\/www.editoraplantasdobrasil.com.br\/loja-virtual\/wp-content\/uploads\/2019\/05\/comprar.gif\" \/><\/a><\/p>\n<p><img decoding=\"async\" src=\"https:\/\/www.editoraplantasdobrasil.com.br\/loja-virtual\/wp-content\/uploads\/2019\/05\/ambiente_seguro.jpg\"><\/p>\n<p><!--\n\n<p>* Oferta v\u00e1lida apenas para quem adquirir hoje!<\/p>\n\n--><\/p>\n<p><\/center><\/p>\n<div style=\"clear: both;\"><\/div>\n<p>&nbsp;&nbsp;<\/p>\n<h3>Apresenta\u00e7\u00e3o<\/h3>\n<p>Este livro &#8211; <strong>Nomenclatura Bot\u00e2nica<\/strong> &#8211; oferece uma vis\u00e3o abrangente sobre a evolu\u00e7\u00e3o e os princ\u00edpios que regem a atribui\u00e7\u00e3o de nomes cient\u00edficos \u00e0s plantas. Al\u00e9m disso, aborda detalhadamente a etimologia e a pron\u00fancia dos nomes bot\u00e2nicos, revelando aspectos fascinantes e pouco conhecidos.<\/p>\n<p>A obra \u00e9 dividida em tr\u00eas partes: Origens, Significados e Pron\u00fancias. Na primeira parte, dedicada \u00e0s <strong>Origens<\/strong>, explora-se a evolu\u00e7\u00e3o hist\u00f3rica da nomenclatura bot\u00e2nica, desde os prim\u00f3rdios da humanidade at\u00e9 os dias atuais. Estes cap\u00edtulos iniciais abrangem o desenvolvimento da nomenclatura desde Teofrasto, passando pela revolu\u00e7\u00e3o iniciada por Lineu, at\u00e9 os avan\u00e7os significativos durante o Renascimento e os c\u00f3digos de nomenclatura moderna.<\/p>\n<p>No cap\u00edtulo dedicado aos <strong>Significados<\/strong>, as etimologias dos nomes cient\u00edficos s\u00e3o minuciosamente exploradas, revelando os segredos por tr\u00e1s de milhares de nomes gen\u00e9ricos e ep\u00edtetos espec\u00edficos empregados na nomenclatura das plantas brasileiras. A etimologia n\u00e3o apenas enriquece a compreens\u00e3o dos nomes cient\u00edficos, mas tamb\u00e9m entrela\u00e7a hist\u00f3rias e caracter\u00edsticas que os inspiram, revelando a identidade \u00fanica de cada planta.<\/p>\n<p>A parte de <strong>Pron\u00fancias<\/strong> aborda as regras de pron\u00fancia e as particularidades do latim cient\u00edfico, oferecendo uma an\u00e1lise detalhada da fonologia das vogais, consoantes, encontros voc\u00e1licos e consonantais, al\u00e9m dos radicais e sufixos, que s\u00e3o determinantes da tonicidade em muitas palavras. Este cap\u00edtulo \u00e9 fundamental para aqueles que desejam aprender a pronunciar corretamente os nomes cient\u00edficos, garantindo maior confian\u00e7a e credibilidade.<\/p>\n<p>Mais do que um guia t\u00e9cnico, \u00e9 uma homenagem \u00e0 diversidade e \u00e0 beleza do mundo vegetal. Espera-se que esta obra inspire profissionais, estudantes e entusiastas a apreciar a riqueza da nomenclatura cient\u00edfica e a import\u00e2ncia de um sistema universalmente reconhecido para a identifica\u00e7\u00e3o e conserva\u00e7\u00e3o das plantas.<\/p>\n<p>&nbsp;&nbsp;<\/p>\n<p><!--\n\n\n<h3>Imagens<\/h3>\n\n\n<center>\n[gallery size=\"marge\" ids=\"9701\"]\n<\/center>\n<br \/>\n--><\/p>\n<p><!--\n\n\n<h3>Imagens<\/h3>\n\n\n<center>\n[gallery size=\"marge\" ids=\"4437\"]\n[gallery size=\"large\" ids=\"4477,4476\"]\n<\/center>\n<br \/>\n--><\/p>\n<h3>Especifica\u00e7\u00f5es<\/h3>\n<p>ISBN 978-65-992399-6-0<br \/>\nAutores: Daniel Saueressig<\/p>\n<ul>\n<li>Tamanho 21 x 30 cm;<\/li>\n<li>N\u00famero total de p\u00e1ginas: 322;<\/li>\n<li>Impresso em papel offset 90 g;<\/li>\n<li>Encaderna\u00e7\u00e3o em capa dura;<\/li>\n<\/ul>\n<p>&nbsp;&nbsp;<\/p>\n<h3>Sum\u00e1rio<\/h3>\n<ol>\n<li aria-level=\"1\"><b>Introdu\u00e7\u00e3o \u00e0 Nomenclatura Bot\u00e2nica<\/b>\n<ol>\n<li aria-level=\"2\">Rela\u00e7\u00e3o com a Taxonomia<\/li>\n<\/ol>\n<\/li>\n<li aria-level=\"1\"><b>Origens da Nomenclatura Bot\u00e2nica<\/b>\n<ol>\n<li aria-level=\"2\">Prim\u00f3rdios<\/li>\n<li aria-level=\"2\">De Teofrasto \u00e0 Idade M\u00e9dia<\/li>\n<li aria-level=\"2\">Renascimento<\/li>\n<li aria-level=\"2\">Lineu e a Era Lineana<\/li>\n<li aria-level=\"2\">Influ\u00eancia do Darwinismo<\/li>\n<li aria-level=\"2\">Fen\u00e9tica x Filogen\u00e9tica x Clad\u00edstica<\/li>\n<\/ol>\n<\/li>\n<li aria-level=\"1\"><b>O Conceito de Esp\u00e9cie<\/b>\n<ol>\n<li aria-level=\"2\">Especia\u00e7\u00e3o<\/li>\n<li aria-level=\"2\">T\u00e1xons Infra-Espec\u00edficos<\/li>\n<\/ol>\n<\/li>\n<li aria-level=\"1\"><b>Princ\u00edpios da Nomenclatura Bot\u00e2nica<\/b>\n<ol>\n<li aria-level=\"2\">C\u00f3digos de Nomenclatura Bot\u00e2nica<\/li>\n<li aria-level=\"2\">Hierarquia Taxon\u00f4mica<\/li>\n<li aria-level=\"2\">Tipos Nomenclaturais<\/li>\n<li aria-level=\"2\">O Princ\u00edpio da Prioridade<\/li>\n<\/ol>\n<\/li>\n<li aria-level=\"1\"><b>Import\u00e2ncia da Nomenclatura Bot\u00e2nica<\/b>\n<ol>\n<li aria-level=\"2\">Desafios e Controv\u00e9rsias<\/li>\n<li aria-level=\"2\">Avan\u00e7os Tecnol\u00f3gicos<\/li>\n<li aria-level=\"2\">Tend\u00eancias Futuras<\/li>\n<\/ol>\n<\/li>\n<li aria-level=\"1\"><b>Significados dos Nomes Cient\u00edficos<\/b>\n<ol>\n<li aria-level=\"2\">Nomes Gen\u00e9ricos<\/li>\n<li aria-level=\"2\">Ep\u00edtetos Espec\u00edficos<\/li>\n<\/ol>\n<\/li>\n<li aria-level=\"1\"><b>Pron\u00fancias<\/b>\n<ol>\n<li aria-level=\"2\">Alfabeto Latino e Fonologia<\/li>\n<li aria-level=\"2\">Alfabeto Fon\u00e9tico Internacional<\/li>\n<li aria-level=\"2\">Vogais<\/li>\n<li aria-level=\"2\">Consoantes<\/li>\n<li aria-level=\"2\">Encontros Voc\u00e1licos<\/li>\n<li aria-level=\"2\">Encontros Consonantais<\/li>\n<li aria-level=\"2\">Radicais e Afixos<\/li>\n<li aria-level=\"2\">S\u00edlaba T\u00f4nica<\/li>\n<\/ol>\n<\/li>\n<li aria-level=\"1\"><b>Refer\u00eancias<\/b><\/li>\n<\/ol>\n<p>&nbsp;<\/p>\n<p><!--\n\n\n\n\n<h3>Coment\u00e1rios<\/h3>\n\n\n\n\n<div class=\"BlockContent\"><a id=\"write_review\"><\/a>\n\n\n<ol class=\"ProductReviewList\">\n\n\n\n         \n\n<li class=\"Alt\">\n\n\n<h4 class=\"ReviewTitle\">J\u00e1 estou no aguardo do segundo volume<img loading=\"lazy\" decoding=\"async\" src=\"https:\/\/www.editoraplantasdobrasil.com.br\/loja-virtual\/wp-content\/uploads\/2019\/05\/stars.gif\" alt=\"\" width=\"64\" height=\"12\" \/><\/h4>\n\n\n\n\n<p class=\"Meta\">Postado por Alvaro Iber\u00ea <\/p>\n\n\nOl\u00e1! Estou aqui pra parabenizar os autores e a Editora. Recebi o primeiro volume Flora do Brasil em Imagens, muito bom material, de f\u00e1cil interpreta\u00e7\u00e3o e suas fotografias s\u00e3o \u00f3timas. Parab\u00e9ns! Abra\u00e7o a todos.\n\n\n\n<hr \/>\n\n\n\n<\/li>\n\n\n\n\n\n\n  \n\n<li class=\"Alt\">\n\n\n<h4 class=\"ReviewTitle\">Ol\u00e1!<img loading=\"lazy\" decoding=\"async\" src=\"https:\/\/www.editoraplantasdobrasil.com.br\/loja-virtual\/wp-content\/uploads\/2019\/05\/stars.gif\" alt=\"\" width=\"64\" height=\"12\" \/><\/h4>\n\n\n\n\n<p class=\"Meta\">Postado por Reinaldo Alves de Castro<\/p>\n\n\nNosssaaaaaa que livro \u00f3timo. Tem v\u00e1rias plantas diferentes. Estava faltando no mercado livros que tivessem plantas arbustivas, arvoretas e herb\u00e1ceas. Espero que os outros volumes continuem assim.\n\n\n\n<hr \/>\n\n\n\n<\/li>\n\n\n\n\n\n\n\n  \n\n<li class=\"Alt\">\n\n\n<h4 class=\"ReviewTitle\">Recebi o meu presente ontem!<img loading=\"lazy\" decoding=\"async\" src=\"https:\/\/www.editoraplantasdobrasil.com.br\/loja-virtual\/wp-content\/uploads\/2019\/05\/stars.gif\" alt=\"\" width=\"64\" height=\"12\" \/><\/h4>\n\n\n\n\n<p class=\"Meta\">Postado por Elci Vieira <\/p>\n\n\nLindo e interessante o trabalho, contendo fotos e informa\u00e7\u00f5es importantes para quem gosta do estudo da flora no Brasil, com mapa das regi\u00f5es mostrando onde as esp\u00e9cies s\u00e3o nativas. Parab\u00e9ns a todos! Ainda estou no come\u00e7o da leitura, mas, como gosto de aquarelar, principalmente flores, creio que ser\u00e1 enriquecedor!\n\n\n\n<hr \/>\n\n\n\n<\/li>\n\n\n\n\n\n\n\n\n  \n\n<li class=\"Alt\">\n\n\n<h4 class=\"ReviewTitle\">Eu amei de verdade!!!!<img loading=\"lazy\" decoding=\"async\" src=\"https:\/\/www.editoraplantasdobrasil.com.br\/loja-virtual\/wp-content\/uploads\/2019\/05\/stars.gif\" alt=\"\" width=\"64\" height=\"12\" \/><\/h4>\n\n\n\n\n<p class=\"Meta\">Postado por Joaquim Bicudo<\/p>\n\n\nTem informa\u00e7\u00f5es muito \u00fateis de plantas que comumente vemos nas nossas matas, campos e cerrados e pouco sabemos a respeito. O livro supre essa lacuna em muitos aspectos!!!! Parab\u00e9ns mesmo!!!!!\n\n\n\n<hr \/>\n\n\n\n<\/li>\n\n\n\n\n--><\/p>\n<div style=\"text-align: center;\">\n<img decoding=\"async\" src=\"https:\/\/www.editoraplantasdobrasil.com.br\/loja-virtual\/wp-content\/uploads\/2019\/05\/seta_vermelha.png\" \/>\n<\/div>\n<div style=\"clear: both;\"><\/div>\n<p><!--<center>\n\n\n<h3><font color=\"#FF0000\">Oferta Especial!<\/font><\/h3>\n\n\n<\/center>\n--><\/p>\n<p><center><\/p>\n<h3><font color=\"#FF0000\">\u00daLTIMO EXEMPLARES desta 1\u00aa edi\u00e7\u00e3o!<\/font><\/h3>\n<p><!--\n\n<h2 style=\"text-align: center;\"><strong><span style=\"color: #4CD586; background: #000000;\">\ud83e\udd42Promo\u00e7\u00e3o de ANO NOVO\ud83e\udd42<\/span><\/strong><\/h2>\n\n--><br \/>\n<\/center><\/p>\n<div style=\"clear: both;\"><\/div>\n<h3 style=\"text-align: center;\"><!--de <s><strong><span style=\"color: #16A086; font-size: 26px;\">R$249,00<\/span><\/strong><\/s> <br \/>por--> apenas <strong><span style=\"color: #359200; font-size: 40px;\">R$229,00<\/span><\/strong> <br \/><!--<span style=\"color: #555555; font-size: 16px;\">+ R$23,35 do frete<\/span>--><\/h3>\n<p><center><\/p>\n<p><i>Pague em at\u00e9 <strong>12x<\/strong><\/i><\/p>\n<p><\/center><\/p>\n<div style=\"clear: both;\"><\/div>\n<p>&nbsp;&nbsp;<br \/>\n<center><\/p>\n<h3><font color=\"#FF0000\">Hoje com <strong>FRETE GR\u00c1TIS<\/strong> para todo o pa\u00eds!<\/font><\/h3>\n<p>&nbsp;<\/p>\n<p align=\"center\"><a href=\"https:\/\/www.editoraplantasdobrasil.com.br\/loja-virtual\/vitrine\/?add-to-cart=9718\" title=\"Clique aqui para comprar o livro: Nomenclatura Bot\u00e2nica\"><img decoding=\"async\" src=\"https:\/\/www.editoraplantasdobrasil.com.br\/loja-virtual\/wp-content\/uploads\/2019\/05\/comprar.gif\" \/><\/a><\/p>\n<p><img decoding=\"async\" src=\"https:\/\/www.editoraplantasdobrasil.com.br\/loja-virtual\/wp-content\/uploads\/2019\/05\/ambiente_seguro.jpg\"><\/p>\n<p><!--\n\n<p>* Oferta v\u00e1lida apenas para quem adquirir hoje!<\/p>\n\n--><br \/>\n<\/center><\/p>\n<div style=\"clear: both;\"><\/div>\n<p>&nbsp;&nbsp;<\/p>\n<p><center><\/p>\n<h3>D\u00favidas? Fale Conosco!<\/h3>\n<p><a href=\"https:\/\/api.whatsapp.com\/send?phone=5542999752772\" target=\"_blank\" rel=\"noopener noreferrer\">42 99975-2772<\/a> (Telefone e WhatsApp)<\/p>\n<p><a href=\"https:\/\/www.editoraplantasdobrasil.com.br\/loja-virtual\/fale-conosco\/\" title=\"Fale Conosco\" alt=\"Fale Conosco\"> Formul\u00e1rio de Contato<\/a><\/p>\n<p><\/center><\/p>\n","protected":false},"excerpt":{"rendered":"<p>ORIGENS, SIGNIFICADOS E PRON\u00daNCIAS &nbsp; Explore as origens, descubra os significados por tr\u00e1s dos nomes de milhares de plantas brasileiras e aprenda a pronunci\u00e1-los corretamente! &nbsp; &nbsp;&nbsp; \u00daLTIMO EXEMPLARES desta 1\u00aa edi\u00e7\u00e3o! apenas R$229,00 Pague em at\u00e9 12x &nbsp;&nbsp; Hoje com FRETE GR\u00c1TIS para todo o pa\u00eds! &nbsp; &nbsp;&nbsp; Apresenta\u00e7\u00e3o Este livro &#8211; Nomenclatura Bot\u00e2nica [&hellip;]<\/p>\n","protected":false},"author":1,"featured_media":0,"parent":0,"menu_order":0,"comment_status":"closed","ping_status":"closed","template":"","meta":{"content-type":"","_exactmetrics_skip_tracking":false,"_exactmetrics_sitenote_active":false,"_exactmetrics_sitenote_note":"","_exactmetrics_sitenote_category":0,"footnotes":""},"class_list":["post-9683","page","type-page","status-publish","hentry"],"_links":{"self":[{"href":"https:\/\/editoraplantasdobrasil.com.br\/loja-virtual\/wp-json\/wp\/v2\/pages\/9683","targetHints":{"allow":["GET"]}}],"collection":[{"href":"https:\/\/editoraplantasdobrasil.com.br\/loja-virtual\/wp-json\/wp\/v2\/pages"}],"about":[{"href":"https:\/\/editoraplantasdobrasil.com.br\/loja-virtual\/wp-json\/wp\/v2\/types\/page"}],"author":[{"embeddable":true,"href":"https:\/\/editoraplantasdobrasil.com.br\/loja-virtual\/wp-json\/wp\/v2\/users\/1"}],"replies":[{"embeddable":true,"href":"https:\/\/editoraplantasdobrasil.com.br\/loja-virtual\/wp-json\/wp\/v2\/comments?post=9683"}],"version-history":[{"count":97,"href":"https:\/\/editoraplantasdobrasil.com.br\/loja-virtual\/wp-json\/wp\/v2\/pages\/9683\/revisions"}],"predecessor-version":[{"id":12635,"href":"https:\/\/editoraplantasdobrasil.com.br\/loja-virtual\/wp-json\/wp\/v2\/pages\/9683\/revisions\/12635"}],"wp:attachment":[{"href":"https:\/\/editoraplantasdobrasil.com.br\/loja-virtual\/wp-json\/wp\/v2\/media?parent=9683"}],"curies":[{"name":"wp","href":"https:\/\/api.w.org\/{rel}","templated":true}]}}