{"id":10612,"date":"2024-11-27T23:41:53","date_gmt":"2024-11-28T02:41:53","guid":{"rendered":"https:\/\/www.editoraplantasdobrasil.com.br\/loja-virtual\/?post_type=product&#038;p=10612"},"modified":"2025-01-14T14:02:29","modified_gmt":"2025-01-14T17:02:29","slug":"curso-online-de-pronuncia-de-nomes-cientificos","status":"publish","type":"product","link":"https:\/\/editoraplantasdobrasil.com.br\/loja-virtual\/product\/curso-online-de-pronuncia-de-nomes-cientificos\/","title":{"rendered":"Curso &#8216;online&#8217; de Pron\u00fancia de Nomes Cient\u00edficos"},"content":{"rendered":"","protected":false},"excerpt":{"rendered":"<p>Mais informa\u00e7\u00f5es em:<\/p>\n<p><a href=\"https:\/\/www.editoraplantasdobrasil.com.br\/pronuncia-de-nomes-cientificos\/\" target=\"_blank\" rel=\"noopener\">https:\/\/www.editoraplantasdobrasil.com.br\/pronuncia-de-nomes-cientificos\/<\/a><\/p>\n","protected":false},"featured_media":10613,"template":"","meta":{"content-type":"","_exactmetrics_skip_tracking":false,"_exactmetrics_sitenote_active":false,"_exactmetrics_sitenote_note":"","_exactmetrics_sitenote_category":0},"product_brand":[],"product_cat":[18],"product_tag":[],"class_list":{"0":"post-10612","1":"product","2":"type-product","3":"status-publish","4":"has-post-thumbnail","6":"product_cat-uncategorized","8":"first","9":"instock","10":"sale","11":"virtual","12":"purchasable","13":"product-type-simple"},"_links":{"self":[{"href":"https:\/\/editoraplantasdobrasil.com.br\/loja-virtual\/wp-json\/wp\/v2\/product\/10612","targetHints":{"allow":["GET"]}}],"collection":[{"href":"https:\/\/editoraplantasdobrasil.com.br\/loja-virtual\/wp-json\/wp\/v2\/product"}],"about":[{"href":"https:\/\/editoraplantasdobrasil.com.br\/loja-virtual\/wp-json\/wp\/v2\/types\/product"}],"wp:featuredmedia":[{"embeddable":true,"href":"https:\/\/editoraplantasdobrasil.com.br\/loja-virtual\/wp-json\/wp\/v2\/media\/10613"}],"wp:attachment":[{"href":"https:\/\/editoraplantasdobrasil.com.br\/loja-virtual\/wp-json\/wp\/v2\/media?parent=10612"}],"wp:term":[{"taxonomy":"product_brand","embeddable":true,"href":"https:\/\/editoraplantasdobrasil.com.br\/loja-virtual\/wp-json\/wp\/v2\/product_brand?post=10612"},{"taxonomy":"product_cat","embeddable":true,"href":"https:\/\/editoraplantasdobrasil.com.br\/loja-virtual\/wp-json\/wp\/v2\/product_cat?post=10612"},{"taxonomy":"product_tag","embeddable":true,"href":"https:\/\/editoraplantasdobrasil.com.br\/loja-virtual\/wp-json\/wp\/v2\/product_tag?post=10612"}],"curies":[{"name":"wp","href":"https:\/\/api.w.org\/{rel}","templated":true}]}}