{"id":12482,"date":"2025-12-17T13:58:27","date_gmt":"2025-12-17T16:58:27","guid":{"rendered":"https:\/\/www.editoraplantasdobrasil.com.br\/loja-virtual\/?post_type=product&#038;p=12482"},"modified":"2025-12-17T14:02:09","modified_gmt":"2025-12-17T17:02:09","slug":"ebook-dendrologia-o-estudo-das-arvores","status":"publish","type":"product","link":"https:\/\/editoraplantasdobrasil.com.br\/loja-virtual\/product\/ebook-dendrologia-o-estudo-das-arvores\/","title":{"rendered":"eBook: DENDROLOGIA: O estudo das \u00e1rvores"},"content":{"rendered":"","protected":false},"excerpt":{"rendered":"<p>Mais informa\u00e7\u00f5es em:<\/p>\n<p><a href=\"https:\/\/www.editoraplantasdobrasil.com.br\/loja-virtual\/ebook-dendrologia-o-estudo-das-arvores\/\">https:\/\/www.editoraplantasdobrasil.com.br\/loja-virtual\/ebook-dendrologia-o-estudo-das-arvores\/<\/a><\/p>\n","protected":false},"featured_media":12468,"template":"","meta":{"content-type":"","_exactmetrics_skip_tracking":false,"_exactmetrics_sitenote_active":false,"_exactmetrics_sitenote_note":"","_exactmetrics_sitenote_category":0},"product_brand":[],"product_cat":[18],"product_tag":[],"class_list":{"0":"post-12482","1":"product","2":"type-product","3":"status-publish","4":"has-post-thumbnail","6":"product_cat-uncategorized","8":"first","9":"instock","10":"virtual","11":"purchasable","12":"product-type-simple"},"_links":{"self":[{"href":"https:\/\/editoraplantasdobrasil.com.br\/loja-virtual\/wp-json\/wp\/v2\/product\/12482","targetHints":{"allow":["GET"]}}],"collection":[{"href":"https:\/\/editoraplantasdobrasil.com.br\/loja-virtual\/wp-json\/wp\/v2\/product"}],"about":[{"href":"https:\/\/editoraplantasdobrasil.com.br\/loja-virtual\/wp-json\/wp\/v2\/types\/product"}],"wp:featuredmedia":[{"embeddable":true,"href":"https:\/\/editoraplantasdobrasil.com.br\/loja-virtual\/wp-json\/wp\/v2\/media\/12468"}],"wp:attachment":[{"href":"https:\/\/editoraplantasdobrasil.com.br\/loja-virtual\/wp-json\/wp\/v2\/media?parent=12482"}],"wp:term":[{"taxonomy":"product_brand","embeddable":true,"href":"https:\/\/editoraplantasdobrasil.com.br\/loja-virtual\/wp-json\/wp\/v2\/product_brand?post=12482"},{"taxonomy":"product_cat","embeddable":true,"href":"https:\/\/editoraplantasdobrasil.com.br\/loja-virtual\/wp-json\/wp\/v2\/product_cat?post=12482"},{"taxonomy":"product_tag","embeddable":true,"href":"https:\/\/editoraplantasdobrasil.com.br\/loja-virtual\/wp-json\/wp\/v2\/product_tag?post=12482"}],"curies":[{"name":"wp","href":"https:\/\/api.w.org\/{rel}","templated":true}]}}