{"id":13424,"date":"2026-05-04T19:43:45","date_gmt":"2026-05-04T22:43:45","guid":{"rendered":"https:\/\/editoraplantasdobrasil.com.br\/loja-virtual\/?post_type=product&#038;p=13424"},"modified":"2026-05-05T23:55:33","modified_gmt":"2026-05-06T02:55:33","slug":"flora-do-mata-atlantica-vol-1","status":"publish","type":"product","link":"https:\/\/editoraplantasdobrasil.com.br\/loja-virtual\/product\/flora-do-mata-atlantica-vol-1\/","title":{"rendered":"Flora da Mata Atl\u00e2ntica Vol.1"},"content":{"rendered":"","protected":false},"excerpt":{"rendered":"<p>Mais informa\u00e7\u00f5es em:<\/p>\n<p><a href=\"https:\/\/www.editoraplantasdobrasil.com.br\/loja-virtual\/flora-do-cerrado-vol-1\/\">https:\/\/www.editoraplantasdobrasil.com.br\/loja-virtual\/flora-do-cerrado-vol-1\/<\/a><\/p>\n","protected":false},"featured_media":13410,"template":"","meta":{"content-type":"","_exactmetrics_skip_tracking":false,"_exactmetrics_sitenote_active":false,"_exactmetrics_sitenote_note":"","_exactmetrics_sitenote_category":0},"product_brand":[],"product_cat":[18],"product_tag":[],"class_list":{"0":"post-13424","1":"product","2":"type-product","3":"status-publish","4":"has-post-thumbnail","6":"product_cat-uncategorized","8":"first","9":"instock","10":"sale","11":"virtual","12":"purchasable","13":"product-type-simple"},"_links":{"self":[{"href":"https:\/\/editoraplantasdobrasil.com.br\/loja-virtual\/wp-json\/wp\/v2\/product\/13424","targetHints":{"allow":["GET"]}}],"collection":[{"href":"https:\/\/editoraplantasdobrasil.com.br\/loja-virtual\/wp-json\/wp\/v2\/product"}],"about":[{"href":"https:\/\/editoraplantasdobrasil.com.br\/loja-virtual\/wp-json\/wp\/v2\/types\/product"}],"wp:featuredmedia":[{"embeddable":true,"href":"https:\/\/editoraplantasdobrasil.com.br\/loja-virtual\/wp-json\/wp\/v2\/media\/13410"}],"wp:attachment":[{"href":"https:\/\/editoraplantasdobrasil.com.br\/loja-virtual\/wp-json\/wp\/v2\/media?parent=13424"}],"wp:term":[{"taxonomy":"product_brand","embeddable":true,"href":"https:\/\/editoraplantasdobrasil.com.br\/loja-virtual\/wp-json\/wp\/v2\/product_brand?post=13424"},{"taxonomy":"product_cat","embeddable":true,"href":"https:\/\/editoraplantasdobrasil.com.br\/loja-virtual\/wp-json\/wp\/v2\/product_cat?post=13424"},{"taxonomy":"product_tag","embeddable":true,"href":"https:\/\/editoraplantasdobrasil.com.br\/loja-virtual\/wp-json\/wp\/v2\/product_tag?post=13424"}],"curies":[{"name":"wp","href":"https:\/\/api.w.org\/{rel}","templated":true}]}}