{"id":631,"date":"2019-09-02T18:12:16","date_gmt":"2019-09-02T21:12:16","guid":{"rendered":"https:\/\/www.editoraplantasdobrasil.com.br\/loja-virtual\/?post_type=product&#038;p=631"},"modified":"2025-07-10T05:01:06","modified_gmt":"2025-07-10T08:01:06","slug":"plantas-do-brasil-arvores-nativas-vol-1","status":"publish","type":"product","link":"https:\/\/editoraplantasdobrasil.com.br\/loja-virtual\/product\/plantas-do-brasil-arvores-nativas-vol-1\/","title":{"rendered":"Plantas do Brasil &#8211; \u00c1rvores Nativas Vol.1"},"content":{"rendered":"","protected":false},"excerpt":{"rendered":"<p>Mais informa\u00e7\u00f5es em:<\/p>\n<p><a href=\"https:\/\/www.editoraplantasdobrasil.com.br\/loja-virtual\/plantas-do-brasil-arvores-nativas-vol-1\/\">https:\/\/www.editoraplantasdobrasil.com.br\/loja-virtual\/plantas-do-brasil-arvores-nativas-vol-1\/<\/a><\/p>\n","protected":false},"featured_media":632,"template":"","meta":{"content-type":"","_exactmetrics_skip_tracking":false,"_exactmetrics_sitenote_active":false,"_exactmetrics_sitenote_note":"","_exactmetrics_sitenote_category":0},"product_brand":[],"product_cat":[18],"product_tag":[],"class_list":{"0":"post-631","1":"product","2":"type-product","3":"status-publish","4":"has-post-thumbnail","6":"product_cat-uncategorized","8":"first","9":"instock","10":"virtual","11":"purchasable","12":"product-type-simple"},"_links":{"self":[{"href":"https:\/\/editoraplantasdobrasil.com.br\/loja-virtual\/wp-json\/wp\/v2\/product\/631","targetHints":{"allow":["GET"]}}],"collection":[{"href":"https:\/\/editoraplantasdobrasil.com.br\/loja-virtual\/wp-json\/wp\/v2\/product"}],"about":[{"href":"https:\/\/editoraplantasdobrasil.com.br\/loja-virtual\/wp-json\/wp\/v2\/types\/product"}],"wp:featuredmedia":[{"embeddable":true,"href":"https:\/\/editoraplantasdobrasil.com.br\/loja-virtual\/wp-json\/wp\/v2\/media\/632"}],"wp:attachment":[{"href":"https:\/\/editoraplantasdobrasil.com.br\/loja-virtual\/wp-json\/wp\/v2\/media?parent=631"}],"wp:term":[{"taxonomy":"product_brand","embeddable":true,"href":"https:\/\/editoraplantasdobrasil.com.br\/loja-virtual\/wp-json\/wp\/v2\/product_brand?post=631"},{"taxonomy":"product_cat","embeddable":true,"href":"https:\/\/editoraplantasdobrasil.com.br\/loja-virtual\/wp-json\/wp\/v2\/product_cat?post=631"},{"taxonomy":"product_tag","embeddable":true,"href":"https:\/\/editoraplantasdobrasil.com.br\/loja-virtual\/wp-json\/wp\/v2\/product_tag?post=631"}],"curies":[{"name":"wp","href":"https:\/\/api.w.org\/{rel}","templated":true}]}}